{"id":26061,"date":"2022-06-19T21:15:43","date_gmt":"2022-06-19T19:15:43","guid":{"rendered":"https:\/\/baturina-homewear.com\/ueber-uns\/"},"modified":"2025-07-30T22:37:46","modified_gmt":"2025-07-30T20:37:46","slug":"ueber-uns","status":"publish","type":"page","link":"https:\/\/baturina-homewear.com\/de\/ueber-die-marke\/ueber-uns\/","title":{"rendered":"\u00dcber uns"},"content":{"rendered":"\t\t<div data-elementor-type=\"wp-page\" data-elementor-id=\"26061\" class=\"elementor elementor-26061 elementor-14521\" data-elementor-post-type=\"page\">\n\t\t\t\t<div class=\"wd-negative-gap elementor-element elementor-element-97a85a9 e-flex e-con-boxed e-con e-parent\" data-id=\"97a85a9\" data-element_type=\"container\" data-e-type=\"container\">\n\t\t\t\t\t<div class=\"e-con-inner\">\n\t\t\t\t<div class=\"elementor-element elementor-element-c4a0f52 elementor-widget elementor-widget-heading\" data-id=\"c4a0f52\" data-element_type=\"widget\" data-e-type=\"widget\" data-widget_type=\"heading.default\">\n\t\t\t\t<div class=\"elementor-widget-container\">\n\t\t\t\t\t<h2 class=\"elementor-heading-title elementor-size-default\">Unsere Geschichte<\/h2>\t\t\t\t<\/div>\n\t\t\t\t<\/div>\n\t\t\t\t<div class=\"elementor-element elementor-element-672dd19 color-scheme-inherit text-left elementor-widget elementor-widget-text-editor\" data-id=\"672dd19\" data-element_type=\"widget\" data-e-type=\"widget\" data-widget_type=\"text-editor.default\">\n\t\t\t\t<div class=\"elementor-widget-container\">\n\t\t\t\t\t\t\t\t\t<p>Baturina Homewear ist ein familiengef\u00fchrtes Bekleidungslabel mit Sitz in Hamburg, das sich auf hochwertige Hausm\u00e4ntel, Morgenm\u00e4ntel und Pyjamas spezialisiert hat &#8211; allesamt individuell handgefertigt und mit einem hohen Ma\u00df an Wertsch\u00e4tzung f\u00fcr Tradition, Qualit\u00e4t und pers\u00f6nlichen Stil.<\/p><p>Die Marke wurde 2019 von Natalia und Anna Tishchenko gegr\u00fcndet, einem Mutter-Tochter-Team, das die Liebe zu zeitloser Kleidung und Handwerkskunst teilt. Was als kleine Kollektion einzigartiger Hausm\u00e4ntel begann, hat sich zu einem internationalen Label entwickelt, das f\u00fcr seine elegante \u00c4sthetik, die hervorragende Kundenbetreuung und die seltene Liebe zum Detail bekannt ist. <\/p>\t\t\t\t\t\t\t\t<\/div>\n\t\t\t\t<\/div>\n\t\t<div class=\"elementor-element elementor-element-84acc77 e-con-full e-flex e-con e-child\" data-id=\"84acc77\" data-element_type=\"container\" data-e-type=\"container\">\n\t\t\t\t<div class=\"elementor-element elementor-element-7585905 elementor-widget elementor-widget-image\" data-id=\"7585905\" data-element_type=\"widget\" data-e-type=\"widget\" data-widget_type=\"image.default\">\n\t\t\t\t<div class=\"elementor-widget-container\">\n\t\t\t\t\t\t\t\t\t\t\t\t\t\t\t<img decoding=\"async\" width=\"800\" height=\"1000\" src=\"https:\/\/baturina-homewear.com\/wp-content\/uploads\/2025\/07\/baturina-team.jpg\" class=\"attachment-large size-large wp-image-73883\" alt=\", Dressing Gowns and Pajamas by Baturina Homewear\" srcset=\"https:\/\/baturina-homewear.com\/wp-content\/uploads\/2025\/07\/baturina-team.jpg 800w, https:\/\/baturina-homewear.com\/wp-content\/uploads\/2025\/07\/baturina-team-240x300.jpg 240w, https:\/\/baturina-homewear.com\/wp-content\/uploads\/2025\/07\/baturina-team-768x960.jpg 768w, https:\/\/baturina-homewear.com\/wp-content\/uploads\/2025\/07\/baturina-team-670x838.jpg 670w, https:\/\/baturina-homewear.com\/wp-content\/uploads\/2025\/07\/baturina-team-150x188.jpg 150w\" sizes=\"(max-width: 800px) 100vw, 800px\" title=\"\">\t\t\t\t\t\t\t\t\t\t\t\t\t\t\t<\/div>\n\t\t\t\t<\/div>\n\t\t\t\t<div class=\"elementor-element elementor-element-8baef2f elementor-widget__width-initial color-scheme-inherit text-left elementor-widget elementor-widget-text-editor\" data-id=\"8baef2f\" data-element_type=\"widget\" data-e-type=\"widget\" data-widget_type=\"text-editor.default\">\n\t\t\t\t<div class=\"elementor-widget-container\">\n\t\t\t\t\t\t\t\t\t<h2 style=\"text-align: center;\">Ein kleines Team mit einem klaren Ziel<\/h2><p>Wir sind ein kleines, gut eingespieltes Team, das jeden Tag Seite an Seite arbeitet, um ganz besondere Kleidungsst\u00fccke f\u00fcr Menschen auf der ganzen Welt zu entwerfen.<\/p><p><strong>Natalia ist die technische Expertin<\/strong> in unserem Atelier. Sie schneidet jedes Kleidungsst\u00fcck mit Pr\u00e4zision von Hand zu &#8211; ein Prozess, der die Grundlage f\u00fcr die perfekte Passform und Haptik legt. <\/p><p><strong>Unsere beiden N\u00e4herinnen, Olga und Irina,<\/strong> n\u00e4hen die Kleidungsst\u00fccke von Anfang bis Ende selbst. Es gibt kein &#8222;Flie\u00dfbandarbeit&#8220;. Jedes St\u00fcck wird von einem einzigen Paar geschickter H\u00e4nde mit Sorgfalt und Aufmerksamkeit f\u00fcr jedes Detail hergestellt.  <\/p><p><strong>Anna, Mitbegr\u00fcnderin und Gesch\u00e4ftsf\u00fchrerin,<\/strong> k\u00fcmmert sich pers\u00f6nlich um den Kundenservice, beantwortet jede Anfrage und verwaltet die Auftr\u00e4ge mit Geduld und Professionalit\u00e4t &#8211; immer mit einem offenen Ohr f\u00fcr individuelle Bed\u00fcrfnisse.<\/p>\t\t\t\t\t\t\t\t<\/div>\n\t\t\t\t<\/div>\n\t\t\t\t<\/div>\n\t\t\t\t<div class=\"elementor-element elementor-element-0e21c7f color-scheme-inherit text-left elementor-widget elementor-widget-text-editor\" data-id=\"0e21c7f\" data-element_type=\"widget\" data-e-type=\"widget\" data-widget_type=\"text-editor.default\">\n\t\t\t\t<div class=\"elementor-widget-container\">\n\t\t\t\t\t\t\t\t\t<p>Jedes St\u00fcck, das wir herstellen, ist stolz Made in Germany &#8211; in unserem eigenen Atelier in Hamburg. Im Gegensatz zu den meisten modernen Marken lassen wir keinen Teil unserer Produktion auslagern. Vom Stoffzuschnitt bis zum letzten Stich wird alles im Haus von einem kleinen, engagierten Team erledigt. Unsere beiden N\u00e4herinnen, Olga und Irina, und unsere Mitbegr\u00fcnderin Natalia haben jeweils \u00fcber 30 Jahre Erfahrung in der Schneiderei. Ihr kombiniertes Wissen und ihre Erfahrung sind die Grundlage f\u00fcr alles, was wir kreieren.    <\/p><p>Jeder Artikel &#8211; ob Morgenmantel aus Baumwolle, Morgenmantel aus Samt oder gestepptes Pyjama-Set &#8211; wird auf Bestellung gefertigt, ein St\u00fcck nach dem anderen. Diese langsame, durchdachte Herangehensweise erm\u00f6glicht es uns, individuelle W\u00fcnsche, Sondergr\u00f6\u00dfen und ma\u00dfgeschneiderte Designs zu erf\u00fcllen und gleichzeitig das h\u00f6chste Niveau der Handwerkskunst zu wahren. Wir sind der Meinung, dass Kleidung pers\u00f6nlich, gut sitzend und langlebig sein sollte &#8211; und nicht massenproduziert.  <\/p><p>Unsere St\u00fccke werden in H\u00e4usern von New York bis Tokio, von London bis Sydney getragen &#8211; von Menschen, die den Wert von etwas sch\u00e4tzen, das langsam, mit Sorgfalt und Charakter hergestellt wird.<\/p><p>Wir bei Baturina Homewear sind stolz darauf, zu den wenigen verbliebenen Ateliers in Europa zu geh\u00f6ren, die jeden Tag von Grund auf, von Hand und mit Herz Kleidungsst\u00fccke herstellen.<\/p>\t\t\t\t\t\t\t\t<\/div>\n\t\t\t\t<\/div>\n\t\t\t\t<div class=\"elementor-element elementor-element-cdcd235 wd-width-100 elementor-widget elementor-widget-wd_images_gallery\" data-id=\"cdcd235\" data-element_type=\"widget\" data-e-type=\"widget\" data-widget_type=\"wd_images_gallery.default\">\n\t\t\t\t<div class=\"elementor-widget-container\">\n\t\t\t\t\t\t\t<div class=\"wd-images-gallery photoswipe-images\" style=\"--wd-align-items:center; --wd-justify-content:center;\">\n\t\t\t\t\t\t<div class=\"wd-grid-g\" style=\"--wd-col-lg:4;--wd-col-md:4;--wd-col-sm:1;--wd-gap-lg:10px;\" >\n\t\t\t\t\t\t\t\t\t\t\t\t\t\t\t\t\t\t<div class=\"wd-gallery-item wd-col\">\n\t\t\t\t\t\t\t\t\t\t\t\t\t<a  href=\"https:\/\/baturina-homewear.com\/wp-content\/uploads\/2025\/06\/ingredients-blue-floral-robe.jpg\" data-width=\"800\" data-height=\"1200\" data-index=\"1\" data-elementor-open-lightbox=\"no\">\n\t\t\t\t\t\t\n\t\t\t\t\t\t<img decoding=\"async\" width=\"683\" height=\"1024\" src=\"https:\/\/baturina-homewear.com\/wp-content\/uploads\/2025\/06\/ingredients-blue-floral-robe-683x1024.jpg\" class=\"attachment-large size-large\" alt=\"ingredients-blue-floral-robe\" srcset=\"https:\/\/baturina-homewear.com\/wp-content\/uploads\/2025\/06\/ingredients-blue-floral-robe-683x1024.jpg 683w, https:\/\/baturina-homewear.com\/wp-content\/uploads\/2025\/06\/ingredients-blue-floral-robe-200x300.jpg 200w, https:\/\/baturina-homewear.com\/wp-content\/uploads\/2025\/06\/ingredients-blue-floral-robe-768x1152.jpg 768w, https:\/\/baturina-homewear.com\/wp-content\/uploads\/2025\/06\/ingredients-blue-floral-robe-370x555.jpg 370w, https:\/\/baturina-homewear.com\/wp-content\/uploads\/2025\/06\/ingredients-blue-floral-robe-670x1005.jpg 670w, https:\/\/baturina-homewear.com\/wp-content\/uploads\/2025\/06\/ingredients-blue-floral-robe-150x225.jpg 150w, https:\/\/baturina-homewear.com\/wp-content\/uploads\/2025\/06\/ingredients-blue-floral-robe.jpg 800w\" sizes=\"(max-width: 683px) 100vw, 683px\" title=\"\">\n\t\t\t\t\t\t\t\t\t\t\t\t\t<\/a>\n\t\t\t\t\t\t\t\t\t\t\t<\/div>\n\t\t\t\t\t\t\t\t\t\t\t\t\t\t\t<div class=\"wd-gallery-item wd-col\">\n\t\t\t\t\t\t\t\t\t\t\t\t\t<a  href=\"https:\/\/baturina-homewear.com\/wp-content\/uploads\/2024\/09\/behind-the-scenes-gunther-krabbenhoft.jpg\" data-width=\"800\" data-height=\"1200\" data-index=\"2\" data-elementor-open-lightbox=\"no\">\n\t\t\t\t\t\t\n\t\t\t\t\t\t<img decoding=\"async\" width=\"683\" height=\"1024\" src=\"https:\/\/baturina-homewear.com\/wp-content\/uploads\/2024\/09\/behind-the-scenes-gunther-krabbenhoft-683x1024.jpg\" class=\"attachment-large size-large\" alt=\"behind-the-scenes-gunther-krabbenhoft\" srcset=\"https:\/\/baturina-homewear.com\/wp-content\/uploads\/2024\/09\/behind-the-scenes-gunther-krabbenhoft-683x1024.jpg 683w, https:\/\/baturina-homewear.com\/wp-content\/uploads\/2024\/09\/behind-the-scenes-gunther-krabbenhoft-200x300.jpg 200w, https:\/\/baturina-homewear.com\/wp-content\/uploads\/2024\/09\/behind-the-scenes-gunther-krabbenhoft-768x1152.jpg 768w, https:\/\/baturina-homewear.com\/wp-content\/uploads\/2024\/09\/behind-the-scenes-gunther-krabbenhoft-370x555.jpg 370w, https:\/\/baturina-homewear.com\/wp-content\/uploads\/2024\/09\/behind-the-scenes-gunther-krabbenhoft-670x1005.jpg 670w, https:\/\/baturina-homewear.com\/wp-content\/uploads\/2024\/09\/behind-the-scenes-gunther-krabbenhoft-150x225.jpg 150w, https:\/\/baturina-homewear.com\/wp-content\/uploads\/2024\/09\/behind-the-scenes-gunther-krabbenhoft.jpg 800w\" sizes=\"(max-width: 683px) 100vw, 683px\" title=\"\">\n\t\t\t\t\t\t\t\t\t\t\t\t\t<\/a>\n\t\t\t\t\t\t\t\t\t\t\t<\/div>\n\t\t\t\t\t\t\t\t\t\t\t\t\t\t\t<div class=\"wd-gallery-item wd-col\">\n\t\t\t\t\t\t\t\t\t\t\t\t\t<a  href=\"https:\/\/baturina-homewear.com\/wp-content\/uploads\/2025\/01\/wool-robe6.jpg\" data-width=\"800\" data-height=\"1200\" data-index=\"3\" data-elementor-open-lightbox=\"no\">\n\t\t\t\t\t\t\n\t\t\t\t\t\t<img decoding=\"async\" width=\"683\" height=\"1024\" src=\"https:\/\/baturina-homewear.com\/wp-content\/uploads\/2025\/01\/wool-robe6-683x1024.jpg\" class=\"attachment-large size-large\" alt=\"wool-robe6\" srcset=\"https:\/\/baturina-homewear.com\/wp-content\/uploads\/2025\/01\/wool-robe6-683x1024.jpg 683w, https:\/\/baturina-homewear.com\/wp-content\/uploads\/2025\/01\/wool-robe6-200x300.jpg 200w, https:\/\/baturina-homewear.com\/wp-content\/uploads\/2025\/01\/wool-robe6-768x1152.jpg 768w, https:\/\/baturina-homewear.com\/wp-content\/uploads\/2025\/01\/wool-robe6-370x555.jpg 370w, https:\/\/baturina-homewear.com\/wp-content\/uploads\/2025\/01\/wool-robe6-670x1005.jpg 670w, https:\/\/baturina-homewear.com\/wp-content\/uploads\/2025\/01\/wool-robe6-150x225.jpg 150w, https:\/\/baturina-homewear.com\/wp-content\/uploads\/2025\/01\/wool-robe6.jpg 800w\" sizes=\"(max-width: 683px) 100vw, 683px\" title=\"\">\n\t\t\t\t\t\t\t\t\t\t\t\t\t<\/a>\n\t\t\t\t\t\t\t\t\t\t\t<\/div>\n\t\t\t\t\t\t\t\t\t\t\t\t\t\t\t<div class=\"wd-gallery-item wd-col\">\n\t\t\t\t\t\t\t\t\t\t\t\t\t<a  href=\"https:\/\/baturina-homewear.com\/wp-content\/uploads\/2025\/06\/ingredients-blue-floral-robe.jpg\" data-width=\"800\" data-height=\"1200\" data-index=\"4\" data-elementor-open-lightbox=\"no\">\n\t\t\t\t\t\t\n\t\t\t\t\t\t<img decoding=\"async\" width=\"683\" height=\"1024\" src=\"https:\/\/baturina-homewear.com\/wp-content\/uploads\/2025\/06\/ingredients-blue-floral-robe-683x1024.jpg\" class=\"attachment-large size-large\" alt=\"ingredients-blue-floral-robe\" srcset=\"https:\/\/baturina-homewear.com\/wp-content\/uploads\/2025\/06\/ingredients-blue-floral-robe-683x1024.jpg 683w, https:\/\/baturina-homewear.com\/wp-content\/uploads\/2025\/06\/ingredients-blue-floral-robe-200x300.jpg 200w, https:\/\/baturina-homewear.com\/wp-content\/uploads\/2025\/06\/ingredients-blue-floral-robe-768x1152.jpg 768w, https:\/\/baturina-homewear.com\/wp-content\/uploads\/2025\/06\/ingredients-blue-floral-robe-370x555.jpg 370w, https:\/\/baturina-homewear.com\/wp-content\/uploads\/2025\/06\/ingredients-blue-floral-robe-670x1005.jpg 670w, https:\/\/baturina-homewear.com\/wp-content\/uploads\/2025\/06\/ingredients-blue-floral-robe-150x225.jpg 150w, https:\/\/baturina-homewear.com\/wp-content\/uploads\/2025\/06\/ingredients-blue-floral-robe.jpg 800w\" sizes=\"(max-width: 683px) 100vw, 683px\" title=\"\">\n\t\t\t\t\t\t\t\t\t\t\t\t\t<\/a>\n\t\t\t\t\t\t\t\t\t\t\t<\/div>\n\t\t\t\t\t\t\t\t\t\t\t\t\t<\/div>\n\t\t\t\t\t<\/div>\n\t\t\t\t\t\t<\/div>\n\t\t\t\t<\/div>\n\t\t\t\t<div class=\"elementor-element elementor-element-efad870 color-scheme-inherit text-left elementor-widget elementor-widget-text-editor\" data-id=\"efad870\" data-element_type=\"widget\" data-e-type=\"widget\" data-widget_type=\"text-editor.default\">\n\t\t\t\t<div class=\"elementor-widget-container\">\n\t\t\t\t\t\t\t\t\t<h2 style=\"text-align: center;\">Wie alles anfing<\/h2><p>Die Geschichte von Baturina Homewear begann mit einer einfachen, von Herzen kommenden Absicht: einen eleganten Morgenmantel als Geschenk zu finden. Als Natalia Tishchenko einen Morgenmantel f\u00fcr ihre Gro\u00dfmutter kaufen wollte, war sie \u00fcberrascht, wie schwierig es war, etwas wirklich Raffiniertes zu finden &#8211; einen Morgenmantel, der sowohl klassisch als auch luxuri\u00f6s ist. <\/p><p>Frustriert \u00fcber den Mangel an eleganten Optionen, besann sie sich auf ihre Wurzeln im N\u00e4hen. Als talentierte N\u00e4herin mit \u00fcber 30 Jahren Erfahrung stie\u00df Natalia auf alte Morgenmantel-Muster und ein N\u00e4hbuch aus den 1950er Jahren mit zeitlosen Loungewear Designs f\u00fcr Herren und Damen. Inspiriert von diesen anmutigen Silhouetten begann sie, selbst Morgenm\u00e4ntel zu n\u00e4hen &#8211; zun\u00e4chst als pers\u00f6nliche Geschenke f\u00fcr Familie und Freunde, jeder einzelne mit Sorgfalt, Charme und Handwerkskunst handgefertigt.  <\/p><p>Zu dieser Zeit war Natalia in ihrer Hamburger Nachbarschaft f\u00fcr ihre lokalen Schneiderarbeiten bekannt. Aber es war ihre Tochter Anna, die das Potenzial sah, diese sch\u00f6nen St\u00fccke weiter zu entwickeln. Sie schlug vor, die Morgenm\u00e4ntel online zu teilen &#8211; und zu ihrer \u00dcberraschung war die Reaktion sofort und enthusiastisch.  <\/p><p>Schon bald entdeckten sie eine wachsende Gemeinschaft von Morgenmantel-Liebhabern aus der ganzen Welt &#8211; Menschen, die die Kunst der langsamen Mode und den Komfort von hochwertiger Homewear zu sch\u00e4tzen wussten. Mit jeder Bestellung und jedem neuen Kunden verfeinerten Natalia und Anna ihre Designs und lie\u00dfen sich dabei von den R\u00fcckmeldungen aus dem echten Leben und den einzigartigen W\u00fcnschen jedes Kunden leiten. <\/p><p>Mit der Zeit erkannten sie etwas Wesentliches: Ein Morgenmantel ist ein sehr pers\u00f6nliches Kleidungsst\u00fcck. Es geht nicht nur darum, wie er aussieht &#8211; es geht darum, wie er sich anf\u00fchlt, passt und mit dem Tr\u00e4ger lebt. Diese Erkenntnis pr\u00e4gte das Fundament der Marke.  <\/p><p>Vom ersten Tag an hat sich Baturina Homewear der Auftragsfertigung verschrieben. Jeder Morgenmantel wird in ihrem Hamburger Atelier individuell gefertigt &#8211; vom Schnitt bis zum N\u00e4hen &#8211; ohne Outsourcing, ohne Massenproduktion und ohne Kompromisse. Was als Geschenk begann, ist zu einer Marke geworden, die auf Tradition, Handwerkskunst und einer Leidenschaft f\u00fcr Morgenm\u00e4ntel, die etwas bedeuten, aufgebaut ist.  <\/p>\t\t\t\t\t\t\t\t<\/div>\n\t\t\t\t<\/div>\n\t\t\t\t\t<\/div>\n\t\t\t\t<\/div>\n\t\t\t\t<\/div>\n\t\t","protected":false},"excerpt":{"rendered":"<p>Unsere Geschichte Baturina Homewear ist ein familiengef\u00fchrtes Bekleidungslabel mit Sitz in Hamburg, das sich auf hochwertige Hausm\u00e4ntel, Morgenm\u00e4ntel und Pyjamas<\/p>\n","protected":false},"author":1,"featured_media":65990,"parent":73980,"menu_order":0,"comment_status":"closed","ping_status":"closed","template":"","meta":{"footnotes":""},"class_list":["post-26061","page","type-page","status-publish","has-post-thumbnail","hentry"],"_links":{"self":[{"href":"https:\/\/baturina-homewear.com\/de\/wp-json\/wp\/v2\/pages\/26061","targetHints":{"allow":["GET"]}}],"collection":[{"href":"https:\/\/baturina-homewear.com\/de\/wp-json\/wp\/v2\/pages"}],"about":[{"href":"https:\/\/baturina-homewear.com\/de\/wp-json\/wp\/v2\/types\/page"}],"author":[{"embeddable":true,"href":"https:\/\/baturina-homewear.com\/de\/wp-json\/wp\/v2\/users\/1"}],"replies":[{"embeddable":true,"href":"https:\/\/baturina-homewear.com\/de\/wp-json\/wp\/v2\/comments?post=26061"}],"version-history":[{"count":2,"href":"https:\/\/baturina-homewear.com\/de\/wp-json\/wp\/v2\/pages\/26061\/revisions"}],"predecessor-version":[{"id":74007,"href":"https:\/\/baturina-homewear.com\/de\/wp-json\/wp\/v2\/pages\/26061\/revisions\/74007"}],"up":[{"embeddable":true,"href":"https:\/\/baturina-homewear.com\/de\/wp-json\/wp\/v2\/pages\/73980"}],"wp:featuredmedia":[{"embeddable":true,"href":"https:\/\/baturina-homewear.com\/de\/wp-json\/wp\/v2\/media\/65990"}],"wp:attachment":[{"href":"https:\/\/baturina-homewear.com\/de\/wp-json\/wp\/v2\/media?parent=26061"}],"curies":[{"name":"wp","href":"https:\/\/api.w.org\/{rel}","templated":true}]}}