{"id":26979,"date":"2022-04-14T16:25:01","date_gmt":"2022-04-14T14:25:01","guid":{"rendered":"https:\/\/baturina-homewear.com\/impressum\/"},"modified":"2024-10-22T12:01:04","modified_gmt":"2024-10-22T10:01:04","slug":"impressum","status":"publish","type":"page","link":"https:\/\/baturina-homewear.com\/de\/impressum\/","title":{"rendered":"Impressum"},"content":{"rendered":"\t\t<div data-elementor-type=\"wp-page\" data-elementor-id=\"26979\" class=\"elementor elementor-26979 elementor-12145\" data-elementor-post-type=\"page\">\n\t\t\t\t\t\t<section class=\"wd-negative-gap elementor-section elementor-top-section elementor-element elementor-element-5268de8 elementor-section-boxed elementor-section-height-default elementor-section-height-default\" data-id=\"5268de8\" data-element_type=\"section\" data-e-type=\"section\">\n\t\t\t\t\t\t<div class=\"elementor-container elementor-column-gap-default\">\n\t\t\t\t\t<div class=\"elementor-column elementor-col-100 elementor-top-column elementor-element elementor-element-38fefba\" data-id=\"38fefba\" data-element_type=\"column\" data-e-type=\"column\">\n\t\t\t<div class=\"elementor-widget-wrap elementor-element-populated\">\n\t\t\t\t\t\t<div class=\"elementor-element elementor-element-378af0b color-scheme-inherit text-left elementor-widget elementor-widget-text-editor\" data-id=\"378af0b\" data-element_type=\"widget\" data-e-type=\"widget\" data-widget_type=\"text-editor.default\">\n\t\t\t\t<div class=\"elementor-widget-container\">\n\t\t\t\t\t\t\t\t\t<h5>Rechtliche Offenlegung<\/h5>\n<p>Informationen gem\u00e4\u00df \u00a7 5 TMG<br \/>Baturina GmbH<br \/>Theodorstrasse 42 &#8211; 90<br \/>Westend Village, Haus 2, Loft Nr. 24<br \/>22761 Hamburg<br \/>Deutschland<\/p>\n<p> Vertreten durch<br \/>Anna Tishchenko<\/p>\n<p>Kontaktinformationen<br \/>E-Mail: info [at] baturina-homewear.com<br \/>Internetadresse: www.baturina-homewear.com<\/p>\n<p>Registereintrag<br \/>Eintrag in: Handelsregister<br \/>Registernummer: 156221<br \/>Registergericht: Amtsgericht Hamburg<\/p>\n<p>Umsatzsteuer-Identifikationsnummer<br \/>DE324023252<\/p>\n<h5>Haftungsausschluss<\/h5>\n<p>Verantwortlichkeit f\u00fcr den Inhalt<br \/>Die Inhalte unserer Seiten wurden mit gr\u00f6\u00dfter Sorgfalt erstellt. F\u00fcr die Richtigkeit, Vollst\u00e4ndigkeit und Aktualit\u00e4t der Inhalte k\u00f6nnen wir jedoch keine Gew\u00e4hr \u00fcbernehmen. Gem\u00e4\u00df den gesetzlichen Bestimmungen sind wir dar\u00fcber hinaus f\u00fcr eigene Inhalte auf diesen Seiten verantwortlich. Wir weisen in diesem Zusammenhang darauf hin, dass wir nicht verpflichtet sind, \u00fcbermittelte oder gespeicherte Informationen Dritter zu \u00fcberwachen oder nach Umst\u00e4nden zu forschen, die auf eine rechtswidrige T\u00e4tigkeit hinweisen. Verpflichtungen zur Entfernung oder Sperrung der Nutzung von Informationen nach den allgemeinen Gesetzen bleiben nach den \u00a7\u00a7 8 bis 10 TMG hiervon unber\u00fchrt.<\/p>\n<p><span style=\"text-decoration: underline;\"><strong>Verantwortlichkeit f\u00fcr Links<\/strong><\/span><br \/>F\u00fcr den Inhalt externer Links (zu Webseiten Dritter) sind ausschlie\u00dflich die Betreiber der verlinkten Seiten verantwortlich. Zum Zeitpunkt der Verlinkung waren f\u00fcr uns keine Verst\u00f6\u00dfe erkennbar. Bei Bekanntwerden von Rechtsverletzungen werden wir derartige Links umgehend entfernen.<\/p>\n<p><span style=\"text-decoration: underline;\"><strong>Urheberrecht<\/strong><\/span><br \/>Unsere Webseiten und deren Inhalte unterliegen dem deutschen Urheberrecht. Jede Form der Verwertung, Vervielf\u00e4ltigung oder Bearbeitung von urheberrechtlich gesch\u00fctzten Werken auf unseren Webseiten bedarf, soweit nicht ausdr\u00fccklich gesetzlich gestattet, der vorherigen Zustimmung des jeweiligen Rechteinhabers. Einzelne Vervielf\u00e4ltigungen eines Werkes sind nur f\u00fcr den privaten Gebrauch erlaubt. Das Material auf diesen Seiten ist urheberrechtlich gesch\u00fctzt, und jede nicht genehmigte Verwendung kann gegen das Urheberrecht versto\u00dfen.<\/p>\n\t\t\t\t\t\t\t\t<\/div>\n\t\t\t\t<\/div>\n\t\t\t\t\t<\/div>\n\t\t<\/div>\n\t\t\t\t\t<\/div>\n\t\t<\/section>\n\t\t\t\t<\/div>\n\t\t","protected":false},"excerpt":{"rendered":"<p>Rechtliche Offenlegung Informationen gem\u00e4\u00df \u00a7 5 TMGBaturina GmbHTheodorstrasse 42 &#8211; 90Westend Village, Haus 2, Loft Nr. 2422761 HamburgDeutschland Vertreten durchAnna<\/p>\n","protected":false},"author":1,"featured_media":0,"parent":0,"menu_order":0,"comment_status":"closed","ping_status":"closed","template":"","meta":{"footnotes":""},"class_list":["post-26979","page","type-page","status-publish","hentry"],"_links":{"self":[{"href":"https:\/\/baturina-homewear.com\/de\/wp-json\/wp\/v2\/pages\/26979","targetHints":{"allow":["GET"]}}],"collection":[{"href":"https:\/\/baturina-homewear.com\/de\/wp-json\/wp\/v2\/pages"}],"about":[{"href":"https:\/\/baturina-homewear.com\/de\/wp-json\/wp\/v2\/types\/page"}],"author":[{"embeddable":true,"href":"https:\/\/baturina-homewear.com\/de\/wp-json\/wp\/v2\/users\/1"}],"replies":[{"embeddable":true,"href":"https:\/\/baturina-homewear.com\/de\/wp-json\/wp\/v2\/comments?post=26979"}],"version-history":[{"count":6,"href":"https:\/\/baturina-homewear.com\/de\/wp-json\/wp\/v2\/pages\/26979\/revisions"}],"predecessor-version":[{"id":61840,"href":"https:\/\/baturina-homewear.com\/de\/wp-json\/wp\/v2\/pages\/26979\/revisions\/61840"}],"wp:attachment":[{"href":"https:\/\/baturina-homewear.com\/de\/wp-json\/wp\/v2\/media?parent=26979"}],"curies":[{"name":"wp","href":"https:\/\/api.w.org\/{rel}","templated":true}]}}