{"id":30450,"date":"2022-04-14T16:25:54","date_gmt":"2022-04-14T14:25:54","guid":{"rendered":"https:\/\/baturina-homewear.com\/versand\/"},"modified":"2025-11-28T16:20:31","modified_gmt":"2025-11-28T15:20:31","slug":"versand","status":"publish","type":"page","link":"https:\/\/baturina-homewear.com\/de\/kundenservice\/versand\/","title":{"rendered":"Versand"},"content":{"rendered":"\t\t<div data-elementor-type=\"wp-page\" data-elementor-id=\"30450\" class=\"elementor elementor-30450 elementor-12150\" data-elementor-post-type=\"page\">\n\t\t\t\t<div class=\"wd-negative-gap elementor-element elementor-element-9c49a87 e-flex e-con-boxed e-con e-parent\" data-id=\"9c49a87\" data-element_type=\"container\" data-e-type=\"container\">\n\t\t\t\t\t<div class=\"e-con-inner\">\n\t\t\t\t<div class=\"elementor-element elementor-element-16b90d8 text-center color-scheme-inherit elementor-widget elementor-widget-text-editor\" data-id=\"16b90d8\" data-element_type=\"widget\" data-e-type=\"widget\" data-widget_type=\"text-editor.default\">\n\t\t\t\t<div class=\"elementor-widget-container\">\n\t\t\t\t\t\t\t\t\t<p>Baturina Homewear ist in Hamburg, Deutschland, und alle Bestellungen werden von hier aus versandt.<\/p><p>Bitte beachten Sie, dass bei einer Anfertigung auf Bestellung zus\u00e4tzlich zum Versand eine zus\u00e4tzliche Wartezeit entsteht.<\/p>\t\t\t\t\t\t\t\t<\/div>\n\t\t\t\t<\/div>\n\t\t\t\t<div class=\"elementor-element elementor-element-86fa6df table-shipping elementor-widget elementor-widget-wd_table\" data-id=\"86fa6df\" data-element_type=\"widget\" data-e-type=\"widget\" data-widget_type=\"wd_table.default\">\n\t\t\t\t<div class=\"elementor-widget-container\">\n\t\t\t\t\t\t\t<div class=\"wd-el-table-wrap wd-reset-all-last\">\n\t\t\t<table class=\"wd-el-table\">\n\t\t\t\t\t\t\t\t\t<thead class=\"text-left\">\n\t\t\t\t\t\t\t\t\t\t\t\t\t\t\t\t\t\t\t\t\t\t\t\t\t\t\t\t\t\t<tr class=\"wd-table-row elementor-repeater-item-631f8d2\">\n\t\t\t\t\t\t\t\t\t\t\t\t\t\t\t\t\t\t\t\t\t\t\t\t\t\t\t\t\t\t\t\t\t\t\t\t<th class=\"wd-table-cell elementor-repeater-item-a68a1a7\" colspan=\"1\" rowspan=\"1\">\n\t\t\t\t\t\t\t\t\t<p>Reiseziel<\/p>\t\t\t\t\t\t\t\t<\/th>\n\t\t\t\t\t\t\t\t\t\t\t\t\t\t\t\t\t\t\t\t\t\t\t\t\t\t\t\t<th class=\"wd-table-cell elementor-repeater-item-e4fc3c2\" colspan=\"1\" rowspan=\"1\">\n\t\t\t\t\t\t\t\t\t<p>Versandzeit<\/p>\t\t\t\t\t\t\t\t<\/th>\n\t\t\t\t\t\t\t\t\t\t\t\t\t\t\t\t\t\t\t<\/tr>\n\t\t\t\t\t<\/thead>\n\t\t\t\t\n\t\t\t\t<tbody class=\"text-left\">\n\t\t\t\t\t\t\t\t\t\t\t\t\t\t\t\t\t\t\t\t\t\t\t\t\t\t<tr class=\"wd-table-row elementor-repeater-item-562cead\">\n\t\t\t\t\t\t\t\t\t\t\t\t\t\t\t\t\t\t\t\t\t\t\t\t\t\t\t\t\t\t\t\n\t\t\t\t\t\t\t<td class=\"wd-table-cell elementor-repeater-item-d6d9deb\" colspan=\"1\" rowspan=\"1\">\n\t\t\t\t\t\t\t\t<p>USA<\/p>\t\t\t\t\t\t\t<\/td>\n\t\t\t\t\t\t\t\t\t\t\t\t\t\t\t\t\t\t\t\t\t\t\t\t\n\t\t\t\t\t\t\t<td class=\"wd-table-cell elementor-repeater-item-f90cbef\" colspan=\"1\" rowspan=\"1\">\n\t\t\t\t\t\t\t\t<p>3 - 7 Tage<\/p>\t\t\t\t\t\t\t<\/td>\n\t\t\t\t\t\t\t\t\t\t\t\t\t\t\t\t\t\t\t\t\t\t\t\t\t\t\t\t\t\t\t\t<\/tr>\n\t\t\t\t\t\t\t\t<tr class=\"wd-table-row elementor-repeater-item-49df474\">\n\t\t\t\t\t\t\t\t\t\t\t\t\t\t\t\t\t\t\t\t\t\t\t\t\t\t\t\t\t\t\t\n\t\t\t\t\t\t\t<td class=\"wd-table-cell elementor-repeater-item-81f2128\" colspan=\"1\" rowspan=\"1\">\n\t\t\t\t\t\t\t\t<p>Kanada, Australien, Neuseeland<\/p>\t\t\t\t\t\t\t<\/td>\n\t\t\t\t\t\t\t\t\t\t\t\t\t\t\t\t\t\t\t\t\t\t\t\t\n\t\t\t\t\t\t\t<td class=\"wd-table-cell elementor-repeater-item-dcfe942\" colspan=\"1\" rowspan=\"1\">\n\t\t\t\t\t\t\t\t<p>5 - 10 Tage<\/p>\t\t\t\t\t\t\t<\/td>\n\t\t\t\t\t\t\t\t\t\t\t\t\t\t\t\t\t\t\t\t\t\t\t\t\t\t\t\t\t\t\t\t<\/tr>\n\t\t\t\t\t\t\t\t<tr class=\"wd-table-row elementor-repeater-item-3647b8c\">\n\t\t\t\t\t\t\t\t\t\t\t\t\t\t\t\t\t\t\t\t\t\t\t\t\t\t\t\t\t\t\t\n\t\t\t\t\t\t\t<td class=\"wd-table-cell elementor-repeater-item-55c71ea\" colspan=\"1\" rowspan=\"1\">\n\t\t\t\t\t\t\t\t<p>Europ\u00e4ische Union<\/p>\t\t\t\t\t\t\t<\/td>\n\t\t\t\t\t\t\t\t\t\t\t\t\t\t\t\t\t\t\t\t\t\t\t\t\n\t\t\t\t\t\t\t<td class=\"wd-table-cell elementor-repeater-item-783cb03\" colspan=\"1\" rowspan=\"1\">\n\t\t\t\t\t\t\t\t<p>2 - 4 Tage<\/p>\t\t\t\t\t\t\t<\/td>\n\t\t\t\t\t\t\t\t\t\t\t\t\t\t\t\t\t\t\t\t\t\t\t\t\t\t\t\t\t\t\t\t<\/tr>\n\t\t\t\t\t\t\t\t<tr class=\"wd-table-row elementor-repeater-item-a162887\">\n\t\t\t\t\t\t\t\t\t\t\t\t\t\t\t\t\t\t\t\t\t\t\t\t\t\t\t\t\t\t\t\n\t\t\t\t\t\t\t<td class=\"wd-table-cell elementor-repeater-item-d36252c\" colspan=\"1\" rowspan=\"1\">\n\t\t\t\t\t\t\t\t<p>Europa, Nicht-EU<\/p>\t\t\t\t\t\t\t<\/td>\n\t\t\t\t\t\t\t\t\t\t\t\t\t\t\t\t\t\t\t\t\t\t\t\t\n\t\t\t\t\t\t\t<td class=\"wd-table-cell elementor-repeater-item-5dbefe5\" colspan=\"1\" rowspan=\"1\">\n\t\t\t\t\t\t\t\t<p>2 - 4 Tage<\/p>\t\t\t\t\t\t\t<\/td>\n\t\t\t\t\t\t\t\t\t\t\t\t\t\t\t\t\t\t\t\t\t\t\t\t\t\t\t\t\t\t\t\t<\/tr>\n\t\t\t\t\t\t\t\t<tr class=\"wd-table-row elementor-repeater-item-7603641\">\n\t\t\t\t\t\t\t\t\t\t\t\t\t\t\t\t\t\t\t\t\t\t\t\t\t\t\t\t\t\t\t\n\t\t\t\t\t\t\t<td class=\"wd-table-cell elementor-repeater-item-bb41f63\" colspan=\"1\" rowspan=\"1\">\n\t\t\t\t\t\t\t\t<p>Deutschland<\/p>\t\t\t\t\t\t\t<\/td>\n\t\t\t\t\t\t\t\t\t\t\t\t\t\t\t\t\t\t\t\t\t\t\t\t\n\t\t\t\t\t\t\t<td class=\"wd-table-cell elementor-repeater-item-ccd9800\" colspan=\"1\" rowspan=\"1\">\n\t\t\t\t\t\t\t\t<p>2 - 3 Tage<\/p>\t\t\t\t\t\t\t<\/td>\n\t\t\t\t\t\t\t\t\t\t\t\t\t\t\t\t\t\t\t\t\t\t\t\t\t\t\t\t\t\t\t\t<\/tr>\n\t\t\t\t\t\t\t\t<tr class=\"wd-table-row elementor-repeater-item-7ef7ce1\">\n\t\t\t\t\t\t\t\t\t\t\t\t\t\t\t\t\t\t\t\t\t\t\t\t\t\t\t\t\t\t\t\n\t\t\t\t\t\t\t<td class=\"wd-table-cell elementor-repeater-item-4f419ff\" colspan=\"1\" rowspan=\"1\">\n\t\t\t\t\t\t\t\t<p>Deutschland Express Versand<\/p>\t\t\t\t\t\t\t<\/td>\n\t\t\t\t\t\t\t\t\t\t\t\t\t\t\t\t\t\t\t\t\t\t\t\t\n\t\t\t\t\t\t\t<td class=\"wd-table-cell elementor-repeater-item-da4279d\" colspan=\"1\" rowspan=\"1\">\n\t\t\t\t\t\t\t\t<p>1 Tag<\/p>\t\t\t\t\t\t\t<\/td>\n\t\t\t\t\t\t\t\t\t\t\t\t\t\t\t\t<\/tr>\n\t\t\t\t<\/tbody>\n\t\t\t<\/table>\n\t\t<\/div>\n\t\t\t\t\t\t<\/div>\n\t\t\t\t<\/div>\n\t\t\t\t<div class=\"elementor-element elementor-element-fe5f30d elementor-widget elementor-widget-heading\" data-id=\"fe5f30d\" data-element_type=\"widget\" data-e-type=\"widget\" data-widget_type=\"heading.default\">\n\t\t\t\t<div class=\"elementor-widget-container\">\n\t\t\t\t\t<h2 class=\"elementor-heading-title elementor-size-default\">Wichtige Informationen<\/h2>\t\t\t\t<\/div>\n\t\t\t\t<\/div>\n\t\t\t\t<div class=\"elementor-element elementor-element-6b43b62 color-scheme-inherit text-left elementor-widget elementor-widget-text-editor\" data-id=\"6b43b62\" data-element_type=\"widget\" data-e-type=\"widget\" data-widget_type=\"text-editor.default\">\n\t\t\t\t<div class=\"elementor-widget-container\">\n\t\t\t\t\t\t\t\t\t<p><strong>\u00c4ndern der Lieferadresse<\/strong><\/p><p>Die Lieferadresse kann nicht mehr ge\u00e4ndert werden, nachdem die Bestellung aufgegeben wurde. Wenn Sie bereits eine Bestellung aufgegeben haben und die Adresse \u00e4ndern m\u00f6chten, stornieren wir die Bestellung und Sie k\u00f6nnen eine neue Bestellung mit der neuen Adresse aufgeben. Wenn die Bestellung bereits versandt wurde, k\u00f6nnen Sie m\u00f6glicherweise eine Abholung am Servicepunkt vereinbaren oder die Bestellung \u00fcber den Spediteur an eine andere Adresse weiterleiten.<\/p><p><strong>Z\u00f6lle und Steuern<\/strong><\/p><p>Alle Bestellungen, die au\u00dferhalb der Europ\u00e4ischen Union aufgegeben werden, unterliegen den Steuern und Abgaben (einschlie\u00dflich der Mehrwertsteuer), die im Land des Wohnsitzes des Kunden erhoben werden. Baturina Homewear ist nicht verantwortlich f\u00fcr Pakete, die von internationalen Zollbeh\u00f6rden zur\u00fcckgehalten werden, und es liegt nicht in der Verantwortung von Baturina Homewear, den Kunden \u00fcber diese Beh\u00f6rden und ihre Ma\u00dfnahmen zu informieren. Bitte erkundigen Sie sich bei der Zollbeh\u00f6rde Ihres Landes nach den dortigen Verfahren und eventuellen Geb\u00fchren.<\/p>\t\t\t\t\t\t\t\t<\/div>\n\t\t\t\t<\/div>\n\t\t\t\t<div class=\"elementor-element elementor-element-9733643 elementor-widget elementor-widget-shortcode\" data-id=\"9733643\" data-element_type=\"widget\" data-e-type=\"widget\" data-widget_type=\"shortcode.default\">\n\t\t\t\t<div class=\"elementor-widget-container\">\n\t\t\t\t\t\t\t<div class=\"elementor-shortcode\">\t\t\t<link rel=\"stylesheet\" id=\"elementor-post-30448-css\" href=\"https:\/\/baturina-homewear.com\/wp-content\/uploads\/elementor\/css\/post-30448.css?ver=1775437476\" type=\"text\/css\" media=\"all\">\n\t\t\t\t\t<div data-elementor-type=\"wp-post\" data-elementor-id=\"30448\" class=\"elementor elementor-30448 elementor-30144 elementor-30144\" data-elementor-post-type=\"cms_block\">\n\t\t\t\t<div class=\"wd-negative-gap elementor-element elementor-element-95c1468 e-flex e-con-boxed e-con e-parent\" data-id=\"95c1468\" data-element_type=\"container\" data-e-type=\"container\">\n\t\t\t\t\t<div class=\"e-con-inner\">\n\t\t\t\t<div class=\"elementor-element elementor-element-315c067 elementor-widget elementor-widget-heading\" data-id=\"315c067\" data-element_type=\"widget\" data-e-type=\"widget\" data-widget_type=\"heading.default\">\n\t\t\t\t<div class=\"elementor-widget-container\">\n\t\t\t\t\t<h3 class=\"elementor-heading-title elementor-size-default\">Hilfreiche Links<\/h3>\t\t\t\t<\/div>\n\t\t\t\t<\/div>\n\t\t\t\t<div class=\"elementor-element elementor-element-66fab26 elementor-widget elementor-widget-wd_mega_menu\" data-id=\"66fab26\" data-element_type=\"widget\" data-e-type=\"widget\" data-widget_type=\"wd_mega_menu.default\">\n\t\t\t\t<div class=\"elementor-widget-container\">\n\t\t\t\t\t\t\t<div class=\"wd-menu widget_nav_mega_menu wd-nav-wrapper text-left\">\n\t\t\t\t\t\t<ul id=\"menu-kundenservice-menu\" class=\"menu wd-nav wd-nav-horizontal wd-style-bg wd-gap-l\"><li id=\"menu-item-48469\" class=\"menu-item menu-item-type-post_type menu-item-object-page menu-item-48469 item-level-0 menu-simple-dropdown wd-event-hover\" ><a href=\"https:\/\/baturina-homewear.com\/de\/kundenservice\/kontakt\/\" class=\"woodmart-nav-link\"><span class=\"nav-link-text\">Kontaktieren Sie uns<\/span><\/a><\/li>\n<li id=\"menu-item-48474\" class=\"menu-item menu-item-type-post_type menu-item-object-page menu-item-48474 item-level-0 menu-simple-dropdown wd-event-hover\" ><a href=\"https:\/\/baturina-homewear.com\/de\/showroom\/\" class=\"woodmart-nav-link\"><span class=\"nav-link-text\">Besuchen Sie unser Atelier<\/span><\/a><\/li>\n<li id=\"menu-item-48468\" class=\"menu-item menu-item-type-post_type menu-item-object-page menu-item-48468 item-level-0 menu-simple-dropdown wd-event-hover\" ><a href=\"https:\/\/baturina-homewear.com\/de\/kundenservice\/groessen-anleitung\/\" class=\"woodmart-nav-link\"><span class=\"nav-link-text\">Gr\u00f6\u00dfentabelle<\/span><\/a><\/li>\n<li id=\"menu-item-48471\" class=\"menu-item menu-item-type-post_type menu-item-object-page menu-item-48471 item-level-0 menu-simple-dropdown wd-event-hover\" ><a href=\"https:\/\/baturina-homewear.com\/de\/kundenservice\/leitfaden-fuer-stoffe\/\" class=\"woodmart-nav-link\"><span class=\"nav-link-text\">\u00dcber die Stoffe<\/span><\/a><\/li>\n<li id=\"menu-item-48470\" class=\"menu-item menu-item-type-post_type menu-item-object-page menu-item-48470 item-level-0 menu-simple-dropdown wd-event-hover\" ><a href=\"https:\/\/baturina-homewear.com\/de\/kundenservice\/ruecksendung-und-erstattung\/\" class=\"woodmart-nav-link\"><span class=\"nav-link-text\">R\u00fccksendung und Erstattung<\/span><\/a><\/li>\n<li id=\"menu-item-48473\" class=\"menu-item menu-item-type-post_type menu-item-object-page menu-item-48473 item-level-0 menu-simple-dropdown wd-event-hover\" ><a href=\"https:\/\/baturina-homewear.com\/de\/kundenservice\/zahlungsbedingungen\/\" class=\"woodmart-nav-link\"><span class=\"nav-link-text\">Zahlungsbedingungen<\/span><\/a><\/li>\n<li id=\"menu-item-48472\" class=\"menu-item menu-item-type-post_type menu-item-object-page menu-item-48472 item-level-0 menu-simple-dropdown wd-event-hover\" ><a href=\"https:\/\/baturina-homewear.com\/de\/kundenservice\/versand\/\" class=\"woodmart-nav-link\"><span class=\"nav-link-text\">Versand<\/span><\/a><\/li>\n<\/ul>\t\t<\/div>\n\t\t\t\t\t\t<\/div>\n\t\t\t\t<\/div>\n\t\t\t\t\t<\/div>\n\t\t\t\t<\/div>\n\t\t\t\t<\/div>\n\t\t<\/div>\n\t\t\t\t\t\t<\/div>\n\t\t\t\t<\/div>\n\t\t\t\t\t<\/div>\n\t\t\t\t<\/div>\n\t\t\t\t<\/div>\n\t\t","protected":false},"excerpt":{"rendered":"<p>Baturina Homewear ist in Hamburg, Deutschland, und alle Bestellungen werden von hier aus versandt. Bitte beachten Sie, dass bei einer<\/p>\n","protected":false},"author":1,"featured_media":0,"parent":30471,"menu_order":0,"comment_status":"closed","ping_status":"closed","template":"","meta":{"footnotes":""},"class_list":["post-30450","page","type-page","status-publish","hentry"],"_links":{"self":[{"href":"https:\/\/baturina-homewear.com\/de\/wp-json\/wp\/v2\/pages\/30450","targetHints":{"allow":["GET"]}}],"collection":[{"href":"https:\/\/baturina-homewear.com\/de\/wp-json\/wp\/v2\/pages"}],"about":[{"href":"https:\/\/baturina-homewear.com\/de\/wp-json\/wp\/v2\/types\/page"}],"author":[{"embeddable":true,"href":"https:\/\/baturina-homewear.com\/de\/wp-json\/wp\/v2\/users\/1"}],"replies":[{"embeddable":true,"href":"https:\/\/baturina-homewear.com\/de\/wp-json\/wp\/v2\/comments?post=30450"}],"version-history":[{"count":28,"href":"https:\/\/baturina-homewear.com\/de\/wp-json\/wp\/v2\/pages\/30450\/revisions"}],"predecessor-version":[{"id":78193,"href":"https:\/\/baturina-homewear.com\/de\/wp-json\/wp\/v2\/pages\/30450\/revisions\/78193"}],"up":[{"embeddable":true,"href":"https:\/\/baturina-homewear.com\/de\/wp-json\/wp\/v2\/pages\/30471"}],"wp:attachment":[{"href":"https:\/\/baturina-homewear.com\/de\/wp-json\/wp\/v2\/media?parent=30450"}],"curies":[{"name":"wp","href":"https:\/\/api.w.org\/{rel}","templated":true}]}}