{"id":30454,"date":"2022-08-03T20:51:19","date_gmt":"2022-08-03T18:51:19","guid":{"rendered":"https:\/\/baturina-homewear.com\/zahlungsbedingungen\/"},"modified":"2022-08-19T21:11:43","modified_gmt":"2022-08-19T19:11:43","slug":"zahlungsbedingungen","status":"publish","type":"page","link":"https:\/\/baturina-homewear.com\/de\/kundenservice\/zahlungsbedingungen\/","title":{"rendered":"Zahlungsbedingungen"},"content":{"rendered":"\t\t<div data-elementor-type=\"wp-page\" data-elementor-id=\"30454\" class=\"elementor elementor-30454 elementor-30415\" data-elementor-post-type=\"page\">\n\t\t\t\t\t\t<section class=\"wd-negative-gap elementor-section elementor-top-section elementor-element elementor-element-3da6b16f elementor-section-boxed elementor-section-height-default elementor-section-height-default\" data-id=\"3da6b16f\" data-element_type=\"section\" data-e-type=\"section\">\n\t\t\t\t\t\t<div class=\"elementor-container elementor-column-gap-default\">\n\t\t\t\t\t<div class=\"elementor-column elementor-col-100 elementor-top-column elementor-element elementor-element-764de730\" data-id=\"764de730\" data-element_type=\"column\" data-e-type=\"column\">\n\t\t\t<div class=\"elementor-widget-wrap elementor-element-populated\">\n\t\t\t\t\t\t<div class=\"elementor-element elementor-element-3ef51268 color-scheme-inherit text-left elementor-widget elementor-widget-text-editor\" data-id=\"3ef51268\" data-element_type=\"widget\" data-e-type=\"widget\" data-widget_type=\"text-editor.default\">\n\t\t\t\t<div class=\"elementor-widget-container\">\n\t\t\t\t\t\t\t\t\t\n\n\n<p><\/p>\n\t\t\t\t\t\t\t\t<\/div>\n\t\t\t\t<\/div>\n\t\t\t\t\t<\/div>\n\t\t<\/div>\n\t\t\t\t\t<\/div>\n\t\t<\/section>\n\t\t\t\t<section class=\"wd-negative-gap elementor-section elementor-top-section elementor-element elementor-element-e24c962 elementor-section-boxed elementor-section-height-default elementor-section-height-default\" data-id=\"e24c962\" data-element_type=\"section\" data-e-type=\"section\">\n\t\t\t\t\t\t<div class=\"elementor-container elementor-column-gap-default\">\n\t\t\t\t\t<div class=\"elementor-column elementor-col-100 elementor-top-column elementor-element elementor-element-62e9f86\" data-id=\"62e9f86\" data-element_type=\"column\" data-e-type=\"column\">\n\t\t\t<div class=\"elementor-widget-wrap elementor-element-populated\">\n\t\t\t\t\t\t<div class=\"elementor-element elementor-element-b4e5a7a color-scheme-inherit text-left elementor-widget elementor-widget-text-editor\" data-id=\"b4e5a7a\" data-element_type=\"widget\" data-e-type=\"widget\" data-widget_type=\"text-editor.default\">\n\t\t\t\t<div class=\"elementor-widget-container\">\n\t\t\t\t\t\t\t\t\t<p>Die Zahlung muss im Voraus erfolgen. Wir akzeptieren alle g\u00e4ngigen Kredit-\/Debitkarten und bieten PayPal an. F\u00fcr berechtigte K\u00e4ufer kann PayPal Optionen f\u00fcr &#8222;Sp\u00e4ter bezahlen&#8220; oder Ratenzahlung anbieten. Wenn Sie eine dieser Optionen w\u00e4hlen, unterliegen Sie den Allgemeinen Gesch\u00e4ftsbedingungen von PayPal.<\/p><p>Innerhalb der Europ\u00e4ischen Union akzeptieren wir Zahlungen per Bank\u00fcberweisung.<\/p>\t\t\t\t\t\t\t\t<\/div>\n\t\t\t\t<\/div>\n\t\t\t\t<div class=\"elementor-element elementor-element-534db03 elementor-widget elementor-widget-shortcode\" data-id=\"534db03\" data-element_type=\"widget\" data-e-type=\"widget\" data-widget_type=\"shortcode.default\">\n\t\t\t\t<div class=\"elementor-widget-container\">\n\t\t\t\t\t\t\t<div class=\"elementor-shortcode\">\t\t\t<link rel=\"stylesheet\" id=\"elementor-post-30448-css\" href=\"https:\/\/baturina-homewear.com\/wp-content\/uploads\/elementor\/css\/post-30448.css?ver=1777247787\" type=\"text\/css\" media=\"all\">\n\t\t\t\t\t<div data-elementor-type=\"wp-post\" data-elementor-id=\"30448\" class=\"elementor elementor-30448 elementor-30144 elementor-30144\" data-elementor-post-type=\"cms_block\">\n\t\t\t\t<div class=\"wd-negative-gap elementor-element elementor-element-95c1468 e-flex e-con-boxed e-con e-parent\" data-id=\"95c1468\" data-element_type=\"container\" data-e-type=\"container\">\n\t\t\t\t\t<div class=\"e-con-inner\">\n\t\t\t\t<div class=\"elementor-element elementor-element-315c067 elementor-widget elementor-widget-heading\" data-id=\"315c067\" data-element_type=\"widget\" data-e-type=\"widget\" data-widget_type=\"heading.default\">\n\t\t\t\t<div class=\"elementor-widget-container\">\n\t\t\t\t\t<h3 class=\"elementor-heading-title elementor-size-default\">Hilfreiche Links<\/h3>\t\t\t\t<\/div>\n\t\t\t\t<\/div>\n\t\t\t\t<div class=\"elementor-element elementor-element-66fab26 elementor-widget elementor-widget-wd_mega_menu\" data-id=\"66fab26\" data-element_type=\"widget\" data-e-type=\"widget\" data-widget_type=\"wd_mega_menu.default\">\n\t\t\t\t<div class=\"elementor-widget-container\">\n\t\t\t\t\t\t\t<div class=\"wd-menu widget_nav_mega_menu wd-nav-wrapper text-left\">\n\t\t\t\t\t\t<ul id=\"menu-kundenservice-menu\" class=\"menu wd-nav wd-nav-horizontal wd-style-bg wd-gap-l\"><li id=\"menu-item-48469\" class=\"menu-item menu-item-type-post_type menu-item-object-page menu-item-48469 item-level-0 menu-simple-dropdown wd-event-hover\" ><a href=\"https:\/\/baturina-homewear.com\/de\/kundenservice\/kontakt\/\" class=\"woodmart-nav-link\"><span class=\"nav-link-text\">Kontaktieren Sie uns<\/span><\/a><\/li>\n<li id=\"menu-item-48474\" class=\"menu-item menu-item-type-post_type menu-item-object-page menu-item-48474 item-level-0 menu-simple-dropdown wd-event-hover\" ><a href=\"https:\/\/baturina-homewear.com\/de\/showroom\/\" class=\"woodmart-nav-link\"><span class=\"nav-link-text\">Besuchen Sie unser Atelier<\/span><\/a><\/li>\n<li id=\"menu-item-48468\" class=\"menu-item menu-item-type-post_type menu-item-object-page menu-item-48468 item-level-0 menu-simple-dropdown wd-event-hover\" ><a href=\"https:\/\/baturina-homewear.com\/de\/kundenservice\/groessen-anleitung\/\" class=\"woodmart-nav-link\"><span class=\"nav-link-text\">Gr\u00f6\u00dfentabelle<\/span><\/a><\/li>\n<li id=\"menu-item-48471\" class=\"menu-item menu-item-type-post_type menu-item-object-page menu-item-48471 item-level-0 menu-simple-dropdown wd-event-hover\" ><a href=\"https:\/\/baturina-homewear.com\/de\/kundenservice\/leitfaden-fuer-stoffe\/\" class=\"woodmart-nav-link\"><span class=\"nav-link-text\">\u00dcber die Stoffe<\/span><\/a><\/li>\n<li id=\"menu-item-48470\" class=\"menu-item menu-item-type-post_type menu-item-object-page menu-item-48470 item-level-0 menu-simple-dropdown wd-event-hover\" ><a href=\"https:\/\/baturina-homewear.com\/de\/kundenservice\/ruecksendung-und-erstattung\/\" class=\"woodmart-nav-link\"><span class=\"nav-link-text\">R\u00fccksendung und Erstattung<\/span><\/a><\/li>\n<li id=\"menu-item-48473\" class=\"menu-item menu-item-type-post_type menu-item-object-page menu-item-48473 item-level-0 menu-simple-dropdown wd-event-hover\" ><a href=\"https:\/\/baturina-homewear.com\/de\/kundenservice\/zahlungsbedingungen\/\" class=\"woodmart-nav-link\"><span class=\"nav-link-text\">Zahlungsbedingungen<\/span><\/a><\/li>\n<li id=\"menu-item-48472\" class=\"menu-item menu-item-type-post_type menu-item-object-page menu-item-48472 item-level-0 menu-simple-dropdown wd-event-hover\" ><a href=\"https:\/\/baturina-homewear.com\/de\/kundenservice\/versand\/\" class=\"woodmart-nav-link\"><span class=\"nav-link-text\">Versand<\/span><\/a><\/li>\n<\/ul>\t\t<\/div>\n\t\t\t\t\t\t<\/div>\n\t\t\t\t<\/div>\n\t\t\t\t\t<\/div>\n\t\t\t\t<\/div>\n\t\t\t\t<\/div>\n\t\t<\/div>\n\t\t\t\t\t\t<\/div>\n\t\t\t\t<\/div>\n\t\t\t\t\t<\/div>\n\t\t<\/div>\n\t\t\t\t\t<\/div>\n\t\t<\/section>\n\t\t\t\t<\/div>\n\t\t","protected":false},"excerpt":{"rendered":"<p>Die Zahlung muss im Voraus erfolgen. Wir akzeptieren alle g\u00e4ngigen Kredit-\/Debitkarten und bieten PayPal an. F\u00fcr berechtigte K\u00e4ufer kann PayPal<\/p>\n","protected":false},"author":1,"featured_media":0,"parent":30471,"menu_order":0,"comment_status":"closed","ping_status":"closed","template":"","meta":{"footnotes":""},"class_list":["post-30454","page","type-page","status-publish","hentry"],"_links":{"self":[{"href":"https:\/\/baturina-homewear.com\/de\/wp-json\/wp\/v2\/pages\/30454","targetHints":{"allow":["GET"]}}],"collection":[{"href":"https:\/\/baturina-homewear.com\/de\/wp-json\/wp\/v2\/pages"}],"about":[{"href":"https:\/\/baturina-homewear.com\/de\/wp-json\/wp\/v2\/types\/page"}],"author":[{"embeddable":true,"href":"https:\/\/baturina-homewear.com\/de\/wp-json\/wp\/v2\/users\/1"}],"replies":[{"embeddable":true,"href":"https:\/\/baturina-homewear.com\/de\/wp-json\/wp\/v2\/comments?post=30454"}],"version-history":[{"count":0,"href":"https:\/\/baturina-homewear.com\/de\/wp-json\/wp\/v2\/pages\/30454\/revisions"}],"up":[{"embeddable":true,"href":"https:\/\/baturina-homewear.com\/de\/wp-json\/wp\/v2\/pages\/30471"}],"wp:attachment":[{"href":"https:\/\/baturina-homewear.com\/de\/wp-json\/wp\/v2\/media?parent=30454"}],"curies":[{"name":"wp","href":"https:\/\/api.w.org\/{rel}","templated":true}]}}