{"id":32189,"date":"2022-08-15T22:40:22","date_gmt":"2022-08-15T20:40:22","guid":{"rendered":"https:\/\/baturina-homewear.com\/nachhaltigkeit\/"},"modified":"2026-04-15T20:20:21","modified_gmt":"2026-04-15T18:20:21","slug":"nachhaltigkeit","status":"publish","type":"page","link":"https:\/\/baturina-homewear.com\/de\/ueber-die-marke\/nachhaltigkeit\/","title":{"rendered":"Nachhaltigkeit"},"content":{"rendered":"\t\t<div data-elementor-type=\"wp-page\" data-elementor-id=\"32189\" class=\"elementor elementor-32189 elementor-32163\" data-elementor-post-type=\"page\">\n\t\t\t\t<div class=\"wd-negative-gap elementor-element elementor-element-b52197a e-flex e-con-boxed e-con e-parent\" data-id=\"b52197a\" data-element_type=\"container\" data-e-type=\"container\">\n\t\t\t\t\t<div class=\"e-con-inner\">\n\t\t\t\t<div class=\"elementor-element elementor-element-fbb751b color-scheme-inherit text-left elementor-widget elementor-widget-text-editor\" data-id=\"fbb751b\" data-element_type=\"widget\" data-e-type=\"widget\" data-widget_type=\"text-editor.default\">\n\t\t\t\t<div class=\"elementor-widget-container\">\n\t\t\t\t\t\t\t\t\t<p>Jedes St\u00fcck wird auf Bestellung in unserem Hamburger Atelier in einer kurzen, transparenten Lieferkette hergestellt. Wir legen Wert auf Langlebigkeit, eine verantwortungsvolle Produktion und Designs, die \u00fcber Jahre hinweg getragen werden k\u00f6nnen. Denn echte Nachhaltigkeit geht \u00fcber ein einzelnes Material hinaus.  <\/p>\t\t\t\t\t\t\t\t<\/div>\n\t\t\t\t<\/div>\n\t\t<div class=\"elementor-element elementor-element-919f751 e-con-full wd-section-stretch-content e-flex e-con e-child\" data-id=\"919f751\" data-element_type=\"container\" data-e-type=\"container\">\n\t\t\t\t<div class=\"elementor-element elementor-element-cff793a elementor-cta--valign-middle elementor-widget__width-inherit elementor-cta--layout-image-left elementor-cta--mobile-layout-image-above elementor-cta--skin-classic elementor-widget elementor-widget-call-to-action\" data-id=\"cff793a\" data-element_type=\"widget\" data-e-type=\"widget\" data-widget_type=\"call-to-action.default\">\n\t\t\t\t<div class=\"elementor-widget-container\">\n\t\t\t\t\t\t\t<a class=\"elementor-cta\" href=\"https:\/\/baturina-homewear.com\/de\/ueber-die-marke\/hergestellt-in-deutschland\/\">\n\t\t\t\t\t<div class=\"elementor-cta__bg-wrapper\">\n\t\t\t\t<div class=\"elementor-cta__bg elementor-bg\" style=\"background-image: url(https:\/\/baturina-homewear.com\/wp-content\/uploads\/2025\/08\/team-banner-1536x1024.jpg);\" role=\"img\" aria-label=\"Team-Banner\"><\/div>\n\t\t\t\t<div class=\"elementor-cta__bg-overlay\"><\/div>\n\t\t\t<\/div>\n\t\t\t\t\t\t\t<div class=\"elementor-cta__content\">\n\t\t\t\t\n\t\t\t\t\t\t\t\t\t<h2 class=\"elementor-cta__title elementor-cta__content-item elementor-content-item\">\n\t\t\t\t\t\tUnser Ansatz zur Nachhaltigkeit\t\t\t\t\t<\/h2>\n\t\t\t\t\n\t\t\t\t\t\t\t\t\t<div class=\"elementor-cta__description elementor-cta__content-item elementor-content-item\">\n\t\t\t\t\t\tWir betrachten Nachhaltigkeit nicht als eine einzelne Wahl, sondern als Grundlage von Baturina Homewear. Wir betrachten sie nicht als Trend oder reduzieren sie auf ein einfaches Etikett. Es ist ein kontinuierlicher Prozess, der bei der Beschaffung der Materialien, den Arbeitsbedingungen, dem Produktionsvolumen und dem Versand beginnt.  \t\t\t\t\t<\/div>\n\t\t\t\t\n\t\t\t\t\t\t\t<\/div>\n\t\t\t\t\t\t<\/a>\n\t\t\t\t\t\t<\/div>\n\t\t\t\t<\/div>\n\t\t\t\t<\/div>\n\t\t\t\t<div class=\"elementor-element elementor-element-10c69c8 color-scheme-inherit text-left elementor-widget elementor-widget-text-editor\" data-id=\"10c69c8\" data-element_type=\"widget\" data-e-type=\"widget\" data-widget_type=\"text-editor.default\">\n\t\t\t\t<div class=\"elementor-widget-container\">\n\t\t\t\t\t\t\t\t\t<p><strong>Lokale Produktion und transparente Bedingungen<\/strong><\/p><p>Alle St\u00fccke werden vor Ort in unserem Atelier in Hamburg zugeschnitten und gen\u00e4ht.<\/p><p>Wir arbeiten in einer kleinen, kontrollierten Umgebung, in der wir die Herstellung jedes einzelnen Kleidungsst\u00fccks genau verfolgen k\u00f6nnen. Dies gew\u00e4hrleistet eine gleichbleibende Qualit\u00e4t, verantwortungsvolle Arbeitsbedingungen und eine deutlich k\u00fcrzere Lieferkette im Vergleich zur globalen Massenproduktion. <\/p><p>Bei jedem Morgenmantel l\u00e4sst sich zur\u00fcckverfolgen, wo und wie er hergestellt wurde.<\/p><p><strong>Eine kurze und kontrollierte Lieferkette<\/strong><\/p><p>Wir halten unsere Lieferkette absichtlich kurz.<\/p><p>Die Stoffe werden, wenn m\u00f6glich, vor Ort oder von vertrauensw\u00fcrdigen Lieferanten und Herstellern bezogen, zu denen wir Beziehungen aufgebaut haben. So k\u00f6nnen wir eine gleichbleibende Qualit\u00e4t und Transparenz bei der Beschaffung gew\u00e4hrleisten. <\/p><p>Die fertigen Kleidungsst\u00fccke werden \u00fcber DHL GoGreen direkt von unserem Atelier an den Kunden versandt. Sie werden nicht in gro\u00dfen Lagern gelagert oder durch komplexe globale Vertriebssysteme transportiert. <\/p><p>Dadurch hat jedes einzelne St\u00fcck einen wesentlich k\u00fcrzeren Weg als bei der Massenproduktion von Kleidung.<\/p>\t\t\t\t\t\t\t\t<\/div>\n\t\t\t\t<\/div>\n\t\t\t\t<div class=\"elementor-element elementor-element-b22bea6 elementor-widget elementor-widget-image\" data-id=\"b22bea6\" data-element_type=\"widget\" data-e-type=\"widget\" data-widget_type=\"image.default\">\n\t\t\t\t<div class=\"elementor-widget-container\">\n\t\t\t\t\t\t\t\t\t\t\t\t\t\t\t<img decoding=\"async\" width=\"550\" height=\"530\" src=\"https:\/\/baturina-homewear.com\/wp-content\/uploads\/2025\/07\/worldmap-made-in-hamburg-icon.svg\" class=\"attachment-large size-large wp-image-73891\" alt=\", Dressing Gowns and Pajamas by Baturina Homewear\" title=\"\">\t\t\t\t\t\t\t\t\t\t\t\t\t\t\t<\/div>\n\t\t\t\t<\/div>\n\t\t\t\t<div class=\"elementor-element elementor-element-58091c0 color-scheme-inherit text-left elementor-widget elementor-widget-text-editor\" data-id=\"58091c0\" data-element_type=\"widget\" data-e-type=\"widget\" data-widget_type=\"text-editor.default\">\n\t\t\t\t<div class=\"elementor-widget-container\">\n\t\t\t\t\t\t\t\t\t<p style=\"text-align: left;\"><strong>Auf Bestellung gefertigt, keine Massenware<\/strong><\/p><p style=\"text-align: left;\">Wir produzieren nicht in gro\u00dfen Mengen.<\/p><p style=\"text-align: left;\">Jeder Morgenmantel wird in unserem Hamburger Atelier auf Bestellung gefertigt, und zwar nur dann, wenn ein Kunde einen Auftrag erteilt. So vermeiden wir \u00dcberproduktion, \u00dcberbest\u00e4nde und unn\u00f6tigen Abfall &#8211; Herausforderungen, die in der Modeindustrie nach wie vor weit verbreitet sind. <\/p><p style=\"text-align: left;\">Da wir nur sehr kleine Mengen produzieren, konzentrieren wir uns auf die Absicht und nicht auf die Menge.<\/p><p style=\"text-align: left;\"><strong>F\u00fcr Sie gemacht<\/strong><\/p><p style=\"text-align: left;\">Jeder Morgenmantel wird nach den individuellen W\u00fcnschen der Kundin angefertigt.<\/p><p style=\"text-align: left;\">Von der Gr\u00f6\u00dfe \u00fcber die Auswahl der Stoffe bis hin zu den Details des Designs passen wir jedes Kleidungsst\u00fcck so an, dass es dem Tr\u00e4ger oder der Tr\u00e4gerin wirklich gef\u00e4llt und gut passt. Dieses Ma\u00df an Personalisierung f\u00f6rdert die langfristige Nutzung, denn Kleidungsst\u00fccke, die sich richtig anf\u00fchlen, werden eher getragen, gesch\u00e4tzt und behalten. <\/p><p style=\"text-align: left;\"><strong>Durchdachte Auswahl der Materialien<\/strong><\/p><p style=\"text-align: left;\">Wir arbeiten mit einer Reihe von Stoffen wie Baumwolle, Leinen, Wolle, Seide, Viskose und sorgf\u00e4ltig ausgew\u00e4hlten synthetischen Komponenten, wenn sie einen funktionalen Zweck erf\u00fcllen.<\/p><p style=\"text-align: left;\">Die Wahl des Materials ist immer ein Gleichgewicht zwischen:<\/p><ul style=\"text-align: left;\"><li>Haltbarkeit<\/li><li>Tragekomfort im Alltag<\/li><li>Langlebigkeit<\/li><li>und verantwortungsvolle Beschaffung<\/li><\/ul><p style=\"text-align: left;\">Diese Entscheidungen werden bewusst getroffen, da Kleidungsst\u00fccke, die bequem, praktisch und langlebig sind, mit gr\u00f6\u00dferer Wahrscheinlichkeit \u00fcber einen l\u00e4ngeren Zeitraum getragen und behalten werden. Wenn m\u00f6glich, verwenden wir auch Textilien aus Restbest\u00e4nden (ausgemusterte Stoffrollen), um vorhandenen Materialien ein zweites Leben zu geben, anstatt zur Neuproduktion beizutragen. <\/p>\t\t\t\t\t\t\t\t<\/div>\n\t\t\t\t<\/div>\n\t\t<div class=\"elementor-element elementor-element-b707d2b e-con-full e-flex e-con e-child\" data-id=\"b707d2b\" data-element_type=\"container\" data-e-type=\"container\">\n\t\t\t\t<div class=\"elementor-element elementor-element-6e1f1d5 elementor-widget elementor-widget-image\" data-id=\"6e1f1d5\" data-element_type=\"widget\" data-e-type=\"widget\" data-widget_type=\"image.default\">\n\t\t\t\t<div class=\"elementor-widget-container\">\n\t\t\t\t\t\t\t\t\t\t\t\t\t\t\t<img decoding=\"async\" width=\"683\" height=\"1024\" src=\"https:\/\/baturina-homewear.com\/wp-content\/uploads\/2025\/01\/wool-robe4-683x1024.jpg\" class=\"attachment-large size-large wp-image-65990\" alt=\", Dressing Gowns and Pajamas by Baturina Homewear\" srcset=\"https:\/\/baturina-homewear.com\/wp-content\/uploads\/2025\/01\/wool-robe4-683x1024.jpg 683w, https:\/\/baturina-homewear.com\/wp-content\/uploads\/2025\/01\/wool-robe4-200x300.jpg 200w, https:\/\/baturina-homewear.com\/wp-content\/uploads\/2025\/01\/wool-robe4-768x1152.jpg 768w, https:\/\/baturina-homewear.com\/wp-content\/uploads\/2025\/01\/wool-robe4-370x555.jpg 370w, https:\/\/baturina-homewear.com\/wp-content\/uploads\/2025\/01\/wool-robe4-670x1005.jpg 670w, https:\/\/baturina-homewear.com\/wp-content\/uploads\/2025\/01\/wool-robe4-150x225.jpg 150w, https:\/\/baturina-homewear.com\/wp-content\/uploads\/2025\/01\/wool-robe4.jpg 800w\" sizes=\"(max-width: 683px) 100vw, 683px\" title=\"\">\t\t\t\t\t\t\t\t\t\t\t\t\t\t\t<\/div>\n\t\t\t\t<\/div>\n\t\t\t\t<div class=\"elementor-element elementor-element-7fd862c elementor-widget elementor-widget-image\" data-id=\"7fd862c\" data-element_type=\"widget\" data-e-type=\"widget\" data-widget_type=\"image.default\">\n\t\t\t\t<div class=\"elementor-widget-container\">\n\t\t\t\t\t\t\t\t\t\t\t\t\t\t\t<img decoding=\"async\" width=\"683\" height=\"1024\" src=\"https:\/\/baturina-homewear.com\/wp-content\/uploads\/2025\/01\/wool-robe2-683x1024.jpg\" class=\"attachment-large size-large wp-image-65988\" alt=\", Dressing Gowns and Pajamas by Baturina Homewear\" srcset=\"https:\/\/baturina-homewear.com\/wp-content\/uploads\/2025\/01\/wool-robe2-683x1024.jpg 683w, https:\/\/baturina-homewear.com\/wp-content\/uploads\/2025\/01\/wool-robe2-200x300.jpg 200w, https:\/\/baturina-homewear.com\/wp-content\/uploads\/2025\/01\/wool-robe2-768x1152.jpg 768w, https:\/\/baturina-homewear.com\/wp-content\/uploads\/2025\/01\/wool-robe2-370x555.jpg 370w, https:\/\/baturina-homewear.com\/wp-content\/uploads\/2025\/01\/wool-robe2-670x1005.jpg 670w, https:\/\/baturina-homewear.com\/wp-content\/uploads\/2025\/01\/wool-robe2-150x225.jpg 150w, https:\/\/baturina-homewear.com\/wp-content\/uploads\/2025\/01\/wool-robe2.jpg 800w\" sizes=\"(max-width: 683px) 100vw, 683px\" title=\"\">\t\t\t\t\t\t\t\t\t\t\t\t\t\t\t<\/div>\n\t\t\t\t<\/div>\n\t\t\t\t<\/div>\n\t\t\t\t<div class=\"elementor-element elementor-element-0e285fe color-scheme-inherit text-left elementor-widget elementor-widget-text-editor\" data-id=\"0e285fe\" data-element_type=\"widget\" data-e-type=\"widget\" data-widget_type=\"text-editor.default\">\n\t\t\t\t<div class=\"elementor-widget-container\">\n\t\t\t\t\t\t\t\t\t<p><strong>Ein kontinuierlicher Prozess<\/strong><\/p><p>Nachhaltigkeit l\u00e4sst sich nicht auf eine einzige Faser oder ein einziges Label reduzieren.<\/p><p>Sie wird durch den gesamten Lebenszyklus eines Kleidungsst\u00fccks gepr\u00e4gt, vom Design und der Beschaffung bis hin zu Produktion, Nutzung und Langlebigkeit. Unser Ziel ist es, ein System aufzubauen, das auf eine durchdachte Produktion, verantwortungsvolle Gr\u00f6\u00dfenordnung und langlebige Kleidungsst\u00fccke setzt. <\/p><p>Nachhaltigkeit ist kein fester Zustand, sondern ein kontinuierlicher Prozess.<\/p><p>Wir bewerten kontinuierlich unsere Materialien, Lieferanten und Produktionsmethoden und sind offen f\u00fcr Verbesserungen, wenn bessere L\u00f6sungen verf\u00fcgbar werden. Jede Entscheidung ist mit Abw\u00e4gungen verbunden, und wir gehen sie mit Sorgfalt und Absicht an. <\/p>\t\t\t\t\t\t\t\t<\/div>\n\t\t\t\t<\/div>\n\t\t\t\t<div class=\"elementor-element elementor-element-374fceb elementor-grid-mobile-1 elementor-grid-3 elementor-widget__width-inherit elementor-grid-tablet-2 elementor-widget elementor-widget-loop-grid\" data-id=\"374fceb\" data-element_type=\"widget\" data-e-type=\"widget\" data-settings=\"{&quot;template_id&quot;:53509,&quot;columns_mobile&quot;:1,&quot;columns&quot;:3,&quot;_skin&quot;:&quot;post&quot;,&quot;columns_tablet&quot;:&quot;2&quot;,&quot;edit_handle_selector&quot;:&quot;[data-elementor-type=\\&quot;loop-item\\&quot;]&quot;,&quot;row_gap&quot;:{&quot;unit&quot;:&quot;px&quot;,&quot;size&quot;:&quot;&quot;,&quot;sizes&quot;:[]},&quot;row_gap_widescreen&quot;:{&quot;unit&quot;:&quot;px&quot;,&quot;size&quot;:&quot;&quot;,&quot;sizes&quot;:[]},&quot;row_gap_laptop&quot;:{&quot;unit&quot;:&quot;px&quot;,&quot;size&quot;:&quot;&quot;,&quot;sizes&quot;:[]},&quot;row_gap_tablet_extra&quot;:{&quot;unit&quot;:&quot;px&quot;,&quot;size&quot;:&quot;&quot;,&quot;sizes&quot;:[]},&quot;row_gap_tablet&quot;:{&quot;unit&quot;:&quot;px&quot;,&quot;size&quot;:&quot;&quot;,&quot;sizes&quot;:[]},&quot;row_gap_mobile_extra&quot;:{&quot;unit&quot;:&quot;px&quot;,&quot;size&quot;:&quot;&quot;,&quot;sizes&quot;:[]},&quot;row_gap_mobile&quot;:{&quot;unit&quot;:&quot;px&quot;,&quot;size&quot;:&quot;&quot;,&quot;sizes&quot;:[]}}\" data-widget_type=\"loop-grid.post\">\n\t\t\t\t<div class=\"elementor-widget-container\">\n\t\t\t\t\t\t\t<div class=\"elementor-loop-container elementor-grid\" role=\"list\">\n\t\t<style id=\"loop-dynamic-53509\">.e-loop-item-73978 .elementor-element.elementor-element-80dbbef:not(.elementor-motion-effects-element-type-background), .e-loop-item-73978 .elementor-element.elementor-element-80dbbef > .elementor-motion-effects-container > .elementor-motion-effects-layer{background-image:url(\"https:\/\/baturina-homewear.com\/wp-content\/uploads\/2022\/10\/baturina-homewear-7.jpg\");}@media(max-width:767px){.e-loop-item-73978 .elementor-element.elementor-element-80dbbef:not(.elementor-motion-effects-element-type-background), .e-loop-item-73978 .elementor-element.elementor-element-80dbbef > .elementor-motion-effects-container > .elementor-motion-effects-layer{background-image:url(\"https:\/\/baturina-homewear.com\/wp-content\/uploads\/2022\/10\/baturina-homewear-7.jpg\");}}<\/style><style id=\"loop-53509\">.elementor-53509 .elementor-element.elementor-element-80dbbef{--display:flex;--min-height:400px;--justify-content:center;--align-items:center;--container-widget-width:calc( ( 1 - var( --container-widget-flex-grow ) ) * 100% );--overlay-opacity:0.3;--border-radius:12px 12px 12px 12px;--margin-top:0px;--margin-bottom:0px;--margin-left:0px;--margin-right:0px;--padding-top:1em;--padding-bottom:1em;--padding-left:1em;--padding-right:1em;}.elementor-53509 .elementor-element.elementor-element-80dbbef:not(.elementor-motion-effects-element-type-background), .elementor-53509 .elementor-element.elementor-element-80dbbef > .elementor-motion-effects-container > .elementor-motion-effects-layer{background-position:center center;background-size:cover;}.elementor-53509 .elementor-element.elementor-element-80dbbef::before, .elementor-53509 .elementor-element.elementor-element-80dbbef > .elementor-background-video-container::before, .elementor-53509 .elementor-element.elementor-element-80dbbef > .e-con-inner > .elementor-background-video-container::before, .elementor-53509 .elementor-element.elementor-element-80dbbef > .elementor-background-slideshow::before, .elementor-53509 .elementor-element.elementor-element-80dbbef > .e-con-inner > .elementor-background-slideshow::before, .elementor-53509 .elementor-element.elementor-element-80dbbef > .elementor-motion-effects-container > .elementor-motion-effects-layer::before{--background-overlay:'';background-color:var( --e-global-color-text );}.elementor-53509 .elementor-element.elementor-element-80dbbef:hover::before, .elementor-53509 .elementor-element.elementor-element-80dbbef:hover > .elementor-background-video-container::before, .elementor-53509 .elementor-element.elementor-element-80dbbef:hover > .e-con-inner > .elementor-background-video-container::before, .elementor-53509 .elementor-element.elementor-element-80dbbef > .elementor-background-slideshow:hover::before, .elementor-53509 .elementor-element.elementor-element-80dbbef > .e-con-inner > .elementor-background-slideshow:hover::before{--background-overlay:'';background-color:var( --e-global-color-text );}.elementor-53509 .elementor-element.elementor-element-80dbbef:hover{--overlay-opacity:0.3;}.elementor-53509 .elementor-element.elementor-element-c6877c3{text-align:center;}.elementor-53509 .elementor-element.elementor-element-c6877c3 .elementor-heading-title{font-family:\"'Trebuchet MS', Helvetica, sans-serif\", Sans-serif;font-size:1.3em;font-weight:bold;text-transform:uppercase;color:var( --e-global-color-accent );}.elementor-53509 .elementor-element.elementor-element-c6877c3 > .elementor-widget-container{padding:15px 15px 15px 15px;border-radius:12px 12px 12px 12px;}.elementor-53509 .elementor-element.elementor-element-c6877c3.elementor-element{--align-self:center;}@media(min-width:2400px){.elementor-53509 .elementor-element.elementor-element-c6877c3 .elementor-heading-title{font-size:1.3em;}}@media(max-width:880px){.elementor-53509 .elementor-element.elementor-element-80dbbef{--justify-content:space-evenly;--gap:15px 15px;--row-gap:15px;--column-gap:15px;}.elementor-53509 .elementor-element.elementor-element-c6877c3 .elementor-heading-title{font-size:1em;}}@media(max-width:767px){.elementor-53509 .elementor-element.elementor-element-80dbbef{--min-height:200px;--justify-content:center;--gap:3px 3px;--row-gap:3px;--column-gap:3px;--overlay-opacity:0.3;--border-radius:12px 12px 12px 12px;--margin-top:0px;--margin-bottom:0px;--margin-left:0px;--margin-right:0px;--padding-top:5px;--padding-bottom:5px;--padding-left:5px;--padding-right:5px;}.elementor-53509 .elementor-element.elementor-element-c6877c3 .elementor-heading-title{font-size:1em;}.elementor-53509 .elementor-element.elementor-element-c6877c3 > .elementor-widget-container{padding:8px 8px 8px 8px;}.elementor-53509 .elementor-element.elementor-element-c6877c3.elementor-element{--align-self:center;}}<\/style>\t\t<div data-elementor-type=\"loop-item\" data-elementor-id=\"53509\" class=\"elementor elementor-53509 elementor-52797 elementor-52797 e-loop-item e-loop-item-73978 post-73978 page type-page status-publish has-post-thumbnail hentry\" data-elementor-post-type=\"elementor_library\" data-custom-edit-handle=\"1\">\n\t\t\t<a class=\"wd-negative-gap elementor-element elementor-element-80dbbef e-flex e-con-boxed e-con e-parent\" data-id=\"80dbbef\" data-element_type=\"container\" data-e-type=\"container\" data-settings=\"{&quot;background_background&quot;:&quot;classic&quot;}\" href=\"https:\/\/baturina-homewear.com\/de\/ueber-die-marke\/hergestellt-in-deutschland\/\">\n\t\t\t\t\t<div class=\"e-con-inner\">\n\t\t\t\t<div class=\"elementor-element elementor-element-c6877c3 elementor-widget elementor-widget-theme-post-title elementor-page-title elementor-widget-heading\" data-id=\"c6877c3\" data-element_type=\"widget\" data-e-type=\"widget\" data-widget_type=\"theme-post-title.default\">\n\t\t\t\t<div class=\"elementor-widget-container\">\n\t\t\t\t\t<h3 class=\"elementor-heading-title elementor-size-default\">Hergestellt in Deutschland<\/h3>\t\t\t\t<\/div>\n\t\t\t\t<\/div>\n\t\t\t\t\t<\/div>\n\t\t\t\t<\/a>\n\t\t\t\t<\/div>\n\t\t<style id=\"loop-dynamic-53509\">.e-loop-item-32211 .elementor-element.elementor-element-80dbbef:not(.elementor-motion-effects-element-type-background), .e-loop-item-32211 .elementor-element.elementor-element-80dbbef > .elementor-motion-effects-container > .elementor-motion-effects-layer{background-image:url(\"https:\/\/baturina-homewear.com\/wp-content\/uploads\/2022\/07\/baturina-homewear-4.jpg\");}@media(max-width:767px){.e-loop-item-32211 .elementor-element.elementor-element-80dbbef:not(.elementor-motion-effects-element-type-background), .e-loop-item-32211 .elementor-element.elementor-element-80dbbef > .elementor-motion-effects-container > .elementor-motion-effects-layer{background-image:url(\"https:\/\/baturina-homewear.com\/wp-content\/uploads\/2022\/07\/baturina-homewear-4.jpg\");}}<\/style>\t\t<div data-elementor-type=\"loop-item\" data-elementor-id=\"53509\" class=\"elementor elementor-53509 elementor-52797 elementor-52797 e-loop-item e-loop-item-32211 post-32211 page type-page status-publish has-post-thumbnail hentry\" data-elementor-post-type=\"elementor_library\" data-custom-edit-handle=\"1\">\n\t\t\t<a class=\"wd-negative-gap elementor-element elementor-element-80dbbef e-flex e-con-boxed e-con e-parent\" data-id=\"80dbbef\" data-element_type=\"container\" data-e-type=\"container\" data-settings=\"{&quot;background_background&quot;:&quot;classic&quot;}\" href=\"https:\/\/baturina-homewear.com\/de\/showroom\/\">\n\t\t\t\t\t<div class=\"e-con-inner\">\n\t\t\t\t<div class=\"elementor-element elementor-element-c6877c3 elementor-widget elementor-widget-theme-post-title elementor-page-title elementor-widget-heading\" data-id=\"c6877c3\" data-element_type=\"widget\" data-e-type=\"widget\" data-widget_type=\"theme-post-title.default\">\n\t\t\t\t<div class=\"elementor-widget-container\">\n\t\t\t\t\t<h3 class=\"elementor-heading-title elementor-size-default\">Besuchen Sie unser Atelier<\/h3>\t\t\t\t<\/div>\n\t\t\t\t<\/div>\n\t\t\t\t\t<\/div>\n\t\t\t\t<\/a>\n\t\t\t\t<\/div>\n\t\t<style id=\"loop-dynamic-53509\">.e-loop-item-26061 .elementor-element.elementor-element-80dbbef:not(.elementor-motion-effects-element-type-background), .e-loop-item-26061 .elementor-element.elementor-element-80dbbef > .elementor-motion-effects-container > .elementor-motion-effects-layer{background-image:url(\"https:\/\/baturina-homewear.com\/wp-content\/uploads\/2025\/08\/team-banner.jpg\");}@media(max-width:767px){.e-loop-item-26061 .elementor-element.elementor-element-80dbbef:not(.elementor-motion-effects-element-type-background), .e-loop-item-26061 .elementor-element.elementor-element-80dbbef > .elementor-motion-effects-container > .elementor-motion-effects-layer{background-image:url(\"https:\/\/baturina-homewear.com\/wp-content\/uploads\/2025\/08\/team-banner.jpg\");}}<\/style>\t\t<div data-elementor-type=\"loop-item\" data-elementor-id=\"53509\" class=\"elementor elementor-53509 elementor-52797 elementor-52797 e-loop-item e-loop-item-26061 post-26061 page type-page status-publish has-post-thumbnail hentry\" data-elementor-post-type=\"elementor_library\" data-custom-edit-handle=\"1\">\n\t\t\t<a class=\"wd-negative-gap elementor-element elementor-element-80dbbef e-flex e-con-boxed e-con e-parent\" data-id=\"80dbbef\" data-element_type=\"container\" data-e-type=\"container\" data-settings=\"{&quot;background_background&quot;:&quot;classic&quot;}\" href=\"https:\/\/baturina-homewear.com\/de\/ueber-die-marke\/ueber-uns\/\">\n\t\t\t\t\t<div class=\"e-con-inner\">\n\t\t\t\t<div class=\"elementor-element elementor-element-c6877c3 elementor-widget elementor-widget-theme-post-title elementor-page-title elementor-widget-heading\" data-id=\"c6877c3\" data-element_type=\"widget\" data-e-type=\"widget\" data-widget_type=\"theme-post-title.default\">\n\t\t\t\t<div class=\"elementor-widget-container\">\n\t\t\t\t\t<h3 class=\"elementor-heading-title elementor-size-default\">\u00dcber uns<\/h3>\t\t\t\t<\/div>\n\t\t\t\t<\/div>\n\t\t\t\t\t<\/div>\n\t\t\t\t<\/a>\n\t\t\t\t<\/div>\n\t\t\t\t<\/div>\n\t\t\n\t\t\t\t\t\t<\/div>\n\t\t\t\t<\/div>\n\t\t\t\t\t<\/div>\n\t\t\t\t<\/div>\n\t\t\t\t<\/div>\n\t\t","protected":false},"excerpt":{"rendered":"<p>Jedes St\u00fcck wird auf Bestellung in unserem Hamburger Atelier in einer kurzen, transparenten Lieferkette hergestellt. Wir legen Wert auf Langlebigkeit,<\/p>\n","protected":false},"author":1,"featured_media":39860,"parent":73980,"menu_order":0,"comment_status":"closed","ping_status":"closed","template":"","meta":{"footnotes":""},"class_list":["post-32189","page","type-page","status-publish","has-post-thumbnail","hentry"],"_links":{"self":[{"href":"https:\/\/baturina-homewear.com\/de\/wp-json\/wp\/v2\/pages\/32189","targetHints":{"allow":["GET"]}}],"collection":[{"href":"https:\/\/baturina-homewear.com\/de\/wp-json\/wp\/v2\/pages"}],"about":[{"href":"https:\/\/baturina-homewear.com\/de\/wp-json\/wp\/v2\/types\/page"}],"author":[{"embeddable":true,"href":"https:\/\/baturina-homewear.com\/de\/wp-json\/wp\/v2\/users\/1"}],"replies":[{"embeddable":true,"href":"https:\/\/baturina-homewear.com\/de\/wp-json\/wp\/v2\/comments?post=32189"}],"version-history":[{"count":8,"href":"https:\/\/baturina-homewear.com\/de\/wp-json\/wp\/v2\/pages\/32189\/revisions"}],"predecessor-version":[{"id":80845,"href":"https:\/\/baturina-homewear.com\/de\/wp-json\/wp\/v2\/pages\/32189\/revisions\/80845"}],"up":[{"embeddable":true,"href":"https:\/\/baturina-homewear.com\/de\/wp-json\/wp\/v2\/pages\/73980"}],"wp:featuredmedia":[{"embeddable":true,"href":"https:\/\/baturina-homewear.com\/de\/wp-json\/wp\/v2\/media\/39860"}],"wp:attachment":[{"href":"https:\/\/baturina-homewear.com\/de\/wp-json\/wp\/v2\/media?parent=32189"}],"curies":[{"name":"wp","href":"https:\/\/api.w.org\/{rel}","templated":true}]}}