{"id":32211,"date":"2022-08-15T23:43:14","date_gmt":"2022-08-15T21:43:14","guid":{"rendered":"https:\/\/baturina-homewear.com\/showroom\/"},"modified":"2025-07-30T21:36:11","modified_gmt":"2025-07-30T19:36:11","slug":"showroom","status":"publish","type":"page","link":"https:\/\/baturina-homewear.com\/de\/showroom\/","title":{"rendered":"Besuchen Sie unser Atelier"},"content":{"rendered":"\t\t<div data-elementor-type=\"wp-page\" data-elementor-id=\"32211\" class=\"elementor elementor-32211 elementor-32165\" data-elementor-post-type=\"page\">\n\t\t\t\t<div class=\"wd-negative-gap elementor-element elementor-element-ac286b1 e-flex e-con-boxed e-con e-parent\" data-id=\"ac286b1\" data-element_type=\"container\" data-e-type=\"container\">\n\t\t\t\t\t<div class=\"e-con-inner\">\n\t\t<div class=\"elementor-element elementor-element-bd11347 e-con-full wd-section-stretch-content e-flex e-con e-child\" data-id=\"bd11347\" data-element_type=\"container\" data-e-type=\"container\" data-settings=\"{&quot;background_background&quot;:&quot;classic&quot;}\">\n\t\t\t\t<div class=\"elementor-element elementor-element-d6551c8 elementor-widget elementor-widget-heading\" data-id=\"d6551c8\" data-element_type=\"widget\" data-e-type=\"widget\" data-widget_type=\"heading.default\">\n\t\t\t\t<div class=\"elementor-widget-container\">\n\t\t\t\t\t<h1 class=\"elementor-heading-title elementor-size-default\">Besuchen Sie unser Atelier<\/h1>\t\t\t\t<\/div>\n\t\t\t\t<\/div>\n\t\t\t\t<div class=\"elementor-element elementor-element-24cfd52 elementor-widget__width-initial elementor-widget-widescreen__width-initial color-scheme-inherit text-left elementor-widget elementor-widget-text-editor\" data-id=\"24cfd52\" data-element_type=\"widget\" data-e-type=\"widget\" data-widget_type=\"text-editor.default\">\n\t\t\t\t<div class=\"elementor-widget-container\">\n\t\t\t\t\t\t\t\t\t<p>Treten Sie ein in die Welt von Baturina Homewear und erleben Sie eines der einzigartigsten und authentischsten Einkaufserlebnisse \u00fcberhaupt. Unser Atelier in Hamburg ist nicht nur ein Arbeitsraum &#8211; es ist der Ort, an dem die Magie passiert. <\/p>\t\t\t\t\t\t\t\t<\/div>\n\t\t\t\t<\/div>\n\t\t\t\t<\/div>\n\t\t<div class=\"elementor-element elementor-element-e29a49d e-con-full e-flex e-con e-child\" data-id=\"e29a49d\" data-element_type=\"container\" data-e-type=\"container\">\n\t\t\t\t<div class=\"elementor-element elementor-element-679bad4 color-scheme-inherit text-left elementor-widget elementor-widget-text-editor\" data-id=\"679bad4\" data-element_type=\"widget\" data-e-type=\"widget\" id=\"studio-text\" data-widget_type=\"text-editor.default\">\n\t\t\t\t<div class=\"elementor-widget-container\">\n\t\t\t\t\t\t\t\t\t<p>Von Regalen voller luxuri\u00f6ser Stoffe bis hin zu Einblicken in die Maschinen und die Handwerkskunst, die hinter jedem St\u00fcck steckt &#8211; ein Besuch in unserem Atelier bietet einen seltenen Einblick in die Kunst der Herrenmode nach Ma\u00df.<\/p><h2>Was zu erwarten ist<\/h2><p>In unserem Atelier bieten wir Ihnen ein pers\u00f6nliches Erlebnis, das nur auf Sie zugeschnitten ist. W\u00e4hrend Ihres Besuchs k\u00f6nnen Sie: <\/p><ul><li><strong>Genie\u00dfen Sie ein pers\u00f6nliches Beratungsgespr\u00e4ch:<\/strong> Lassen Sie sich von Experten zu Gr\u00f6\u00dfe, Stoffauswahl und Design-Vorlieben beraten, damit Ihr Kleidungsst\u00fcck perfekt passt und Ihren individuellen Stil widerspiegelt.<\/li><li><strong>Erstellen Sie ein individuelles Design:<\/strong> Entwerfen Sie gemeinsam mit uns ein einzigartiges Design, das exklusiv f\u00fcr Sie angefertigt wird.<\/li><li><strong>Eine Bestellung aufgeben:<\/strong> Sehen Sie sich unsere Muster an, f\u00fchlen Sie die Stoffe und geben Sie Ihre Bestellung pers\u00f6nlich auf.<\/li><li><strong>Abholung Ihrer Bestellung:<\/strong> Sie haben bereits eine Bestellung aufgegeben? Sie k\u00f6nnen sie gerne direkt im Atelier abholen. <\/li><\/ul><h3>Ein privates Erlebnis, nur nach Terminabsprache<\/h3><p>Um sicherzustellen, dass jeder Besucher unsere ungeteilte Aufmerksamkeit erh\u00e4lt, bitten wir Sie, im Voraus einen Termin zu vereinbaren. Unser Atelier ist ein aktiver Arbeitsbereich, daher beschr\u00e4nken wir die Besuche auf jeweils einen Kunden, um die bestm\u00f6gliche Erfahrung zu gew\u00e4hrleisten. <\/p><p>Sie k\u00f6nnen Ihren Besuch ganz einfach \u00fcber unsere Website planen oder uns anrufen.<\/p><p>Wir freuen uns darauf, Sie in unserem Atelier begr\u00fc\u00dfen zu d\u00fcrfen, wo jedes Detail &#8211; von den Stoffen bis zur Handwerkskunst &#8211; zum Leben erweckt wird. Erleben Sie die Kunstfertigkeit, Leidenschaft und Tradition, die Baturina Homewear ausmachen! <\/p>\t\t\t\t\t\t\t\t<\/div>\n\t\t\t\t<\/div>\n\t\t\t\t<div class=\"elementor-element elementor-element-b6f3cc5 elementor-widget elementor-widget-heading\" data-id=\"b6f3cc5\" data-element_type=\"widget\" data-e-type=\"widget\" data-widget_type=\"heading.default\">\n\t\t\t\t<div class=\"elementor-widget-container\">\n\t\t\t\t\t<h3 class=\"elementor-heading-title elementor-size-default\">Planen Sie Ihren Besuch<\/h3>\t\t\t\t<\/div>\n\t\t\t\t<\/div>\n\t\t\t\t<div class=\"elementor-element elementor-element-393a5c2 color-scheme-inherit text-left elementor-widget elementor-widget-text-editor\" data-id=\"393a5c2\" data-element_type=\"widget\" data-e-type=\"widget\" data-widget_type=\"text-editor.default\">\n\t\t\t\t<div class=\"elementor-widget-container\">\n\t\t\t\t\t\t\t\t\t<p>Oder rufen Sie uns an: <a title=\"+49 (0) 4021901400\" href=\"tel:+49%20(0)%204021901400\">+49 (0) 4021901400<\/a><\/p><p><strong>Unsere Adresse:<\/strong><\/p><p>Baturina GmbH, Westend Village, Theodorstr. 42 &#8211; 90, Haus 2, Souterrain Loft Nr. 24, 22761 Hamburg, Deutschland <\/p>\t\t\t\t\t\t\t\t<\/div>\n\t\t\t\t<\/div>\n\t\t\t\t<div class=\"elementor-element elementor-element-b2d2ac9 elementor-widget__width-initial wd-cf7 elementor-widget elementor-widget-wd_contact_form_7\" data-id=\"b2d2ac9\" data-element_type=\"widget\" data-e-type=\"widget\" data-widget_type=\"wd_contact_form_7.default\">\n\t\t\t\t<div class=\"elementor-widget-container\">\n\t\t\t\t\t\n<div class=\"wpcf7 no-js\" id=\"wpcf7-f32213-o1\" lang=\"de-DE\" dir=\"ltr\" data-wpcf7-id=\"32213\">\n<div class=\"screen-reader-response\"><p role=\"status\" aria-live=\"polite\" aria-atomic=\"true\"><\/p> <ul><\/ul><\/div>\n<form action=\"\/de\/wp-json\/wp\/v2\/pages\/32211#wpcf7-f32213-o1\" method=\"post\" class=\"wpcf7-form init\" aria-label=\"Kontaktformular\" novalidate=\"novalidate\" data-status=\"init\">\n<fieldset class=\"hidden-fields-container\"><input type=\"hidden\" name=\"_wpcf7\" value=\"32213\" \/><input type=\"hidden\" name=\"_wpcf7_version\" value=\"6.1.5\" \/><input type=\"hidden\" name=\"_wpcf7_locale\" value=\"de_DE\" \/><input type=\"hidden\" name=\"_wpcf7_unit_tag\" value=\"wpcf7-f32213-o1\" \/><input type=\"hidden\" name=\"_wpcf7_container_post\" value=\"0\" \/><input type=\"hidden\" name=\"_wpcf7_posted_data_hash\" value=\"\" \/>\n<\/fieldset>\n<p><label> Name (erforderlich)<br \/>\n<span class=\"wpcf7-form-control-wrap\" data-name=\"your-name\"><input size=\"40\" maxlength=\"400\" class=\"wpcf7-form-control wpcf7-text wpcf7-validates-as-required\" aria-required=\"true\" aria-invalid=\"false\" value=\"\" type=\"text\" name=\"your-name\" \/><\/span> <\/label>\n<\/p>\n<p><label> E-Mail (erforderlich)<br \/>\n<span class=\"wpcf7-form-control-wrap\" data-name=\"your-email\"><input size=\"40\" maxlength=\"400\" class=\"wpcf7-form-control wpcf7-email wpcf7-validates-as-required wpcf7-text wpcf7-validates-as-email\" aria-required=\"true\" aria-invalid=\"false\" value=\"\" type=\"email\" name=\"your-email\" \/><\/span> <\/label>\n<\/p>\n<p>Bitte w\u00e4hlen Sie ein bevorzugtes Datum f\u00fcr Ihren Besuch. Bitte beachten Sie, dass wir an Wochenenden in der Regel geschlossen sind, aber wir k\u00f6nnen Ausnahmen machen.<br \/>\n<span class=\"wpcf7-form-control-wrap\" data-name=\"date-702\"><input class=\"wpcf7-form-control wpcf7-date wpcf7-validates-as-required wpcf7-validates-as-date\" aria-required=\"true\" aria-invalid=\"false\" value=\"\" type=\"date\" name=\"date-702\" \/><\/span>\n<\/p>\n<p>Bitte w\u00e4hlen Sie die gew\u00fcnschte Zeit<br \/>\n<span class=\"wpcf7-form-control-wrap\" data-name=\"radio-444\"><span class=\"wpcf7-form-control wpcf7-radio\"><span class=\"wpcf7-list-item first\"><label><span class=\"wpcf7-list-item-label\">9:00-10:00<\/span><input type=\"radio\" name=\"radio-444\" value=\"9:00-10:00\" \/><\/label><\/span><span class=\"wpcf7-list-item\"><label><span class=\"wpcf7-list-item-label\">10:00-11:00<\/span><input type=\"radio\" name=\"radio-444\" value=\"10:00-11:00\" \/><\/label><\/span><span class=\"wpcf7-list-item\"><label><span class=\"wpcf7-list-item-label\">11:00-12:00<\/span><input type=\"radio\" name=\"radio-444\" value=\"11:00-12:00\" \/><\/label><\/span><span class=\"wpcf7-list-item\"><label><span class=\"wpcf7-list-item-label\">12:00 - 13:00<\/span><input type=\"radio\" name=\"radio-444\" value=\"12:00 - 13:00\" \/><\/label><\/span><span class=\"wpcf7-list-item\"><label><span class=\"wpcf7-list-item-label\">15:00-16:00<\/span><input type=\"radio\" name=\"radio-444\" value=\"15:00-16:00\" \/><\/label><\/span><span class=\"wpcf7-list-item\"><label><span class=\"wpcf7-list-item-label\">16:00-17:00<\/span><input type=\"radio\" name=\"radio-444\" value=\"16:00-17:00\" \/><\/label><\/span><span class=\"wpcf7-list-item last\"><label><span class=\"wpcf7-list-item-label\">17:00-18:00<\/span><input type=\"radio\" name=\"radio-444\" value=\"17:00-18:00\" \/><\/label><\/span><\/span><\/span>\n<\/p>\n<p><label> Sind Sie an einem bestimmten Design interessiert? Bitte notieren Sie unten. (erforderlich)<br \/>\n<span class=\"wpcf7-form-control-wrap\" data-name=\"your-message\"><textarea cols=\"40\" rows=\"10\" maxlength=\"2000\" minlength=\"20\" class=\"wpcf7-form-control wpcf7-textarea wpcf7-validates-as-required\" aria-required=\"true\" aria-invalid=\"false\" name=\"your-message\"><\/textarea><\/span> <\/label>\n<\/p>\n<p>Bitte l\u00f6sen Sie dieses Quiz, bevor Sie Ihre Nachricht abschicken. (erforderlich)<br \/>\n<span class=\"wpcf7-form-control-wrap\" data-name=\"use_label_element\"><label><span class=\"wpcf7-quiz-label\">1+1=?<\/span> <input size=\"40\" class=\"wpcf7-form-control wpcf7-quiz\" autocomplete=\"off\" aria-required=\"true\" aria-invalid=\"false\" type=\"text\" name=\"use_label_element\" \/><\/label><input type=\"hidden\" name=\"_wpcf7_quiz_answer_use_label_element\" value=\"229bc4a338dabc0afc4e10acc95b2005\" \/><\/span>\n<\/p>\n<p><span id=\"wpcf7-69d49b8ad55ac-wrapper\" class=\"wpcf7-form-control-wrap website-174-wrap\" ><input type=\"hidden\" name=\"website-174-time-start\" value=\"1775541130\"><input type=\"hidden\" name=\"website-174-time-check\" value=\"3\"><label for=\"wpcf7-69d49b8ad55ac-field\" class=\"hp-message\">Bitte lasse dieses Feld leer.<\/label><input id=\"wpcf7-69d49b8ad55ac-field\"  placeholder=\"Phone number\"  class=\"wpcf7-form-control wpcf7-text\" type=\"text\" name=\"website-174\" value=\"\" size=\"40\" tabindex=\"-1\" autocomplete=\"new-password\" \/><\/span>\n<\/p>\n<p>Mit dem Absenden des Formulars erkl\u00e4ren Sie sich damit einverstanden, dass Ihre Angaben aus dem Kontaktformular zur Beantwortung Ihrer Anfrage sowie f\u00fcr den Fall, dass Anschlussfragen entstehen, gespeichert und verarbeitet werden. Weitere Informationen finden Sie in der <a href=\"https:\/\/www.baturina-homewear.com\/privacy\/\">Datenschutzerkl\u00e4rung<\/a>.\n<\/p>\n<p><input class=\"wpcf7-form-control wpcf7-submit has-spinner\" type=\"submit\" value=\"Termin anfragen\" \/>\n<\/p><div class=\"wpcf7-response-output\" aria-hidden=\"true\"><\/div>\n<\/form>\n<\/div>\n\t\t\t\t<\/div>\n\t\t\t\t<\/div>\n\t\t\t\t<\/div>\n\t\t\t\t\t<\/div>\n\t\t\t\t<\/div>\n\t\t<div class=\"wd-negative-gap elementor-element elementor-element-6fcf4b8 wd-section-stretch-content e-flex e-con-boxed e-con e-parent\" data-id=\"6fcf4b8\" data-element_type=\"container\" data-e-type=\"container\">\n\t\t\t\t\t<div class=\"e-con-inner\">\n\t\t\t\t<div class=\"elementor-element elementor-element-8a41eef wd-width-100 elementor-widget elementor-widget-wd_images_gallery\" data-id=\"8a41eef\" data-element_type=\"widget\" data-e-type=\"widget\" data-widget_type=\"wd_images_gallery.default\">\n\t\t\t\t<div class=\"elementor-widget-container\">\n\t\t\t\t\t\t\t<div class=\"wd-images-gallery photoswipe-images\" style=\"--wd-align-items:center; --wd-justify-content:center;\">\n\t\t\t\t\t\t<div class=\"wd-masonry wd-grid-f-col\" style=\"--wd-col-lg:2;--wd-col-md:2;--wd-col-sm:1;--wd-gap-lg:20px;--wd-gap-sm:20px;\" >\n\t\t\t\t\t\t\t\t\t\t\t\t\t\t\t\t\t\t<div class=\"wd-gallery-item wd-col\">\n\t\t\t\t\t\t\t\t\t\t\t\t\t<a  href=\"https:\/\/baturina-homewear.com\/wp-content\/uploads\/2022\/07\/baturina-homewear-4.jpg\" data-width=\"1200\" data-height=\"800\" data-index=\"1\" data-elementor-open-lightbox=\"no\">\n\t\t\t\t\t\t\n\t\t\t\t\t\t<img decoding=\"async\" width=\"1024\" height=\"683\" src=\"https:\/\/baturina-homewear.com\/wp-content\/uploads\/2022\/07\/baturina-homewear-4-1024x683.jpg\" class=\"attachment-large size-large\" alt=\"Dressing gowns waiting to be shipped.\" srcset=\"https:\/\/baturina-homewear.com\/wp-content\/uploads\/2022\/07\/baturina-homewear-4-1024x683.jpg 1024w, https:\/\/baturina-homewear.com\/wp-content\/uploads\/2022\/07\/baturina-homewear-4-300x200.jpg 300w, https:\/\/baturina-homewear.com\/wp-content\/uploads\/2022\/07\/baturina-homewear-4-768x512.jpg 768w, https:\/\/baturina-homewear.com\/wp-content\/uploads\/2022\/07\/baturina-homewear-4-670x447.jpg 670w, https:\/\/baturina-homewear.com\/wp-content\/uploads\/2022\/07\/baturina-homewear-4-150x100.jpg 150w, https:\/\/baturina-homewear.com\/wp-content\/uploads\/2022\/07\/baturina-homewear-4.jpg 1200w\" sizes=\"(max-width: 1024px) 100vw, 1024px\" title=\"\">\n\t\t\t\t\t\t\t\t\t\t\t\t\t<\/a>\n\t\t\t\t\t\t\t\t\t\t\t<\/div>\n\t\t\t\t\t\t\t\t\t\t\t\t\t\t\t<div class=\"wd-gallery-item wd-col\">\n\t\t\t\t\t\t\t\t\t\t\t\t\t<a  href=\"https:\/\/baturina-homewear.com\/wp-content\/uploads\/2024\/06\/handmade-baturina.jpg\" data-width=\"1200\" data-height=\"800\" data-index=\"2\" data-elementor-open-lightbox=\"no\">\n\t\t\t\t\t\t\n\t\t\t\t\t\t<img decoding=\"async\" width=\"1024\" height=\"683\" src=\"https:\/\/baturina-homewear.com\/wp-content\/uploads\/2024\/06\/handmade-baturina-1024x683.jpg\" class=\"attachment-large size-large\" alt=\"handmade-baturina\" srcset=\"https:\/\/baturina-homewear.com\/wp-content\/uploads\/2024\/06\/handmade-baturina-1024x683.jpg 1024w, https:\/\/baturina-homewear.com\/wp-content\/uploads\/2024\/06\/handmade-baturina-300x200.jpg 300w, https:\/\/baturina-homewear.com\/wp-content\/uploads\/2024\/06\/handmade-baturina-768x512.jpg 768w, https:\/\/baturina-homewear.com\/wp-content\/uploads\/2024\/06\/handmade-baturina-670x447.jpg 670w, https:\/\/baturina-homewear.com\/wp-content\/uploads\/2024\/06\/handmade-baturina-150x100.jpg 150w, https:\/\/baturina-homewear.com\/wp-content\/uploads\/2024\/06\/handmade-baturina.jpg 1200w\" sizes=\"(max-width: 1024px) 100vw, 1024px\" title=\"\">\n\t\t\t\t\t\t\t\t\t\t\t\t\t<\/a>\n\t\t\t\t\t\t\t\t\t\t\t<\/div>\n\t\t\t\t\t\t\t\t\t\t\t\t\t\t\t<div class=\"wd-gallery-item wd-col\">\n\t\t\t\t\t\t\t\t\t\t\t\t\t<a  href=\"https:\/\/baturina-homewear.com\/wp-content\/uploads\/2022\/08\/showroom1.jpg\" data-width=\"1500\" data-height=\"1000\" data-index=\"3\" data-elementor-open-lightbox=\"no\">\n\t\t\t\t\t\t\n\t\t\t\t\t\t<img decoding=\"async\" width=\"1024\" height=\"683\" src=\"https:\/\/baturina-homewear.com\/wp-content\/uploads\/2022\/08\/showroom1-1024x683.jpg\" class=\"attachment-large size-large\" alt=\"showroom1\" srcset=\"https:\/\/baturina-homewear.com\/wp-content\/uploads\/2022\/08\/showroom1-1024x683.jpg 1024w, https:\/\/baturina-homewear.com\/wp-content\/uploads\/2022\/08\/showroom1-300x200.jpg 300w, https:\/\/baturina-homewear.com\/wp-content\/uploads\/2022\/08\/showroom1-768x512.jpg 768w, https:\/\/baturina-homewear.com\/wp-content\/uploads\/2022\/08\/showroom1-670x447.jpg 670w, https:\/\/baturina-homewear.com\/wp-content\/uploads\/2022\/08\/showroom1-150x100.jpg 150w, https:\/\/baturina-homewear.com\/wp-content\/uploads\/2022\/08\/showroom1.jpg 1500w\" sizes=\"(max-width: 1024px) 100vw, 1024px\" title=\"\">\n\t\t\t\t\t\t\t\t\t\t\t\t\t<\/a>\n\t\t\t\t\t\t\t\t\t\t\t<\/div>\n\t\t\t\t\t\t\t\t\t\t\t\t\t\t\t<div class=\"wd-gallery-item wd-col\">\n\t\t\t\t\t\t\t\t\t\t\t\t\t<a  href=\"https:\/\/baturina-homewear.com\/wp-content\/uploads\/2022\/08\/showroom3.jpg\" data-width=\"1500\" data-height=\"1000\" data-index=\"4\" data-elementor-open-lightbox=\"no\">\n\t\t\t\t\t\t\n\t\t\t\t\t\t<img decoding=\"async\" width=\"1024\" height=\"683\" src=\"https:\/\/baturina-homewear.com\/wp-content\/uploads\/2022\/08\/showroom3-1024x683.jpg\" class=\"attachment-large size-large\" alt=\"showroom3\" srcset=\"https:\/\/baturina-homewear.com\/wp-content\/uploads\/2022\/08\/showroom3-1024x683.jpg 1024w, https:\/\/baturina-homewear.com\/wp-content\/uploads\/2022\/08\/showroom3-300x200.jpg 300w, https:\/\/baturina-homewear.com\/wp-content\/uploads\/2022\/08\/showroom3-768x512.jpg 768w, https:\/\/baturina-homewear.com\/wp-content\/uploads\/2022\/08\/showroom3-670x447.jpg 670w, https:\/\/baturina-homewear.com\/wp-content\/uploads\/2022\/08\/showroom3-150x100.jpg 150w, https:\/\/baturina-homewear.com\/wp-content\/uploads\/2022\/08\/showroom3.jpg 1500w\" sizes=\"(max-width: 1024px) 100vw, 1024px\" title=\"\">\n\t\t\t\t\t\t\t\t\t\t\t\t\t<\/a>\n\t\t\t\t\t\t\t\t\t\t\t<\/div>\n\t\t\t\t\t\t\t\t\t\t\t\t\t\t\t<div class=\"wd-gallery-item wd-col\">\n\t\t\t\t\t\t\t\t\t\t\t\t\t<a  href=\"https:\/\/baturina-homewear.com\/wp-content\/uploads\/2022\/07\/baturina-homewear-6.jpg\" data-width=\"1200\" data-height=\"800\" data-index=\"5\" data-elementor-open-lightbox=\"no\">\n\t\t\t\t\t\t\n\t\t\t\t\t\t<img decoding=\"async\" width=\"1024\" height=\"683\" src=\"https:\/\/baturina-homewear.com\/wp-content\/uploads\/2022\/07\/baturina-homewear-6-1024x683.jpg\" class=\"attachment-large size-large\" alt=\"Working on an order.\" srcset=\"https:\/\/baturina-homewear.com\/wp-content\/uploads\/2022\/07\/baturina-homewear-6-1024x683.jpg 1024w, https:\/\/baturina-homewear.com\/wp-content\/uploads\/2022\/07\/baturina-homewear-6-300x200.jpg 300w, https:\/\/baturina-homewear.com\/wp-content\/uploads\/2022\/07\/baturina-homewear-6-768x512.jpg 768w, https:\/\/baturina-homewear.com\/wp-content\/uploads\/2022\/07\/baturina-homewear-6-670x447.jpg 670w, https:\/\/baturina-homewear.com\/wp-content\/uploads\/2022\/07\/baturina-homewear-6.jpg 1200w\" sizes=\"(max-width: 1024px) 100vw, 1024px\" title=\"\">\n\t\t\t\t\t\t\t\t\t\t\t\t\t<\/a>\n\t\t\t\t\t\t\t\t\t\t\t<\/div>\n\t\t\t\t\t\t\t\t\t\t\t\t\t\t\t<div class=\"wd-gallery-item wd-col\">\n\t\t\t\t\t\t\t\t\t\t\t\t\t<a  href=\"https:\/\/baturina-homewear.com\/wp-content\/uploads\/2022\/07\/baturina-homewear-4.jpg\" data-width=\"1200\" data-height=\"800\" data-index=\"6\" data-elementor-open-lightbox=\"no\">\n\t\t\t\t\t\t\n\t\t\t\t\t\t<img decoding=\"async\" width=\"1024\" height=\"683\" src=\"https:\/\/baturina-homewear.com\/wp-content\/uploads\/2022\/07\/baturina-homewear-4-1024x683.jpg\" class=\"attachment-large size-large\" alt=\"Dressing gowns waiting to be shipped.\" srcset=\"https:\/\/baturina-homewear.com\/wp-content\/uploads\/2022\/07\/baturina-homewear-4-1024x683.jpg 1024w, https:\/\/baturina-homewear.com\/wp-content\/uploads\/2022\/07\/baturina-homewear-4-300x200.jpg 300w, https:\/\/baturina-homewear.com\/wp-content\/uploads\/2022\/07\/baturina-homewear-4-768x512.jpg 768w, https:\/\/baturina-homewear.com\/wp-content\/uploads\/2022\/07\/baturina-homewear-4-670x447.jpg 670w, https:\/\/baturina-homewear.com\/wp-content\/uploads\/2022\/07\/baturina-homewear-4-150x100.jpg 150w, https:\/\/baturina-homewear.com\/wp-content\/uploads\/2022\/07\/baturina-homewear-4.jpg 1200w\" sizes=\"(max-width: 1024px) 100vw, 1024px\" title=\"\">\n\t\t\t\t\t\t\t\t\t\t\t\t\t<\/a>\n\t\t\t\t\t\t\t\t\t\t\t<\/div>\n\t\t\t\t\t\t\t\t\t\t\t\t\t<\/div>\n\t\t\t\t\t<\/div>\n\t\t\t\t\t\t<\/div>\n\t\t\t\t<\/div>\n\t\t\t\t\t<\/div>\n\t\t\t\t<\/div>\n\t\t\t\t<\/div>\n\t\t","protected":false},"excerpt":{"rendered":"<p>Besuchen Sie unser Atelier Treten Sie ein in die Welt von Baturina Homewear und erleben Sie eines der einzigartigsten und<\/p>\n","protected":false},"author":1,"featured_media":28159,"parent":0,"menu_order":0,"comment_status":"closed","ping_status":"closed","template":"","meta":{"footnotes":""},"class_list":["post-32211","page","type-page","status-publish","has-post-thumbnail","hentry"],"_links":{"self":[{"href":"https:\/\/baturina-homewear.com\/de\/wp-json\/wp\/v2\/pages\/32211","targetHints":{"allow":["GET"]}}],"collection":[{"href":"https:\/\/baturina-homewear.com\/de\/wp-json\/wp\/v2\/pages"}],"about":[{"href":"https:\/\/baturina-homewear.com\/de\/wp-json\/wp\/v2\/types\/page"}],"author":[{"embeddable":true,"href":"https:\/\/baturina-homewear.com\/de\/wp-json\/wp\/v2\/users\/1"}],"replies":[{"embeddable":true,"href":"https:\/\/baturina-homewear.com\/de\/wp-json\/wp\/v2\/comments?post=32211"}],"version-history":[{"count":24,"href":"https:\/\/baturina-homewear.com\/de\/wp-json\/wp\/v2\/pages\/32211\/revisions"}],"predecessor-version":[{"id":73977,"href":"https:\/\/baturina-homewear.com\/de\/wp-json\/wp\/v2\/pages\/32211\/revisions\/73977"}],"wp:featuredmedia":[{"embeddable":true,"href":"https:\/\/baturina-homewear.com\/de\/wp-json\/wp\/v2\/media\/28159"}],"wp:attachment":[{"href":"https:\/\/baturina-homewear.com\/de\/wp-json\/wp\/v2\/media?parent=32211"}],"curies":[{"name":"wp","href":"https:\/\/api.w.org\/{rel}","templated":true}]}}