{"id":64739,"date":"2025-01-10T10:51:12","date_gmt":"2025-01-10T09:51:12","guid":{"rendered":"https:\/\/baturina-homewear.com\/kollektionen\/"},"modified":"2025-09-08T08:41:29","modified_gmt":"2025-09-08T06:41:29","slug":"kollektionen","status":"publish","type":"page","link":"https:\/\/baturina-homewear.com\/de\/kollektionen\/","title":{"rendered":"Kollektionen"},"content":{"rendered":"\t\t<div data-elementor-type=\"wp-page\" data-elementor-id=\"64739\" class=\"elementor elementor-64739 elementor-52929\" data-elementor-post-type=\"page\">\n\t\t\t\t<div class=\"elementor-element elementor-element-d40e162 wd-section-stretch-content e-flex e-con-boxed e-con e-parent\" data-id=\"d40e162\" data-element_type=\"container\" data-e-type=\"container\">\n\t\t\t\t\t<div class=\"e-con-inner\">\n\t\t<div class=\"elementor-element elementor-element-0e58429 e-con-full e-grid e-con e-child\" data-id=\"0e58429\" data-element_type=\"container\" data-e-type=\"container\">\n\t\t\t\t<div class=\"elementor-element elementor-element-3de9b71 elementor-cta--valign-middle elementor-widget__width-initial elementor-cta--layout-image-above elementor-cta--widescreen-layout-image-above elementor-cta--mobile-layout-image-above elementor-widget-tablet_extra__width-inherit elementor-cta--skin-classic elementor-widget elementor-widget-call-to-action\" data-id=\"3de9b71\" data-element_type=\"widget\" data-e-type=\"widget\" data-widget_type=\"call-to-action.default\">\n\t\t\t\t<div class=\"elementor-widget-container\">\n\t\t\t\t\t\t\t<a class=\"elementor-cta\" href=\"https:\/\/baturina-homewear.com\/de\/kollektionen\/herren\/\">\n\t\t\t\t\t<div class=\"elementor-cta__bg-wrapper\">\n\t\t\t\t<div class=\"elementor-cta__bg elementor-bg\" style=\"background-image: url(https:\/\/baturina-homewear.com\/wp-content\/uploads\/2025\/08\/navy-smoking-jacket-01-flat-lay-photoshoot-banner-768x512.jpg);\" role=\"img\" aria-label=\"dunkelblau-hausjacke-01-flach-legen-fotoshoot-banner\"><\/div>\n\t\t\t\t<div class=\"elementor-cta__bg-overlay\"><\/div>\n\t\t\t<\/div>\n\t\t\t\t\t\t\t<div class=\"elementor-cta__content\">\n\t\t\t\t\n\t\t\t\t\t\t\t\t\t<h2 class=\"elementor-cta__title elementor-cta__content-item elementor-content-item\">\n\t\t\t\t\t\tF\u00fcr ihn\t\t\t\t\t<\/h2>\n\t\t\t\t\n\t\t\t\t\t\t\t\t\t<div class=\"elementor-cta__description elementor-cta__content-item elementor-content-item\">\n\t\t\t\t\t\tKlassische Morgenm\u00e4ntel und Pyjamas f\u00fcr den Herrn.\t\t\t\t\t<\/div>\n\t\t\t\t\n\t\t\t\t\t\t\t\t\t<div class=\"elementor-cta__button-wrapper elementor-cta__content-item elementor-content-item \">\n\t\t\t\t\t<span class=\"elementor-cta__button elementor-button elementor-size-\">\n\t\t\t\t\t\tShop\t\t\t\t\t<\/span>\n\t\t\t\t\t<\/div>\n\t\t\t\t\t\t\t<\/div>\n\t\t\t\t\t\t<\/a>\n\t\t\t\t\t\t<\/div>\n\t\t\t\t<\/div>\n\t\t\t\t<div class=\"elementor-element elementor-element-cce451f elementor-cta--valign-middle elementor-widget__width-initial elementor-cta--layout-image-above elementor-cta--mobile-layout-image-above elementor-widget-tablet_extra__width-inherit elementor-cta--skin-classic elementor-widget elementor-widget-call-to-action\" data-id=\"cce451f\" data-element_type=\"widget\" data-e-type=\"widget\" data-widget_type=\"call-to-action.default\">\n\t\t\t\t<div class=\"elementor-widget-container\">\n\t\t\t\t\t\t\t<a class=\"elementor-cta\" href=\"https:\/\/baturina-homewear.com\/de\/kollektionen\/frauen\/\">\n\t\t\t\t\t<div class=\"elementor-cta__bg-wrapper\">\n\t\t\t\t<div class=\"elementor-cta__bg elementor-bg\" style=\"background-image: url(https:\/\/baturina-homewear.com\/wp-content\/uploads\/2025\/08\/women2-flat-lay-photoshoot-banner-768x512.jpg);\" role=\"img\" aria-label=\"women2-flat-lay-photoshoot-banner\"><\/div>\n\t\t\t\t<div class=\"elementor-cta__bg-overlay\"><\/div>\n\t\t\t<\/div>\n\t\t\t\t\t\t\t<div class=\"elementor-cta__content\">\n\t\t\t\t\n\t\t\t\t\t\t\t\t\t<h2 class=\"elementor-cta__title elementor-cta__content-item elementor-content-item\">\n\t\t\t\t\t\tF\u00fcr sie\t\t\t\t\t<\/h2>\n\t\t\t\t\n\t\t\t\t\t\t\t\t\t<div class=\"elementor-cta__description elementor-cta__content-item elementor-content-item\">\n\t\t\t\t\t\tElegante Lounge- und Nachtw\u00e4sche.\t\t\t\t\t<\/div>\n\t\t\t\t\n\t\t\t\t\t\t\t\t\t<div class=\"elementor-cta__button-wrapper elementor-cta__content-item elementor-content-item \">\n\t\t\t\t\t<span class=\"elementor-cta__button elementor-button elementor-size-\">\n\t\t\t\t\t\tShop\t\t\t\t\t<\/span>\n\t\t\t\t\t<\/div>\n\t\t\t\t\t\t\t<\/div>\n\t\t\t\t\t\t<\/a>\n\t\t\t\t\t\t<\/div>\n\t\t\t\t<\/div>\n\t\t\t\t<div class=\"elementor-element elementor-element-f9c4261 elementor-cta--valign-middle elementor-widget__width-initial elementor-cta--layout-image-above elementor-cta--mobile-layout-image-above elementor-widget-tablet_extra__width-inherit elementor-cta--skin-classic elementor-widget elementor-widget-call-to-action\" data-id=\"f9c4261\" data-element_type=\"widget\" data-e-type=\"widget\" data-widget_type=\"call-to-action.default\">\n\t\t\t\t<div class=\"elementor-widget-container\">\n\t\t\t\t\t\t\t<a class=\"elementor-cta\" href=\"https:\/\/baturina-homewear.com\/de\/produkt-kategorie\/kinder\/\">\n\t\t\t\t\t<div class=\"elementor-cta__bg-wrapper\">\n\t\t\t\t<div class=\"elementor-cta__bg elementor-bg\" style=\"background-image: url(https:\/\/baturina-homewear.com\/wp-content\/uploads\/2025\/08\/kids-pajamas1-flat-lay-photoshoot-banner-768x512.jpg);\" role=\"img\" aria-label=\"kinder-pyjamas1-flach-legen-fotoshoot-banner\"><\/div>\n\t\t\t\t<div class=\"elementor-cta__bg-overlay\"><\/div>\n\t\t\t<\/div>\n\t\t\t\t\t\t\t<div class=\"elementor-cta__content\">\n\t\t\t\t\n\t\t\t\t\t\t\t\t\t<h2 class=\"elementor-cta__title elementor-cta__content-item elementor-content-item\">\n\t\t\t\t\t\tKinder\t\t\t\t\t<\/h2>\n\t\t\t\t\n\t\t\t\t\t\t\t\t\t<div class=\"elementor-cta__description elementor-cta__content-item elementor-content-item\">\n\t\t\t\t\t\tPassende Morgenm\u00e4ntel und Pyjamas f\u00fcr die ganze Familie.\t\t\t\t\t<\/div>\n\t\t\t\t\n\t\t\t\t\t\t\t\t\t<div class=\"elementor-cta__button-wrapper elementor-cta__content-item elementor-content-item \">\n\t\t\t\t\t<span class=\"elementor-cta__button elementor-button elementor-size-\">\n\t\t\t\t\t\tShop\t\t\t\t\t<\/span>\n\t\t\t\t\t<\/div>\n\t\t\t\t\t\t\t<\/div>\n\t\t\t\t\t\t\t<div class=\"elementor-ribbon elementor-ribbon-left\">\n\t\t\t\t<div class=\"elementor-ribbon-inner\">\n\t\t\t\t\tNeu\t\t\t\t<\/div>\n\t\t\t<\/div>\n\t\t\t\t<\/a>\n\t\t\t\t\t\t<\/div>\n\t\t\t\t<\/div>\n\t\t\t\t<\/div>\n\t\t\t\t<div class=\"elementor-element elementor-element-bffd6e4 color-scheme-inherit text-left elementor-widget elementor-widget-text-editor\" data-id=\"bffd6e4\" data-element_type=\"widget\" data-e-type=\"widget\" data-widget_type=\"text-editor.default\">\n\t\t\t\t<div class=\"elementor-widget-container\">\n\t\t\t\t\t\t\t\t\t<h1>Entdecken Sie zeitlose Eleganz: Baturina Homewear Die Kollektionen<\/h1><p>Willkommen bei Baturina Homewear, wo zeitlose Eleganz auf au\u00dfergew\u00f6hnliche Handwerkskunst trifft. Unsere kuratierten Kollektionen wurden entworfen, um Ihr Loungewear-Erlebnis zu verbessern, indem sie luxuri\u00f6sen Komfort mit Vintage-inspirierter Raffinesse verbinden. Jedes St\u00fcck wird in unserem Hamburger Atelier in sorgf\u00e4ltiger Handarbeit gefertigt und zelebriert klassische Stile mit moderner Sensibilit\u00e4t.  <\/p><h2>Luxuri\u00f6se Herren Morgenm\u00e4ntel<\/h2><p>G\u00f6nnen Sie sich den ultimativen Komfort mit unseren charakteristischen Morgenm\u00e4nteln f\u00fcr Herren. Von pl\u00fcschigem Samt und reicher Wolle bis hin zu kunstvollen Jacquards und atmungsaktiver Baumwolle &#8211; unsere Morgenm\u00e4ntel sind so designt, dass sie zu jeder Jahreszeit und jedem Stil passen. Inspiriert von historischen Designs aus der Zeit um 1800 bis zur Mitte des Jahrhunderts, verbindet jeder Morgenmantel den Charme der alten Welt mit moderner Raffinesse. Die Morgenm\u00e4ntel sind in Passform und L\u00e4nge vollst\u00e4ndig anpassbar und k\u00f6nnen mit einer Monogramm-Stickerei personalisiert werden, so dass sie so einzigartig sind wie die Personen, die sie tragen.   <\/p><h2>Klassische Pyjamas &amp; Loungewear<\/h2><p>Unsere Pyjama-Sets bieten eine perfekte Balance aus Komfort und Stil. Sie sind aus weicher Baumwolle, atmungsaktiver Viskose und glattem Satin gefertigt und wurden f\u00fcr erholsame N\u00e4chte und entspannte Morgen entwickelt. Ob Sie nun zeitlose Unis oder verspielte Prints bevorzugen, jedes Set sorgt f\u00fcr m\u00fchelose Eleganz beim Entspannen oder Schlafen.  <\/p>\t\t\t\t\t\t\t\t<\/div>\n\t\t\t\t<\/div>\n\t\t<div class=\"elementor-element elementor-element-82026c7 e-con-full e-grid e-con e-child\" data-id=\"82026c7\" data-element_type=\"container\" data-e-type=\"container\">\n\t\t\t\t<div class=\"elementor-element elementor-element-e8cf7f3 elementor-cta--valign-middle elementor-widget__width-initial elementor-cta--layout-image-above elementor-cta--widescreen-layout-image-above elementor-cta--mobile-layout-image-above elementor-widget-laptop__width-inherit elementor-cta--skin-classic elementor-widget elementor-widget-call-to-action\" data-id=\"e8cf7f3\" data-element_type=\"widget\" data-e-type=\"widget\" data-widget_type=\"call-to-action.default\">\n\t\t\t\t<div class=\"elementor-widget-container\">\n\t\t\t\t\t\t\t<a class=\"elementor-cta\" href=\"https:\/\/baturina-homewear.com\/de\/blog\/editorial-de\/die-geschichte-des-pyjamas\/\">\n\t\t\t\t\t<div class=\"elementor-cta__bg-wrapper\">\n\t\t\t\t<div class=\"elementor-cta__bg elementor-bg\" style=\"background-image: url(https:\/\/baturina-homewear.com\/wp-content\/uploads\/2025\/08\/pajamas01-flat-lay-photoshoot-banner-768x512.jpg);\" role=\"img\" aria-label=\"pajamas01-flach-legen-fotoshoot-banner\"><\/div>\n\t\t\t\t<div class=\"elementor-cta__bg-overlay\"><\/div>\n\t\t\t<\/div>\n\t\t\t\t\t\t\t<div class=\"elementor-cta__content\">\n\t\t\t\t\n\t\t\t\t\t\t\t\t\t<h2 class=\"elementor-cta__title elementor-cta__content-item elementor-content-item\">\n\t\t\t\t\t\tPyjama f\u00fcr ihn\t\t\t\t\t<\/h2>\n\t\t\t\t\n\t\t\t\t\n\t\t\t\t\t\t\t\t\t<div class=\"elementor-cta__button-wrapper elementor-cta__content-item elementor-content-item \">\n\t\t\t\t\t<span class=\"elementor-cta__button elementor-button elementor-size-\">\n\t\t\t\t\t\tShop\t\t\t\t\t<\/span>\n\t\t\t\t\t<\/div>\n\t\t\t\t\t\t\t<\/div>\n\t\t\t\t\t\t<\/a>\n\t\t\t\t\t\t<\/div>\n\t\t\t\t<\/div>\n\t\t\t\t<div class=\"elementor-element elementor-element-a9195d8 elementor-cta--valign-middle elementor-widget__width-initial elementor-cta--layout-image-above elementor-cta--widescreen-layout-image-above elementor-cta--mobile-layout-image-above elementor-widget-laptop__width-inherit elementor-cta--skin-classic elementor-widget elementor-widget-call-to-action\" data-id=\"a9195d8\" data-element_type=\"widget\" data-e-type=\"widget\" data-widget_type=\"call-to-action.default\">\n\t\t\t\t<div class=\"elementor-widget-container\">\n\t\t\t\t\t\t\t<a class=\"elementor-cta\" href=\"https:\/\/baturina-homewear.com\/de\/produkt\/damen-pyjama-set-hot-pink-satin\/\">\n\t\t\t\t\t<div class=\"elementor-cta__bg-wrapper\">\n\t\t\t\t<div class=\"elementor-cta__bg elementor-bg\" style=\"background-image: url(https:\/\/baturina-homewear.com\/wp-content\/uploads\/2025\/08\/for-her-robes-flat-lay-photoshoot-banner-768x512.jpg);\" role=\"img\" aria-label=\"f\u00fcr-ihre-m\u00e4ntel-flach-legen-fotoshoot-banner\"><\/div>\n\t\t\t\t<div class=\"elementor-cta__bg-overlay\"><\/div>\n\t\t\t<\/div>\n\t\t\t\t\t\t\t<div class=\"elementor-cta__content\">\n\t\t\t\t\n\t\t\t\t\t\t\t\t\t<h2 class=\"elementor-cta__title elementor-cta__content-item elementor-content-item\">\n\t\t\t\t\t\tNachtw\u00e4sche f\u00fcr sie\t\t\t\t\t<\/h2>\n\t\t\t\t\n\t\t\t\t\n\t\t\t\t\t\t\t\t\t<div class=\"elementor-cta__button-wrapper elementor-cta__content-item elementor-content-item \">\n\t\t\t\t\t<span class=\"elementor-cta__button elementor-button elementor-size-\">\n\t\t\t\t\t\tShop\t\t\t\t\t<\/span>\n\t\t\t\t\t<\/div>\n\t\t\t\t\t\t\t<\/div>\n\t\t\t\t\t\t<\/a>\n\t\t\t\t\t\t<\/div>\n\t\t\t\t<\/div>\n\t\t\t\t<div class=\"elementor-element elementor-element-a1b253c elementor-cta--valign-middle elementor-widget__width-initial elementor-cta--layout-image-above elementor-cta--widescreen-layout-image-above elementor-cta--mobile-layout-image-above elementor-widget-laptop__width-inherit elementor-cta--skin-classic elementor-widget elementor-widget-call-to-action\" data-id=\"a1b253c\" data-element_type=\"widget\" data-e-type=\"widget\" data-widget_type=\"call-to-action.default\">\n\t\t\t\t<div class=\"elementor-widget-container\">\n\t\t\t\t\t\t\t<a class=\"elementor-cta\" href=\"https:\/\/baturina-homewear.com\/de\/blog\/hausmantel\/10-gruende-warum-sie-heute-einen-morgenmantel-aus-samt-brauchen-verbessern-sie-ihre-erholung\/\">\n\t\t\t\t\t<div class=\"elementor-cta__bg-wrapper\">\n\t\t\t\t<div class=\"elementor-cta__bg elementor-bg\" style=\"background-image: url(https:\/\/baturina-homewear.com\/wp-content\/uploads\/2025\/08\/warm-velvet-robe-flat-lay-photoshoot-banner-768x512.jpg);\" role=\"img\" aria-label=\"warm-velvet-robe-flat-lay-photoshoot-banner\"><\/div>\n\t\t\t\t<div class=\"elementor-cta__bg-overlay\"><\/div>\n\t\t\t<\/div>\n\t\t\t\t\t\t\t<div class=\"elementor-cta__content\">\n\t\t\t\t\n\t\t\t\t\t\t\t\t\t<h2 class=\"elementor-cta__title elementor-cta__content-item elementor-content-item\">\n\t\t\t\t\t\tWarme Morgenm\u00e4ntel\t\t\t\t\t<\/h2>\n\t\t\t\t\n\t\t\t\t\n\t\t\t\t\t\t\t\t\t<div class=\"elementor-cta__button-wrapper elementor-cta__content-item elementor-content-item \">\n\t\t\t\t\t<span class=\"elementor-cta__button elementor-button elementor-size-\">\n\t\t\t\t\t\tShop\t\t\t\t\t<\/span>\n\t\t\t\t\t<\/div>\n\t\t\t\t\t\t\t<\/div>\n\t\t\t\t\t\t<\/a>\n\t\t\t\t\t\t<\/div>\n\t\t\t\t<\/div>\n\t\t\t\t<div class=\"elementor-element elementor-element-6e7a24c elementor-cta--valign-middle elementor-widget__width-initial elementor-cta--layout-image-above elementor-cta--widescreen-layout-image-above elementor-cta--mobile-layout-image-above elementor-widget-laptop__width-inherit elementor-cta--skin-classic elementor-widget elementor-widget-call-to-action\" data-id=\"6e7a24c\" data-element_type=\"widget\" data-e-type=\"widget\" data-widget_type=\"call-to-action.default\">\n\t\t\t\t<div class=\"elementor-widget-container\">\n\t\t\t\t\t\t\t<a class=\"elementor-cta\" href=\"https:\/\/baturina-homewear.com\/de\/blog\/editorial-de\/leichte-sommermaentel-und-pyjama-sets\/\">\n\t\t\t\t\t<div class=\"elementor-cta__bg-wrapper\">\n\t\t\t\t<div class=\"elementor-cta__bg elementor-bg\" style=\"background-image: url(https:\/\/baturina-homewear.com\/wp-content\/uploads\/2025\/08\/summer-flat-lay-photoshoot-banner-768x512.jpg);\" role=\"img\" aria-label=\"sommer-flach-legen-fotoshoot-banner\"><\/div>\n\t\t\t\t<div class=\"elementor-cta__bg-overlay\"><\/div>\n\t\t\t<\/div>\n\t\t\t\t\t\t\t<div class=\"elementor-cta__content\">\n\t\t\t\t\n\t\t\t\t\t\t\t\t\t<h2 class=\"elementor-cta__title elementor-cta__content-item elementor-content-item\">\n\t\t\t\t\t\tLeichte Morgenm\u00e4ntel f\u00fcr den Sommer\t\t\t\t\t<\/h2>\n\t\t\t\t\n\t\t\t\t\n\t\t\t\t\t\t\t\t\t<div class=\"elementor-cta__button-wrapper elementor-cta__content-item elementor-content-item \">\n\t\t\t\t\t<span class=\"elementor-cta__button elementor-button elementor-size-\">\n\t\t\t\t\t\tShop\t\t\t\t\t<\/span>\n\t\t\t\t\t<\/div>\n\t\t\t\t\t\t\t<\/div>\n\t\t\t\t\t\t<\/a>\n\t\t\t\t\t\t<\/div>\n\t\t\t\t<\/div>\n\t\t\t\t<\/div>\n\t\t\t\t<div class=\"elementor-element elementor-element-bf56a1b color-scheme-inherit text-left elementor-widget elementor-widget-text-editor\" data-id=\"bf56a1b\" data-element_type=\"widget\" data-e-type=\"widget\" data-widget_type=\"text-editor.default\">\n\t\t\t\t<div class=\"elementor-widget-container\">\n\t\t\t\t\t\t\t\t\t<h2>Elegante Hausjacken &amp; Caps<\/h2><p>Mit unseren Hausjacken und M\u00fctzen k\u00f6nnen Sie die Raffinesse klassischer Herren nachempfinden. Mit reichhaltigem Samt, Brokat und gesteppten Details eignen sich diese St\u00fccke perfekt zum raffinierten Entspannen oder um Ihre Garderobe um ein Vintage-Statement zu erg\u00e4nzen. Kombinieren Sie sie mit den passenden Smoking-Caps f\u00fcr einen kompletten, distinguierten Look.  <\/p><h3>Einzigartige Accessoires &amp; Geschenke<\/h3><p>Vervollst\u00e4ndigen Sie Ihr Outfit mit unserer Kollektion an stilvollen Accessoires. Von verspielten Einsteckt\u00fcchern aus Seide und frechen Boxershorts bis hin zu kuscheligen Morgenm\u00e4nteln mit gef\u00fcttertem Futter und individuellen Geschenkkarten &#8211; Baturina Homewear bietet durchdachte Geschenke und pers\u00f6nliche Aufmerksamkeiten f\u00fcr jeden Anlass. <\/p><p>Bei Baturina Homewear erz\u00e4hlt jedes Design eine Geschichte von Eleganz, Komfort und Individualit\u00e4t. Wir sind stolz darauf, exklusive, handgefertigte St\u00fccke anbieten zu k\u00f6nnen, die zeitlosen Stil in Ihr modernes Zuhause bringen. <\/p>\t\t\t\t\t\t\t\t<\/div>\n\t\t\t\t<\/div>\n\t\t<div class=\"elementor-element elementor-element-58d27fe e-con-full e-grid e-con e-child\" data-id=\"58d27fe\" data-element_type=\"container\" data-e-type=\"container\">\n\t\t\t\t<div class=\"elementor-element elementor-element-408b019 elementor-cta--valign-middle elementor-widget__width-initial elementor-cta--layout-image-above elementor-cta--widescreen-layout-image-above elementor-cta--mobile-layout-image-above elementor-widget-laptop__width-inherit elementor-cta--skin-classic elementor-widget elementor-widget-call-to-action\" data-id=\"408b019\" data-element_type=\"widget\" data-e-type=\"widget\" data-widget_type=\"call-to-action.default\">\n\t\t\t\t<div class=\"elementor-widget-container\">\n\t\t\t\t\t\t\t<a class=\"elementor-cta\" href=\"https:\/\/baturina-homewear.com\/de\/produkt-kategorie\/pyjamas\/herren-boxershorts\/\">\n\t\t\t\t\t<div class=\"elementor-cta__bg-wrapper\">\n\t\t\t\t<div class=\"elementor-cta__bg elementor-bg\" style=\"background-image: url(https:\/\/baturina-homewear.com\/wp-content\/uploads\/2025\/08\/02boxers-green-robe-flat-lay-photoshoot-banner-768x512.jpg);\" role=\"img\" aria-label=\"02boxers-gr\u00fcner-morgenmantel-flach-legen-photoshoot-banner\"><\/div>\n\t\t\t\t<div class=\"elementor-cta__bg-overlay\"><\/div>\n\t\t\t<\/div>\n\t\t\t\t\t\t\t<div class=\"elementor-cta__content\">\n\t\t\t\t\n\t\t\t\t\t\t\t\t\t<h2 class=\"elementor-cta__title elementor-cta__content-item elementor-content-item\">\n\t\t\t\t\t\tBoxershorts\t\t\t\t\t<\/h2>\n\t\t\t\t\n\t\t\t\t\n\t\t\t\t\t\t\t\t\t<div class=\"elementor-cta__button-wrapper elementor-cta__content-item elementor-content-item \">\n\t\t\t\t\t<span class=\"elementor-cta__button elementor-button elementor-size-\">\n\t\t\t\t\t\tShop\t\t\t\t\t<\/span>\n\t\t\t\t\t<\/div>\n\t\t\t\t\t\t\t<\/div>\n\t\t\t\t\t\t<\/a>\n\t\t\t\t\t\t<\/div>\n\t\t\t\t<\/div>\n\t\t\t\t<div class=\"elementor-element elementor-element-4133a4b elementor-cta--valign-middle elementor-widget__width-initial elementor-cta--layout-image-above elementor-cta--widescreen-layout-image-above elementor-cta--mobile-layout-image-above elementor-widget-laptop__width-inherit elementor-cta--skin-classic elementor-widget elementor-widget-call-to-action\" data-id=\"4133a4b\" data-element_type=\"widget\" data-e-type=\"widget\" data-widget_type=\"call-to-action.default\">\n\t\t\t\t<div class=\"elementor-widget-container\">\n\t\t\t\t\t\t\t<a class=\"elementor-cta\" href=\"https:\/\/baturina-homewear.com\/de\/produkt-kategorie\/accessoires\/smoking-caps-de\/\">\n\t\t\t\t\t<div class=\"elementor-cta__bg-wrapper\">\n\t\t\t\t<div class=\"elementor-cta__bg elementor-bg\" style=\"background-image: url(https:\/\/baturina-homewear.com\/wp-content\/uploads\/2025\/08\/smoking-cap-flat-lay-photoshoot-banner-768x512.jpg);\" role=\"img\" aria-label=\"Smoking Cap-flach-legen-fotoshoot-banner\"><\/div>\n\t\t\t\t<div class=\"elementor-cta__bg-overlay\"><\/div>\n\t\t\t<\/div>\n\t\t\t\t\t\t\t<div class=\"elementor-cta__content\">\n\t\t\t\t\n\t\t\t\t\t\t\t\t\t<h2 class=\"elementor-cta__title elementor-cta__content-item elementor-content-item\">\n\t\t\t\t\t\tSmoking Caps\t\t\t\t\t<\/h2>\n\t\t\t\t\n\t\t\t\t\n\t\t\t\t\t\t\t\t\t<div class=\"elementor-cta__button-wrapper elementor-cta__content-item elementor-content-item \">\n\t\t\t\t\t<span class=\"elementor-cta__button elementor-button elementor-size-\">\n\t\t\t\t\t\tShop\t\t\t\t\t<\/span>\n\t\t\t\t\t<\/div>\n\t\t\t\t\t\t\t<\/div>\n\t\t\t\t\t\t<\/a>\n\t\t\t\t\t\t<\/div>\n\t\t\t\t<\/div>\n\t\t\t\t<div class=\"elementor-element elementor-element-3438d66 elementor-cta--valign-middle elementor-widget__width-initial elementor-cta--layout-image-above elementor-cta--widescreen-layout-image-above elementor-cta--mobile-layout-image-above elementor-widget-laptop__width-inherit elementor-cta--skin-classic elementor-widget elementor-widget-call-to-action\" data-id=\"3438d66\" data-element_type=\"widget\" data-e-type=\"widget\" data-widget_type=\"call-to-action.default\">\n\t\t\t\t<div class=\"elementor-widget-container\">\n\t\t\t\t\t\t\t<a class=\"elementor-cta\" href=\"https:\/\/baturina-homewear.com\/de\/produkt-kategorie\/accessoires\/schlafmasken-de\/\">\n\t\t\t\t\t<div class=\"elementor-cta__bg-wrapper\">\n\t\t\t\t<div class=\"elementor-cta__bg elementor-bg\" style=\"background-image: url(https:\/\/baturina-homewear.com\/wp-content\/uploads\/2025\/08\/sleep-mask-flat-lay-photoshoot-banner-768x512.jpg);\" role=\"img\" aria-label=\"sleep-mask-flat-lay-photoshoot-banner\"><\/div>\n\t\t\t\t<div class=\"elementor-cta__bg-overlay\"><\/div>\n\t\t\t<\/div>\n\t\t\t\t\t\t\t<div class=\"elementor-cta__content\">\n\t\t\t\t\n\t\t\t\t\t\t\t\t\t<h2 class=\"elementor-cta__title elementor-cta__content-item elementor-content-item\">\n\t\t\t\t\t\tSchlafmasken\t\t\t\t\t<\/h2>\n\t\t\t\t\n\t\t\t\t\n\t\t\t\t\t\t\t\t\t<div class=\"elementor-cta__button-wrapper elementor-cta__content-item elementor-content-item \">\n\t\t\t\t\t<span class=\"elementor-cta__button elementor-button elementor-size-\">\n\t\t\t\t\t\tShop\t\t\t\t\t<\/span>\n\t\t\t\t\t<\/div>\n\t\t\t\t\t\t\t<\/div>\n\t\t\t\t\t\t<\/a>\n\t\t\t\t\t\t<\/div>\n\t\t\t\t<\/div>\n\t\t\t\t<div class=\"elementor-element elementor-element-adeae3b elementor-cta--valign-middle elementor-widget__width-initial elementor-cta--layout-image-above elementor-cta--widescreen-layout-image-above elementor-cta--mobile-layout-image-above elementor-widget-laptop__width-inherit elementor-cta--skin-classic elementor-widget elementor-widget-call-to-action\" data-id=\"adeae3b\" data-element_type=\"widget\" data-e-type=\"widget\" data-widget_type=\"call-to-action.default\">\n\t\t\t\t<div class=\"elementor-widget-container\">\n\t\t\t\t\t\t\t<a class=\"elementor-cta\" href=\"https:\/\/baturina-homewear.com\/de\/produkt-kategorie\/schuhe\/herren-hausschuhe\/\">\n\t\t\t\t\t<div class=\"elementor-cta__bg-wrapper\">\n\t\t\t\t<div class=\"elementor-cta__bg elementor-bg\" style=\"background-image: url(https:\/\/baturina-homewear.com\/wp-content\/uploads\/2025\/08\/pajamas3-flat-lay-photoshoot-banner-768x512.jpg);\" role=\"img\" aria-label=\"pajamas3-flach-legen-fotoshoot-banner\"><\/div>\n\t\t\t\t<div class=\"elementor-cta__bg-overlay\"><\/div>\n\t\t\t<\/div>\n\t\t\t\t\t\t\t<div class=\"elementor-cta__content\">\n\t\t\t\t\n\t\t\t\t\t\t\t\t\t<h2 class=\"elementor-cta__title elementor-cta__content-item elementor-content-item\">\n\t\t\t\t\t\tHerren Hausschuhe\t\t\t\t\t<\/h2>\n\t\t\t\t\n\t\t\t\t\n\t\t\t\t\t\t\t\t\t<div class=\"elementor-cta__button-wrapper elementor-cta__content-item elementor-content-item \">\n\t\t\t\t\t<span class=\"elementor-cta__button elementor-button elementor-size-\">\n\t\t\t\t\t\tShop\t\t\t\t\t<\/span>\n\t\t\t\t\t<\/div>\n\t\t\t\t\t\t\t<\/div>\n\t\t\t\t\t\t<\/a>\n\t\t\t\t\t\t<\/div>\n\t\t\t\t<\/div>\n\t\t\t\t<\/div>\n\t\t\t\t\t<\/div>\n\t\t\t\t<\/div>\n\t\t\t\t<\/div>\n\t\t","protected":false},"excerpt":{"rendered":"<p>F\u00fcr ihn Klassische Morgenm\u00e4ntel und Pyjamas f\u00fcr den Herrn. Shop F\u00fcr sie Elegante Lounge- und Nachtw\u00e4sche. Shop Kinder Passende Morgenm\u00e4ntel<\/p>\n","protected":false},"author":1,"featured_media":0,"parent":0,"menu_order":0,"comment_status":"closed","ping_status":"closed","template":"","meta":{"footnotes":""},"class_list":["post-64739","page","type-page","status-publish","hentry"],"_links":{"self":[{"href":"https:\/\/baturina-homewear.com\/de\/wp-json\/wp\/v2\/pages\/64739","targetHints":{"allow":["GET"]}}],"collection":[{"href":"https:\/\/baturina-homewear.com\/de\/wp-json\/wp\/v2\/pages"}],"about":[{"href":"https:\/\/baturina-homewear.com\/de\/wp-json\/wp\/v2\/types\/page"}],"author":[{"embeddable":true,"href":"https:\/\/baturina-homewear.com\/de\/wp-json\/wp\/v2\/users\/1"}],"replies":[{"embeddable":true,"href":"https:\/\/baturina-homewear.com\/de\/wp-json\/wp\/v2\/comments?post=64739"}],"version-history":[{"count":5,"href":"https:\/\/baturina-homewear.com\/de\/wp-json\/wp\/v2\/pages\/64739\/revisions"}],"predecessor-version":[{"id":75484,"href":"https:\/\/baturina-homewear.com\/de\/wp-json\/wp\/v2\/pages\/64739\/revisions\/75484"}],"wp:attachment":[{"href":"https:\/\/baturina-homewear.com\/de\/wp-json\/wp\/v2\/media?parent=64739"}],"curies":[{"name":"wp","href":"https:\/\/api.w.org\/{rel}","templated":true}]}}