{"id":25844,"date":"2022-06-24T17:13:48","date_gmt":"2022-06-24T15:13:48","guid":{"rendered":"https:\/\/baturina-homewear.com\/product\/herren-hausmantel-gruener-paisley-jacquard-feiner-marineblauer-steppsatin-mit-kordelpaspel\/"},"modified":"2024-11-25T11:30:38","modified_gmt":"2024-11-25T10:30:38","slug":"herren-hausmantel-grun-paisley-jacquard-fein-marine-gesteppt-satin-mit-kordel-paspel","status":"publish","type":"product","link":"https:\/\/baturina-homewear.com\/de\/produkt\/herren-hausmantel-grun-paisley-jacquard-fein-marine-gesteppt-satin-mit-kordel-paspel\/","title":{"rendered":"Herren Hausmantel Gr\u00fcner Paisley-Jacquard, feiner marineblauer Steppsatin mit Kordelpaspel"},"content":{"rendered":"<p>Tauchen Sie ein in eine Welt des erschwinglichen Luxus, der Handwerkskunst und der Entspannung mit den von Vintage inspirierten Morgenm\u00e4nteln f\u00fcr Herren von Baturina Homewear. Es gibt mehrere Gr\u00fcnde, warum Sie sich f\u00fcr einen Morgenmantel entscheiden sollten: Komfort, Bequemlichkeit, Privatsph\u00e4re und Stil. Bei Baturina Homewear werden unsere Morgenm\u00e4ntel und Pyjama unter Ber\u00fccksichtigung all dieser Aspekte entworfen.<\/p>\n<p>Investieren Sie in Ihren pers\u00f6nlichen Stil und Komfort mit diesem leichten Morgenmantel aus einem atemberaubenden gewebten seiden\u00e4hnlichen Jacquard in Gr\u00fcn und Dunkelblau. Er verf\u00fcgt \u00fcber einen fein gesteppten Satin Besatz, der mit gestreiften Paspeln aus Kordel abgeschlossen ist.  Es hat eine luxuri\u00f6se, glatte Webstruktur und ist vollst\u00e4ndig mit Satin gef\u00fcttert. Einfach mit dem langen G\u00fcrtel befestigen. Wenn Sie auf der Suche nach einem leichten, seidigen Morgenmantel f\u00fcr das ganze Jahr sind, ist dieses gesteppte Paisleymuster perfekt.<\/p>\n<ul>\n<li>Schalkragen<\/li>\n<li>Brusttasche<\/li>\n<li>zwei tiefe Seitentaschen<\/li>\n<li>verstellbare Umschlagmanschetten<\/li>\n<li>bequeme, lockere Passform<\/li>\n<li>diskrete Aufh\u00e4ngeschlaufe auf der R\u00fcckseite<\/li>\n<li>lange G\u00fcrtel<\/li>\n<\/ul>\n<p>Material und Pflege: 60% Polyester, 40% Viskose. Maschinenw\u00e4sche bei 30\u00b0C, nicht im Trockner trocknen, bei niedriger Hitze b\u00fcgeln.<\/p>\n","protected":false},"excerpt":{"rendered":"<p>Tauchen Sie ein in eine Welt des erschwinglichen Luxus, der Handwerkskunst und der Entspannung mit den von Vintage inspirierten Morgenm\u00e4nteln<\/p>\n","protected":false},"featured_media":21158,"comment_status":"open","ping_status":"closed","template":"","meta":[],"product_brand":[],"product_cat":[463],"product_tag":[464],"class_list":{"0":"post-25844","1":"product","2":"type-product","3":"status-publish","4":"has-post-thumbnail","6":"product_cat-herren-hausmantel","7":"product_tag-custom-size-de","8":"pa_color-green-de","9":"pa_color-swatch-waldgrun","10":"pa_fabric-content-polyester-viscose-mix-de","11":"pa_fabric-weave-type-jacquard-de","12":"pa_fabric-weight-lightweight-de","13":"pa_pattern-paisley-de","14":"pa_size-2xl-de","15":"pa_size-3xl-de","16":"pa_size-l-de","17":"pa_size-m-de","18":"pa_size-s-de","19":"pa_size-xl-de","21":"first","22":"outofstock","23":"taxable","24":"shipping-taxable","25":"purchasable","26":"product-type-simple"},"_links":{"self":[{"href":"https:\/\/baturina-homewear.com\/de\/wp-json\/wp\/v2\/product\/25844","targetHints":{"allow":["GET"]}}],"collection":[{"href":"https:\/\/baturina-homewear.com\/de\/wp-json\/wp\/v2\/product"}],"about":[{"href":"https:\/\/baturina-homewear.com\/de\/wp-json\/wp\/v2\/types\/product"}],"replies":[{"embeddable":true,"href":"https:\/\/baturina-homewear.com\/de\/wp-json\/wp\/v2\/comments?post=25844"}],"version-history":[{"count":3,"href":"https:\/\/baturina-homewear.com\/de\/wp-json\/wp\/v2\/product\/25844\/revisions"}],"predecessor-version":[{"id":63308,"href":"https:\/\/baturina-homewear.com\/de\/wp-json\/wp\/v2\/product\/25844\/revisions\/63308"}],"wp:featuredmedia":[{"embeddable":true,"href":"https:\/\/baturina-homewear.com\/de\/wp-json\/wp\/v2\/media\/21158"}],"wp:attachment":[{"href":"https:\/\/baturina-homewear.com\/de\/wp-json\/wp\/v2\/media?parent=25844"}],"wp:term":[{"taxonomy":"product_brand","embeddable":true,"href":"https:\/\/baturina-homewear.com\/de\/wp-json\/wp\/v2\/product_brand?post=25844"},{"taxonomy":"product_cat","embeddable":true,"href":"https:\/\/baturina-homewear.com\/de\/wp-json\/wp\/v2\/product_cat?post=25844"},{"taxonomy":"product_tag","embeddable":true,"href":"https:\/\/baturina-homewear.com\/de\/wp-json\/wp\/v2\/product_tag?post=25844"}],"curies":[{"name":"wp","href":"https:\/\/api.w.org\/{rel}","templated":true}]}}