{"id":25866,"date":"2022-06-17T23:38:20","date_gmt":"2022-06-17T21:38:20","guid":{"rendered":"https:\/\/baturina-homewear.com\/product\/herren-hausmantel-burgund-gold-floral-jacquard-baumwolle-gesteppt-satin\/"},"modified":"2024-11-25T11:30:30","modified_gmt":"2024-11-25T10:30:30","slug":"herren-hausmantel-burgundy-gold-blumen-jacquard-baumwoll-gesteppt-satin","status":"publish","type":"product","link":"https:\/\/baturina-homewear.com\/de\/produkt\/herren-hausmantel-burgundy-gold-blumen-jacquard-baumwoll-gesteppt-satin\/","title":{"rendered":"Herren Hausmantel Burgund Gold Floral Jacquard Baumwolle gesteppt Satin"},"content":{"rendered":"<p>Das florale Ornament und die gewebte Textur dieser Vintage-inspirierten Morgenmantel sind die Definition von Luxus und zeitloser Eleganz. Das Farbschema ist in kr\u00e4ftigen Rot- und Goldt\u00f6nen gehalten. Das Design ist mit einer gro\u00dfen, handgen\u00e4hten Satinborte mit goldener Paspel<br \/>\n versehen. Es ist vollst\u00e4ndig mit Satin gef\u00fcttert. Einfach mit dem langen G\u00fcrtel befestigen. Wenn Sie auf der Suche nach einem mittelwarmen Morgenmantel sind, der weder zu leicht noch zu schwer ist, dann ist dies die richtige Wahl f\u00fcr ganzj\u00e4hrigen Komfort und Stil.<\/p>\n<ul>\n<li>Schalkragen<\/li>\n<li>Brusttasche<\/li>\n<li>zwei tiefe Seitentaschen<\/li>\n<li>verstellbare Umschlagmanschetten<\/li>\n<li>bequeme, lockere Passform<\/li>\n<li>diskrete Aufh\u00e4ngeschlaufe auf der R\u00fcckseite<\/li>\n<li>lange G\u00fcrtel<\/li>\n<\/ul>\n<p>Material und Pflege: 60% Baumwolle, 20% Polyester, 20% Viskose. Separate Maschinenw\u00e4sche bei 30\u00b0C, nicht im Trockner trocknen, B\u00fcgeln bei niedriger Hitze.<\/p>\n<p>Alle unsere Designs werden individuell auf Bestellung in unserem Atelier hergestellt und sind das Ergebnis stundenlanger handwerklicher Arbeit. Genie\u00dfen Sie Komfort und Stil in unseren Morgenmantel, Pyjama-Sets und Accessoires, hergestellt in Hamburg, Deutschland.<\/p>\n","protected":false},"excerpt":{"rendered":"<p>Das florale Ornament und die gewebte Textur dieser Vintage-inspirierten Morgenmantel sind die Definition von Luxus und zeitloser Eleganz. Das Farbschema<\/p>\n","protected":false},"featured_media":32049,"comment_status":"open","ping_status":"closed","template":"","meta":[],"product_brand":[],"product_cat":[463],"product_tag":[464],"class_list":{"0":"post-25866","1":"product","2":"type-product","3":"status-publish","4":"has-post-thumbnail","6":"product_cat-herren-hausmantel","7":"product_tag-custom-size-de","8":"pa_color-gold-de","9":"pa_color-rot","10":"pa_fabric-content-cotton-de","11":"pa_fabric-content-polyester-viscose-mix-de","12":"pa_fabric-weave-type-jacquard-de","13":"pa_fabric-weight-regular-de","14":"pa_pattern-blumen","15":"pa_size-2xl-de","16":"pa_size-3xl-de","17":"pa_size-l-de","18":"pa_size-m-de","19":"pa_size-s-de","20":"pa_size-xl-de","22":"first","23":"outofstock","24":"taxable","25":"shipping-taxable","26":"purchasable","27":"product-type-simple"},"_links":{"self":[{"href":"https:\/\/baturina-homewear.com\/de\/wp-json\/wp\/v2\/product\/25866","targetHints":{"allow":["GET"]}}],"collection":[{"href":"https:\/\/baturina-homewear.com\/de\/wp-json\/wp\/v2\/product"}],"about":[{"href":"https:\/\/baturina-homewear.com\/de\/wp-json\/wp\/v2\/types\/product"}],"replies":[{"embeddable":true,"href":"https:\/\/baturina-homewear.com\/de\/wp-json\/wp\/v2\/comments?post=25866"}],"version-history":[{"count":1,"href":"https:\/\/baturina-homewear.com\/de\/wp-json\/wp\/v2\/product\/25866\/revisions"}],"predecessor-version":[{"id":44851,"href":"https:\/\/baturina-homewear.com\/de\/wp-json\/wp\/v2\/product\/25866\/revisions\/44851"}],"wp:featuredmedia":[{"embeddable":true,"href":"https:\/\/baturina-homewear.com\/de\/wp-json\/wp\/v2\/media\/32049"}],"wp:attachment":[{"href":"https:\/\/baturina-homewear.com\/de\/wp-json\/wp\/v2\/media?parent=25866"}],"wp:term":[{"taxonomy":"product_brand","embeddable":true,"href":"https:\/\/baturina-homewear.com\/de\/wp-json\/wp\/v2\/product_brand?post=25866"},{"taxonomy":"product_cat","embeddable":true,"href":"https:\/\/baturina-homewear.com\/de\/wp-json\/wp\/v2\/product_cat?post=25866"},{"taxonomy":"product_tag","embeddable":true,"href":"https:\/\/baturina-homewear.com\/de\/wp-json\/wp\/v2\/product_tag?post=25866"}],"curies":[{"name":"wp","href":"https:\/\/api.w.org\/{rel}","templated":true}]}}