{"id":25867,"date":"2022-06-17T23:40:33","date_gmt":"2022-06-17T21:40:33","guid":{"rendered":"https:\/\/baturina-homewear.com\/product\/herren-hausmantel-moosgruen-gold-floral-jacquard-baumwolle-steppsatin\/"},"modified":"2025-10-14T18:38:37","modified_gmt":"2025-10-14T16:38:37","slug":"herren-kleider-grau-moos-grun-gold-blumen-jacquard-baumwolle-gesteppt-satin","status":"publish","type":"product","link":"https:\/\/baturina-homewear.com\/de\/produkt\/herren-kleider-grau-moos-grun-gold-blumen-jacquard-baumwolle-gesteppt-satin\/","title":{"rendered":"Herren Hausmantel Gr\u00fcn Gold Floral Jacquard"},"content":{"rendered":"<p>Die floralen Ornamente und die schimmernde Textur dieses luxuri\u00f6sen Morgenmantels im Vintage-Stil sind der Inbegriff von Luxus und zeitloser Eleganz. Die Farbgebung ist in kr\u00e4ftigen Gr\u00fcn- und Goldt\u00f6nen gehalten. Das Design wird mit einem feinen, gro\u00dfen, handgen\u00e4hten Satin Besatz mit goldenen Paspeln verziert. Es ist vollst\u00e4ndig in Satin gef\u00fcttert. Einfach mit dem langen G\u00fcrtel befestigen. Wenn Sie auf der Suche nach einem mittelwarmen Morgenmantel sind, der weder zu leicht noch zu schwer ist, ist dieser Morgenmantel die richtige Wahl f\u00fcr ganzj\u00e4hrigen Komfort und Stil.<\/p>\n<ul>\n<li>Schalkragen<\/li>\n<li>Brusttasche<\/li>\n<li>zwei tiefe Seitentaschen<\/li>\n<li>verstellbare Umschlagmanschetten<\/li>\n<li>bequeme, lockere Passform<\/li>\n<li>diskrete Aufh\u00e4ngeschlaufe auf der R\u00fcckseite<\/li>\n<li>langer G\u00fcrtel<\/li>\n<\/ul>\n<p>Material und Pflege: 60% Baumwolle, 20% Polyester, 20% Viskose. Separate Maschinenw\u00e4sche bei 30\u00b0C, nicht im Trockner trocknen, B\u00fcgeln bei niedriger Hitze.<\/p>\n","protected":false},"excerpt":{"rendered":"<p>Die floralen Ornamente und die schimmernde Textur dieses luxuri\u00f6sen Morgenmantels im Vintage-Stil sind der Inbegriff von Luxus und zeitloser Eleganz.<\/p>\n","protected":false},"featured_media":35803,"comment_status":"open","ping_status":"closed","template":"","meta":[],"product_brand":[],"product_cat":[463,491,899],"product_tag":[464,768],"class_list":{"0":"post-25867","1":"product","2":"type-product","3":"status-publish","4":"has-post-thumbnail","6":"product_cat-herren-hausmantel","7":"product_cat-morgenmaentel","8":"product_cat-limited-edition-de","9":"product_tag-custom-size-de","10":"product_tag-monogram-de","11":"product_shipping_class-auf-bestellung","12":"pa_color-green-de","13":"pa_fabric-content-cotton-de","14":"pa_fabric-content-polyester-viscose-mix-de","15":"pa_fabric-weave-type-jacquard-de","16":"pa_fabric-weight-regular-de","17":"pa_pattern-blumen","18":"pa_product-type-limited-edition-de","19":"pa_size-2xl-de","20":"pa_size-3xl-de","21":"pa_size-4xl-de","22":"pa_size-5xl-de","23":"pa_size-l-de","24":"pa_size-m-de","25":"pa_size-massanfertigung","26":"pa_size-s-de","27":"pa_size-xl-de","28":"pa_size-xs-de","30":"first","31":"outofstock","32":"taxable","33":"shipping-taxable","34":"purchasable","35":"product-type-simple"},"_links":{"self":[{"href":"https:\/\/baturina-homewear.com\/de\/wp-json\/wp\/v2\/product\/25867","targetHints":{"allow":["GET"]}}],"collection":[{"href":"https:\/\/baturina-homewear.com\/de\/wp-json\/wp\/v2\/product"}],"about":[{"href":"https:\/\/baturina-homewear.com\/de\/wp-json\/wp\/v2\/types\/product"}],"replies":[{"embeddable":true,"href":"https:\/\/baturina-homewear.com\/de\/wp-json\/wp\/v2\/comments?post=25867"}],"version-history":[{"count":8,"href":"https:\/\/baturina-homewear.com\/de\/wp-json\/wp\/v2\/product\/25867\/revisions"}],"predecessor-version":[{"id":73361,"href":"https:\/\/baturina-homewear.com\/de\/wp-json\/wp\/v2\/product\/25867\/revisions\/73361"}],"wp:featuredmedia":[{"embeddable":true,"href":"https:\/\/baturina-homewear.com\/de\/wp-json\/wp\/v2\/media\/35803"}],"wp:attachment":[{"href":"https:\/\/baturina-homewear.com\/de\/wp-json\/wp\/v2\/media?parent=25867"}],"wp:term":[{"taxonomy":"product_brand","embeddable":true,"href":"https:\/\/baturina-homewear.com\/de\/wp-json\/wp\/v2\/product_brand?post=25867"},{"taxonomy":"product_cat","embeddable":true,"href":"https:\/\/baturina-homewear.com\/de\/wp-json\/wp\/v2\/product_cat?post=25867"},{"taxonomy":"product_tag","embeddable":true,"href":"https:\/\/baturina-homewear.com\/de\/wp-json\/wp\/v2\/product_tag?post=25867"}],"curies":[{"name":"wp","href":"https:\/\/api.w.org\/{rel}","templated":true}]}}