{"id":25891,"date":"2022-06-24T00:18:34","date_gmt":"2022-06-23T22:18:34","guid":{"rendered":"https:\/\/baturina-homewear.com\/product\/herren-hausmantel-dunkelbraun-gold-wirbel-muster-jacquard-baumwolle-steppsatin\/"},"modified":"2025-01-17T07:49:34","modified_gmt":"2025-01-17T06:49:34","slug":"herren-bademantel-dunkelbraun-gold-gewirbelt-gemustert-jacquard-baumwolle-gesteppt-satin","status":"publish","type":"product","link":"https:\/\/baturina-homewear.com\/de\/produkt\/herren-bademantel-dunkelbraun-gold-gewirbelt-gemustert-jacquard-baumwolle-gesteppt-satin\/","title":{"rendered":"Herren Hausmantel Dunkelbraun Gold Wirbel"},"content":{"rendered":"<p>Das goldfarbene Ornament und die gewebte Textur dieser von Vintage inspirierten Morgenmantel sind der Inbegriff von Luxus und zeitloser Eleganz. Das Farbschema ist in satten Goldt\u00f6nen gehalten. Das Design ist mit einer gro\u00dfen, handgen\u00e4hten Satinborte mit goldener Paspel<br \/>\n versehen. Es ist vollst\u00e4ndig mit Satin gef\u00fcttert. Einfach mit dem langen G\u00fcrtel befestigen. Wenn Sie auf der Suche nach einem mittelwarmen Morgenmantel sind, der weder zu leicht noch zu schwer ist, dann ist dies die richtige Wahl f\u00fcr ganzj\u00e4hrigen Komfort und Stil.<\/p>\n<ul>\n<li>Schalkragen<\/li>\n<li>Brusttasche<\/li>\n<li>zwei tiefe Seitentaschen<\/li>\n<li>verstellbare Umschlagmanschetten<\/li>\n<li>bequeme, lockere Passform<\/li>\n<li>diskrete Aufh\u00e4ngeschlaufe auf der R\u00fcckseite<\/li>\n<li>lange G\u00fcrtel mit Quasten<\/li>\n<\/ul>\n<p>Material und Pflege: 60% Baumwolle, 20% Polyester, 20% Viskose. Separate Maschinenw\u00e4sche bei 30\u00b0C, nicht im Trockner trocknen, B\u00fcgeln bei niedriger Hitze.<\/p>\n","protected":false},"excerpt":{"rendered":"<p>Das goldfarbene Ornament und die gewebte Textur dieser von Vintage inspirierten Morgenmantel sind der Inbegriff von Luxus und zeitloser Eleganz.<\/p>\n","protected":false},"featured_media":32015,"comment_status":"open","ping_status":"closed","template":"","meta":[],"product_brand":[],"product_cat":[463,491,899],"product_tag":[464,768],"class_list":{"0":"post-25891","1":"product","2":"type-product","3":"status-publish","4":"has-post-thumbnail","6":"product_cat-herren-hausmantel","7":"product_cat-morgenmaentel","8":"product_cat-limited-edition-de","9":"product_tag-custom-size-de","10":"product_tag-monogram-de","11":"pa_color-braun","12":"pa_color-gold-de","13":"pa_fabric-content-cotton-de","14":"pa_fabric-weave-type-jacquard-de","15":"pa_fabric-weight-regular-de","16":"pa_pattern-abstrakt","17":"pa_product-type-limited-edition-de","18":"pa_size-2xl-de","19":"pa_size-3xl-de","20":"pa_size-4xl-de","21":"pa_size-5xl-de","22":"pa_size-l-de","23":"pa_size-m-de","24":"pa_size-massanfertigung","25":"pa_size-s-de","26":"pa_size-xl-de","27":"pa_size-xs-de","29":"first","30":"outofstock","31":"taxable","32":"shipping-taxable","33":"purchasable","34":"product-type-simple"},"_links":{"self":[{"href":"https:\/\/baturina-homewear.com\/de\/wp-json\/wp\/v2\/product\/25891","targetHints":{"allow":["GET"]}}],"collection":[{"href":"https:\/\/baturina-homewear.com\/de\/wp-json\/wp\/v2\/product"}],"about":[{"href":"https:\/\/baturina-homewear.com\/de\/wp-json\/wp\/v2\/types\/product"}],"replies":[{"embeddable":true,"href":"https:\/\/baturina-homewear.com\/de\/wp-json\/wp\/v2\/comments?post=25891"}],"version-history":[{"count":5,"href":"https:\/\/baturina-homewear.com\/de\/wp-json\/wp\/v2\/product\/25891\/revisions"}],"predecessor-version":[{"id":58551,"href":"https:\/\/baturina-homewear.com\/de\/wp-json\/wp\/v2\/product\/25891\/revisions\/58551"}],"wp:featuredmedia":[{"embeddable":true,"href":"https:\/\/baturina-homewear.com\/de\/wp-json\/wp\/v2\/media\/32015"}],"wp:attachment":[{"href":"https:\/\/baturina-homewear.com\/de\/wp-json\/wp\/v2\/media?parent=25891"}],"wp:term":[{"taxonomy":"product_brand","embeddable":true,"href":"https:\/\/baturina-homewear.com\/de\/wp-json\/wp\/v2\/product_brand?post=25891"},{"taxonomy":"product_cat","embeddable":true,"href":"https:\/\/baturina-homewear.com\/de\/wp-json\/wp\/v2\/product_cat?post=25891"},{"taxonomy":"product_tag","embeddable":true,"href":"https:\/\/baturina-homewear.com\/de\/wp-json\/wp\/v2\/product_tag?post=25891"}],"curies":[{"name":"wp","href":"https:\/\/api.w.org\/{rel}","templated":true}]}}