{"id":25895,"date":"2022-06-24T17:09:57","date_gmt":"2022-06-24T15:09:57","guid":{"rendered":"https:\/\/baturina-homewear.com\/product\/herren-hausmantel-schwarz-barocke-reben-chenille-baumwolle-samt-satin-mit-quasten\/"},"modified":"2024-11-25T11:30:36","modified_gmt":"2024-11-25T10:30:36","slug":"herren-hausmantel-schwarz-barock-ranken-tschenille-baumwoll-samt-satin-mit-quasten","status":"publish","type":"product","link":"https:\/\/baturina-homewear.com\/de\/produkt\/herren-hausmantel-schwarz-barock-ranken-tschenille-baumwoll-samt-satin-mit-quasten\/","title":{"rendered":"Herren Hausmantel Schwarz Barocke Reben Chenille Baumwolle Samt Satin mit Quasten"},"content":{"rendered":"<p>Langer, ungef\u00fctterter Hausmantel aus wundersch\u00f6nem Chenille-Samt. Es ist die Definition von Luxus und zeitloser Eleganz. Die gewebte Baumwolle hat eine reiche Samtstruktur mit einem komplizierten Allover-Rankenmuster. Das Design ist mit einem schlichten Satinbesatz mit Paspel<br \/>\n versehen. Einfach mit dem langen G\u00fcrtel zu schlie\u00dfen. Wenn Sie auf der Suche nach einem warmen Morgenmantel sind, ist dieser die richtige Wahl f\u00fcr das ganze Jahr \u00fcber Komfort und Stil.<\/p>\n<ul>\n<li>Schalkragen<\/li>\n<li>Brusttasche<\/li>\n<li>zwei tiefe Seitentaschen<\/li>\n<li>ungef\u00fcttert<\/li>\n<li>verstellbare Umschlagmanschetten<\/li>\n<li>bequeme, lockere Passform<\/li>\n<li>diskrete Aufh\u00e4ngeschlaufe auf der R\u00fcckseite<\/li>\n<li>lange G\u00fcrtel<\/li>\n<\/ul>\n<p>Material und Pflege: 60% Baumwolle, 40% Polyester. Separate Maschinenw\u00e4sche bei 30\u00b0C, nicht im Trockner trocknen, B\u00fcgeln bei niedriger Hitze.<\/p>\n<p>Alle unsere Designs werden individuell auf Bestellung in unserem Atelier hergestellt und sind das Ergebnis stundenlanger handwerklicher Arbeit. Genie\u00dfen Sie Komfort und Stil in unseren Morgenmantel, Pyjama-Sets und Accessoires, hergestellt in Hamburg, Deutschland.<\/p>\n","protected":false},"excerpt":{"rendered":"<p>Langer, ungef\u00fctterter Hausmantel aus wundersch\u00f6nem Chenille-Samt. Es ist die Definition von Luxus und zeitloser Eleganz. Die gewebte Baumwolle hat eine<\/p>\n","protected":false},"featured_media":33712,"comment_status":"open","ping_status":"closed","template":"","meta":[],"product_brand":[],"product_cat":[463],"product_tag":[464],"class_list":{"0":"post-25895","1":"product","2":"type-product","3":"status-publish","4":"has-post-thumbnail","6":"product_cat-herren-hausmantel","7":"product_tag-custom-size-de","8":"pa_color-black-de","9":"pa_fabric-content-cotton-de","10":"pa_fabric-weave-type-chenille-de","11":"pa_fabric-weight-regular-de","12":"pa_pattern-blumen","13":"pa_size-2xl-de","14":"pa_size-3xl-de","15":"pa_size-l-de","16":"pa_size-m-de","17":"pa_size-s-de","18":"pa_size-xl-de","20":"first","21":"outofstock","22":"taxable","23":"shipping-taxable","24":"purchasable","25":"product-type-simple"},"_links":{"self":[{"href":"https:\/\/baturina-homewear.com\/de\/wp-json\/wp\/v2\/product\/25895","targetHints":{"allow":["GET"]}}],"collection":[{"href":"https:\/\/baturina-homewear.com\/de\/wp-json\/wp\/v2\/product"}],"about":[{"href":"https:\/\/baturina-homewear.com\/de\/wp-json\/wp\/v2\/types\/product"}],"replies":[{"embeddable":true,"href":"https:\/\/baturina-homewear.com\/de\/wp-json\/wp\/v2\/comments?post=25895"}],"version-history":[{"count":1,"href":"https:\/\/baturina-homewear.com\/de\/wp-json\/wp\/v2\/product\/25895\/revisions"}],"predecessor-version":[{"id":44853,"href":"https:\/\/baturina-homewear.com\/de\/wp-json\/wp\/v2\/product\/25895\/revisions\/44853"}],"wp:featuredmedia":[{"embeddable":true,"href":"https:\/\/baturina-homewear.com\/de\/wp-json\/wp\/v2\/media\/33712"}],"wp:attachment":[{"href":"https:\/\/baturina-homewear.com\/de\/wp-json\/wp\/v2\/media?parent=25895"}],"wp:term":[{"taxonomy":"product_brand","embeddable":true,"href":"https:\/\/baturina-homewear.com\/de\/wp-json\/wp\/v2\/product_brand?post=25895"},{"taxonomy":"product_cat","embeddable":true,"href":"https:\/\/baturina-homewear.com\/de\/wp-json\/wp\/v2\/product_cat?post=25895"},{"taxonomy":"product_tag","embeddable":true,"href":"https:\/\/baturina-homewear.com\/de\/wp-json\/wp\/v2\/product_tag?post=25895"}],"curies":[{"name":"wp","href":"https:\/\/api.w.org\/{rel}","templated":true}]}}