{"id":25897,"date":"2022-06-17T01:03:49","date_gmt":"2022-06-16T23:03:49","guid":{"rendered":"https:\/\/baturina-homewear.com\/product\/hausmantel-fuer-maenner-goldgelber-satin-baumwolle\/"},"modified":"2024-11-25T11:30:29","modified_gmt":"2024-11-25T10:30:29","slug":"herren-hausmantel-goldgelb-satin-baumwolle","status":"publish","type":"product","link":"https:\/\/baturina-homewear.com\/de\/produkt\/herren-hausmantel-goldgelb-satin-baumwolle\/","title":{"rendered":"Hausmantel f\u00fcr M\u00e4nner Goldgelber Satin Baumwolle"},"content":{"rendered":"<p>Eleganter gef\u00fcttert Morgenmantel aus goldgelbem, gl\u00e4nzendem und weichem Baumwollsatin, der sich perfekt zum Faulenzen zu Hause eignet. Das Design ist mit einem selbstklebenden Besatz, wei\u00dfen Paspel<br \/>\n und wei\u00dfem Innenfutter versehen. Wenn Sie einen leichten Morgenmantel suchen, ist dieser die richtige Wahl f\u00fcr ganzj\u00e4hrigen Komfort und Stil.<\/p>\n<ul>\n<li>Schalkragen<\/li>\n<li>Brusttasche<\/li>\n<li>zwei tiefe Seitentaschen<\/li>\n<li>verstellbare Umschlagmanschetten<\/li>\n<li>bequeme, lockere Passform<\/li>\n<li>diskrete Aufh\u00e4ngeschlaufe auf der R\u00fcckseite<\/li>\n<li>lange G\u00fcrtel<\/li>\n<li>L\u00e4nge des Morgenmantels: 125 cm (49 in)<\/li>\n<\/ul>\n<p>Materialien und Pflege: Au\u00dfen: 100% Baumwolle, Innen: 60% Polyester, 40% Viskose. Separat waschen, 30\u00b0 C, nicht im Trockner trocknen, bei niedriger Hitze b\u00fcgeln.<\/p>\n<p>Alle unsere Designs werden individuell auf Bestellung in unserem Atelier hergestellt und sind das Ergebnis stundenlanger handwerklicher Arbeit. Genie\u00dfen Sie Komfort und Stil in unseren Morgenmantel, Pyjama-Sets und Accessoires, hergestellt in Hamburg, Deutschland.<\/p>\n","protected":false},"excerpt":{"rendered":"<p>Eleganter gef\u00fcttert Morgenmantel aus goldgelbem, gl\u00e4nzendem und weichem Baumwollsatin, der sich perfekt zum Faulenzen zu Hause eignet. Das Design ist<\/p>\n","protected":false},"featured_media":32007,"comment_status":"open","ping_status":"closed","template":"","meta":[],"product_brand":[],"product_cat":[463],"product_tag":[],"class_list":{"0":"post-25897","1":"product","2":"type-product","3":"status-publish","4":"has-post-thumbnail","6":"product_cat-herren-hausmantel","7":"pa_color-gold-de","8":"pa_fabric-content-cotton-de","9":"pa_fabric-content-polyester-viscose-mix-de","10":"pa_fabric-weave-type-satin-de","11":"pa_fabric-weight-lightweight-de","12":"pa_pattern-einfarbig","13":"pa_size-2xl-de","14":"pa_size-m-de","16":"first","17":"outofstock","18":"sale","19":"taxable","20":"shipping-taxable","21":"purchasable","22":"product-type-variable"},"_links":{"self":[{"href":"https:\/\/baturina-homewear.com\/de\/wp-json\/wp\/v2\/product\/25897","targetHints":{"allow":["GET"]}}],"collection":[{"href":"https:\/\/baturina-homewear.com\/de\/wp-json\/wp\/v2\/product"}],"about":[{"href":"https:\/\/baturina-homewear.com\/de\/wp-json\/wp\/v2\/types\/product"}],"replies":[{"embeddable":true,"href":"https:\/\/baturina-homewear.com\/de\/wp-json\/wp\/v2\/comments?post=25897"}],"version-history":[{"count":4,"href":"https:\/\/baturina-homewear.com\/de\/wp-json\/wp\/v2\/product\/25897\/revisions"}],"predecessor-version":[{"id":63305,"href":"https:\/\/baturina-homewear.com\/de\/wp-json\/wp\/v2\/product\/25897\/revisions\/63305"}],"wp:featuredmedia":[{"embeddable":true,"href":"https:\/\/baturina-homewear.com\/de\/wp-json\/wp\/v2\/media\/32007"}],"wp:attachment":[{"href":"https:\/\/baturina-homewear.com\/de\/wp-json\/wp\/v2\/media?parent=25897"}],"wp:term":[{"taxonomy":"product_brand","embeddable":true,"href":"https:\/\/baturina-homewear.com\/de\/wp-json\/wp\/v2\/product_brand?post=25897"},{"taxonomy":"product_cat","embeddable":true,"href":"https:\/\/baturina-homewear.com\/de\/wp-json\/wp\/v2\/product_cat?post=25897"},{"taxonomy":"product_tag","embeddable":true,"href":"https:\/\/baturina-homewear.com\/de\/wp-json\/wp\/v2\/product_tag?post=25897"}],"curies":[{"name":"wp","href":"https:\/\/api.w.org\/{rel}","templated":true}]}}