{"id":25936,"date":"2022-06-17T18:30:15","date_gmt":"2022-06-17T16:30:15","guid":{"rendered":"https:\/\/baturina-homewear.com\/product\/herren-boxershorts-weiss-baumwolle\/"},"modified":"2025-07-23T15:18:24","modified_gmt":"2025-07-23T13:18:24","slug":"herren-boxershorts-weis-baumwolle","status":"publish","type":"product","link":"https:\/\/baturina-homewear.com\/de\/produkt\/herren-boxershorts-weis-baumwolle\/","title":{"rendered":"Herren Boxershorts Wei\u00df Baumwolle"},"content":{"rendered":"<p>Luxuri\u00f6se und elegante Boxershorts aus sehr weicher Baumwolle in einem eleganten Wei\u00dfton. Perfekt zum Entspannen und Schlafen. Der passende Morgenmantel und die Hose sind separat als komplettes Set im Shop erh\u00e4ltlich.<\/p>\n<ul>\n<li>elastischer Bund, verdeckter Hosenschlitz mit Knopf<\/li>\n<li>Standard-Au\u00dfennahtl\u00e4nge: 35 cm<\/li>\n<\/ul>\n<p>Material und Pflege: 100% Baumwolle. Separate Maschinenw\u00e4sche bei 30\u00b0C, nicht im Trockner trocknen, B\u00fcgeln bei niedriger Hitze.<\/p>\n<p>Alle unsere Designs werden individuell auf Bestellung in unserem Atelier angefertigt und jedes ist das Ergebnis stundenlanger handwerklicher Arbeit. Genie\u00dfen Sie Komfort und Stil in unseren Herren Morgenm\u00e4nteln, Pyjama Sets und Accessoires, hergestellt in Hamburg, Deutschland.<\/p>\n","protected":false},"excerpt":{"rendered":"<p>Luxuri\u00f6se und elegante Boxershorts aus sehr weicher Baumwolle in einem eleganten Wei\u00dfton. Perfekt zum Entspannen und Schlafen. Der passende Morgenmantel<\/p>\n","protected":false},"featured_media":20860,"comment_status":"open","ping_status":"closed","template":"","meta":[],"product_brand":[],"product_cat":[492],"product_tag":[],"class_list":{"0":"post-25936","1":"product","2":"type-product","3":"status-publish","4":"has-post-thumbnail","6":"product_cat-herren-boxershorts","7":"product_shipping_class-small-de","8":"pa_color-weiss","9":"pa_fabric-content-cotton-de","10":"pa_fabric-weave-type-einfach","11":"pa_pattern-einfarbig","12":"pa_size-2xl-de","13":"pa_size-3xl-de","14":"pa_size-4xl-de","15":"pa_size-5xl-de","16":"pa_size-l-de","17":"pa_size-m-de","18":"pa_size-s-de","19":"pa_size-xl-de","20":"pa_size-xs-de","22":"first","23":"instock","24":"taxable","25":"shipping-taxable","26":"purchasable","27":"product-type-variable"},"_links":{"self":[{"href":"https:\/\/baturina-homewear.com\/de\/wp-json\/wp\/v2\/product\/25936","targetHints":{"allow":["GET"]}}],"collection":[{"href":"https:\/\/baturina-homewear.com\/de\/wp-json\/wp\/v2\/product"}],"about":[{"href":"https:\/\/baturina-homewear.com\/de\/wp-json\/wp\/v2\/types\/product"}],"replies":[{"embeddable":true,"href":"https:\/\/baturina-homewear.com\/de\/wp-json\/wp\/v2\/comments?post=25936"}],"version-history":[{"count":3,"href":"https:\/\/baturina-homewear.com\/de\/wp-json\/wp\/v2\/product\/25936\/revisions"}],"predecessor-version":[{"id":73397,"href":"https:\/\/baturina-homewear.com\/de\/wp-json\/wp\/v2\/product\/25936\/revisions\/73397"}],"wp:featuredmedia":[{"embeddable":true,"href":"https:\/\/baturina-homewear.com\/de\/wp-json\/wp\/v2\/media\/20860"}],"wp:attachment":[{"href":"https:\/\/baturina-homewear.com\/de\/wp-json\/wp\/v2\/media?parent=25936"}],"wp:term":[{"taxonomy":"product_brand","embeddable":true,"href":"https:\/\/baturina-homewear.com\/de\/wp-json\/wp\/v2\/product_brand?post=25936"},{"taxonomy":"product_cat","embeddable":true,"href":"https:\/\/baturina-homewear.com\/de\/wp-json\/wp\/v2\/product_cat?post=25936"},{"taxonomy":"product_tag","embeddable":true,"href":"https:\/\/baturina-homewear.com\/de\/wp-json\/wp\/v2\/product_tag?post=25936"}],"curies":[{"name":"wp","href":"https:\/\/api.w.org\/{rel}","templated":true}]}}