{"id":26084,"date":"2022-06-17T00:25:47","date_gmt":"2022-06-16T22:25:47","guid":{"rendered":"https:\/\/baturina-homewear.com\/product\/leichter-ungefuetterter-hausmantel-fuer-herren-aus-goldfarbenem-barockem-floral-jacquard-mit-goldenen-paspeln-kopie\/"},"modified":"2024-06-14T13:53:12","modified_gmt":"2024-06-14T11:53:12","slug":"herren-morgenmantel-leicht-ungefuttert-goldener-barock-blumen-jacquard-mit-goldenen-paspeln-2","status":"publish","type":"product","link":"https:\/\/baturina-homewear.com\/de\/produkt\/herren-morgenmantel-leicht-ungefuttert-goldener-barock-blumen-jacquard-mit-goldenen-paspeln-2\/","title":{"rendered":"Leichter, ungef\u00fctterter Hausmantel f\u00fcr M\u00e4nner Goldener Barockblumenjacquard mit Goldpaspel"},"content":{"rendered":"<p>Eleganter ungef\u00fctterter Morgenmantel mit Schalkragen, perfekt f\u00fcr das Faulenzen zu Hause. Das Farbschema zeichnet sich durch ein sattes Altgold und Off-White mit dezentem Metallic-Glanz aus. Das Design ist mit einem Besatz aus gleichem Stoff versehen, der vollst\u00e4ndig mit Paspel<br \/>\n eingefasst ist. Einfach mit dem langen G\u00fcrtel befestigen. Wenn Sie einen leichten Morgenmantel suchen, der auch f\u00fcr w\u00e4rmere Temperaturen geeignet ist, ist dieser die richtige Wahl f\u00fcr ganzj\u00e4hrigen Komfort und Stil.<\/p>\n<ul>\n<li>Schalkragen<\/li>\n<li>Brusttasche<\/li>\n<li>zwei tiefe Seitentaschen<\/li>\n<li>verstellbare Umschlagmanschetten<\/li>\n<li>bequeme, lockere Passform<\/li>\n<li>diskrete Aufh\u00e4ngeschlaufe auf der R\u00fcckseite<\/li>\n<li>lange G\u00fcrtel<\/li>\n<\/ul>\n<p>Material und Pflege: 60% Polyester, 40% Viskose. Separat waschen, 30\u00b0 C, nicht im Trockner trocknen, bei niedriger Hitze b\u00fcgeln.<\/p>\n<p>Alle unsere Designs werden individuell auf Bestellung in unserem Atelier hergestellt und sind das Ergebnis stundenlanger handwerklicher Arbeit. Genie\u00dfen Sie Komfort und Stil in unseren Morgenmantel, Pyjama-Sets und Accessoires, hergestellt in Hamburg, Deutschland.<\/p>\n","protected":false},"excerpt":{"rendered":"<p>Eleganter ungef\u00fctterter Morgenmantel mit Schalkragen, perfekt f\u00fcr das Faulenzen zu Hause. Das Farbschema zeichnet sich durch ein sattes Altgold und<\/p>\n","protected":false},"featured_media":20843,"comment_status":"open","ping_status":"closed","template":"","meta":[],"product_brand":[],"product_cat":[463],"product_tag":[464],"class_list":{"0":"post-26084","1":"product","2":"type-product","3":"status-publish","4":"has-post-thumbnail","6":"product_cat-herren-hausmantel","7":"product_tag-custom-size-de","8":"pa_color-black-de","9":"pa_fabric-content-polyester-viscose-mix-de","10":"pa_fabric-weave-type-jacquard-de","11":"pa_fabric-weight-lightweight-de","12":"pa_pattern-blumen","13":"pa_size-2xl-de","14":"pa_size-3xl-de","15":"pa_size-4xl-de","16":"pa_size-5xl-de","17":"pa_size-l-de","18":"pa_size-m-de","19":"pa_size-massanfertigung","20":"pa_size-s-de","21":"pa_size-xl-de","22":"pa_size-xs-de","24":"first","25":"outofstock","26":"taxable","27":"shipping-taxable","28":"purchasable","29":"product-type-simple"},"_links":{"self":[{"href":"https:\/\/baturina-homewear.com\/de\/wp-json\/wp\/v2\/product\/26084","targetHints":{"allow":["GET"]}}],"collection":[{"href":"https:\/\/baturina-homewear.com\/de\/wp-json\/wp\/v2\/product"}],"about":[{"href":"https:\/\/baturina-homewear.com\/de\/wp-json\/wp\/v2\/types\/product"}],"replies":[{"embeddable":true,"href":"https:\/\/baturina-homewear.com\/de\/wp-json\/wp\/v2\/comments?post=26084"}],"version-history":[{"count":1,"href":"https:\/\/baturina-homewear.com\/de\/wp-json\/wp\/v2\/product\/26084\/revisions"}],"predecessor-version":[{"id":55779,"href":"https:\/\/baturina-homewear.com\/de\/wp-json\/wp\/v2\/product\/26084\/revisions\/55779"}],"wp:featuredmedia":[{"embeddable":true,"href":"https:\/\/baturina-homewear.com\/de\/wp-json\/wp\/v2\/media\/20843"}],"wp:attachment":[{"href":"https:\/\/baturina-homewear.com\/de\/wp-json\/wp\/v2\/media?parent=26084"}],"wp:term":[{"taxonomy":"product_brand","embeddable":true,"href":"https:\/\/baturina-homewear.com\/de\/wp-json\/wp\/v2\/product_brand?post=26084"},{"taxonomy":"product_cat","embeddable":true,"href":"https:\/\/baturina-homewear.com\/de\/wp-json\/wp\/v2\/product_cat?post=26084"},{"taxonomy":"product_tag","embeddable":true,"href":"https:\/\/baturina-homewear.com\/de\/wp-json\/wp\/v2\/product_tag?post=26084"}],"curies":[{"name":"wp","href":"https:\/\/api.w.org\/{rel}","templated":true}]}}