{"id":26193,"date":"2022-06-16T14:05:59","date_gmt":"2022-06-16T12:05:59","guid":{"rendered":"https:\/\/baturina-homewear.com\/product\/herren-raucher-jacke-schwarz-blumen-jacquard-baumwolle-marine-velvet-gold-piping\/"},"modified":"2024-11-25T11:29:45","modified_gmt":"2024-11-25T10:29:45","slug":"herren-raucher-jacke-schwarz-blumen-jacquard-baumwolle","status":"publish","type":"product","link":"https:\/\/baturina-homewear.com\/de\/produkt\/herren-raucher-jacke-schwarz-blumen-jacquard-baumwolle\/","title":{"rendered":"Herren Hausjacke Schwarzer Blumen-Jacquard aus Baumwolle, marineblauer Samt, goldene Paspelierung"},"content":{"rendered":"<p>Das florale Muster dieser luxuri\u00f6sen Morgenmantel ist der Inbegriff von schlichter Eleganz. Die Farbgebung ist in Schwarz-, Marine- und Goldt\u00f6nen gehalten. Das Modell<br \/>\nDesign ist mit einem schlichten marineblauen Baumwollsamt mit goldenen Paspel<br \/>\n versehen. Es ist vollst\u00e4ndig mit Satin gef\u00fcttert. Einfach mit dem langen G\u00fcrtel befestigen. Wenn Sie auf der Suche nach einem mittelwarmen Morgenmantel sind, der weder zu leicht noch zu schwer ist, dann ist dies die richtige Wahl f\u00fcr ganzj\u00e4hrigen Komfort und Stil. Alle unsere Designs werden individuell auf Bestellung in unserem Atelier hergestellt und sind das Ergebnis stundenlanger handwerklicher Arbeit. Genie\u00dfen Sie Komfort und Stil in unseren Morgenmantel, Pyjama-Sets und Accessoires, hergestellt in Hamburg, Deutschland.<\/p>\n<ul>\n<li>Schalkragen<\/li>\n<li>Brusttasche<\/li>\n<li>zwei tiefe Seitentaschen<\/li>\n<li>verstellbare Umschlagmanschetten<\/li>\n<li>bequeme, lockere Passform<\/li>\n<li>diskrete Aufh\u00e4ngeschlaufe auf der R\u00fcckseite<\/li>\n<li>lange G\u00fcrtel<\/li>\n<li>length of robe 95 cm (37 inches)<\/li>\n<\/ul>\n<p>Material und Pflege: \u00c4u\u00dferes: 60% Baumwolle, 20% Polyester, 20% Viskose. Innen: 60% Polyester, 40% Viskose. Separat waschen, 30\u00b0 C, nicht im Trockner trocknen, bei niedriger Hitze b\u00fcgeln.<\/p>\n","protected":false},"excerpt":{"rendered":"<p>Das florale Muster dieser luxuri\u00f6sen Morgenmantel ist der Inbegriff von schlichter Eleganz. Die Farbgebung ist in Schwarz-, Marine- und Goldt\u00f6nen<\/p>\n","protected":false},"featured_media":20803,"comment_status":"open","ping_status":"closed","template":"","meta":[],"product_brand":[],"product_cat":[496],"product_tag":[],"class_list":{"0":"post-26193","1":"product","2":"type-product","3":"status-publish","4":"has-post-thumbnail","6":"product_cat-herren-hausjacken","7":"pa_color-blau","8":"pa_color-gold-de","9":"pa_color-black-de","10":"pa_fabric-content-cotton-de","11":"pa_fabric-weave-type-jacquard-de","12":"pa_fabric-weave-type-samt","13":"pa_fabric-weight-regular-de","14":"pa_pattern-blumen","15":"pa_size-4xl-de","17":"first","18":"outofstock","19":"sale","20":"taxable","21":"shipping-taxable","22":"purchasable","23":"product-type-variable"},"_links":{"self":[{"href":"https:\/\/baturina-homewear.com\/de\/wp-json\/wp\/v2\/product\/26193","targetHints":{"allow":["GET"]}}],"collection":[{"href":"https:\/\/baturina-homewear.com\/de\/wp-json\/wp\/v2\/product"}],"about":[{"href":"https:\/\/baturina-homewear.com\/de\/wp-json\/wp\/v2\/types\/product"}],"replies":[{"embeddable":true,"href":"https:\/\/baturina-homewear.com\/de\/wp-json\/wp\/v2\/comments?post=26193"}],"version-history":[{"count":2,"href":"https:\/\/baturina-homewear.com\/de\/wp-json\/wp\/v2\/product\/26193\/revisions"}],"predecessor-version":[{"id":54180,"href":"https:\/\/baturina-homewear.com\/de\/wp-json\/wp\/v2\/product\/26193\/revisions\/54180"}],"wp:featuredmedia":[{"embeddable":true,"href":"https:\/\/baturina-homewear.com\/de\/wp-json\/wp\/v2\/media\/20803"}],"wp:attachment":[{"href":"https:\/\/baturina-homewear.com\/de\/wp-json\/wp\/v2\/media?parent=26193"}],"wp:term":[{"taxonomy":"product_brand","embeddable":true,"href":"https:\/\/baturina-homewear.com\/de\/wp-json\/wp\/v2\/product_brand?post=26193"},{"taxonomy":"product_cat","embeddable":true,"href":"https:\/\/baturina-homewear.com\/de\/wp-json\/wp\/v2\/product_cat?post=26193"},{"taxonomy":"product_tag","embeddable":true,"href":"https:\/\/baturina-homewear.com\/de\/wp-json\/wp\/v2\/product_tag?post=26193"}],"curies":[{"name":"wp","href":"https:\/\/api.w.org\/{rel}","templated":true}]}}