{"id":26195,"date":"2022-06-15T10:06:29","date_gmt":"2022-06-15T08:06:29","guid":{"rendered":"https:\/\/baturina-homewear.com\/product\/herren-hausjacke-leuchtend-roter-baumwollsamt-und-goldener-satin-mit-gestreiften-kordelpaspeln\/"},"modified":"2023-07-12T21:02:19","modified_gmt":"2023-07-12T19:02:19","slug":"mens-smoking-jacket-bright-red-cotton-velvet-and-gold-satin-with-striped-cord-piping","status":"publish","type":"product","link":"https:\/\/baturina-homewear.com\/de\/produkt\/mens-smoking-jacket-bright-red-cotton-velvet-and-gold-satin-with-striped-cord-piping\/","title":{"rendered":"Herren Hausjacke Leuchtend roter Baumwollsamt und goldener Satin mit gestreiften Kordelpaspeln"},"content":{"rendered":"<p>Schwerer, dicker und extra warmer Morgenmantel in leuchtendem Rot und Gold. Mit schlichtem Besatz aus gleichem Stoff und schwarz-gold gestreifter Paspel<br \/>\n. Es hat eine luxuri\u00f6se, weiche Textur und ist vollst\u00e4ndig mit Satin gef\u00fcttert. Einfach mit dem langen G\u00fcrtel befestigen. Wenn Sie auf der Suche nach einem warmen Morgenmantel sind, den Sie bei k\u00fchlen Temperaturen im Haus tragen k\u00f6nnen, ist dieser perfekt.<\/p>\n<ul>\n<li>Schalkragen<\/li>\n<li>Brusttasche<\/li>\n<li>zwei tiefe Seitentaschen<\/li>\n<li>verstellbare Umschlagmanschetten<\/li>\n<li>bequeme, lockere Passform<\/li>\n<li>diskrete Aufh\u00e4ngeschlaufe auf der R\u00fcckseite<\/li>\n<li>lange G\u00fcrtel<\/li>\n<\/ul>\n<p>Material und Pflege: 60% Baumwolle, 20% Polyester, 20% Viskose. Professionelle chemische Reinigung.<\/p>\n","protected":false},"excerpt":{"rendered":"<p>Schwerer, dicker und extra warmer Morgenmantel in leuchtendem Rot und Gold. Mit schlichtem Besatz aus gleichem Stoff und schwarz-gold gestreifter<\/p>\n","protected":false},"featured_media":20493,"comment_status":"open","ping_status":"closed","template":"","meta":[],"product_brand":[],"product_cat":[496],"product_tag":[464],"class_list":{"0":"post-26195","1":"product","2":"type-product","3":"status-publish","4":"has-post-thumbnail","6":"product_cat-herren-hausjacken","7":"product_tag-custom-size-de","8":"pa_color-gold-de","9":"pa_color-rot","10":"pa_fabric-content-cotton-de","11":"pa_fabric-weave-type-samt","12":"pa_fabric-weight-schwer-und-warm","13":"pa_pattern-einfarbig","14":"pa_size-2xl-de","15":"pa_size-3xl-de","16":"pa_size-4xl-de","17":"pa_size-5xl-de","18":"pa_size-l-de","19":"pa_size-m-de","20":"pa_size-massanfertigung","21":"pa_size-s-de","22":"pa_size-xl-de","23":"pa_size-xs-de","25":"first","26":"outofstock","27":"taxable","28":"shipping-taxable","29":"purchasable","30":"product-type-simple"},"_links":{"self":[{"href":"https:\/\/baturina-homewear.com\/de\/wp-json\/wp\/v2\/product\/26195","targetHints":{"allow":["GET"]}}],"collection":[{"href":"https:\/\/baturina-homewear.com\/de\/wp-json\/wp\/v2\/product"}],"about":[{"href":"https:\/\/baturina-homewear.com\/de\/wp-json\/wp\/v2\/types\/product"}],"replies":[{"embeddable":true,"href":"https:\/\/baturina-homewear.com\/de\/wp-json\/wp\/v2\/comments?post=26195"}],"version-history":[{"count":1,"href":"https:\/\/baturina-homewear.com\/de\/wp-json\/wp\/v2\/product\/26195\/revisions"}],"predecessor-version":[{"id":46979,"href":"https:\/\/baturina-homewear.com\/de\/wp-json\/wp\/v2\/product\/26195\/revisions\/46979"}],"wp:featuredmedia":[{"embeddable":true,"href":"https:\/\/baturina-homewear.com\/de\/wp-json\/wp\/v2\/media\/20493"}],"wp:attachment":[{"href":"https:\/\/baturina-homewear.com\/de\/wp-json\/wp\/v2\/media?parent=26195"}],"wp:term":[{"taxonomy":"product_brand","embeddable":true,"href":"https:\/\/baturina-homewear.com\/de\/wp-json\/wp\/v2\/product_brand?post=26195"},{"taxonomy":"product_cat","embeddable":true,"href":"https:\/\/baturina-homewear.com\/de\/wp-json\/wp\/v2\/product_cat?post=26195"},{"taxonomy":"product_tag","embeddable":true,"href":"https:\/\/baturina-homewear.com\/de\/wp-json\/wp\/v2\/product_tag?post=26195"}],"curies":[{"name":"wp","href":"https:\/\/api.w.org\/{rel}","templated":true}]}}