{"id":26248,"date":"2022-06-17T21:14:31","date_gmt":"2022-06-17T19:14:31","guid":{"rendered":"https:\/\/baturina-homewear.com\/product\/herren-pyjama-silber-satin\/"},"modified":"2025-07-23T15:18:11","modified_gmt":"2025-07-23T13:18:11","slug":"herren-pyjama-set-silber-satin","status":"publish","type":"product","link":"https:\/\/baturina-homewear.com\/de\/produkt\/herren-pyjama-set-silber-satin\/","title":{"rendered":"Herren Pyjama Silber Satin"},"content":{"rendered":"<p>Klassisches Pyjama-Set mit einem bequemen Langarmshirt und einer langen Hose. Hergestellt aus leichtem, glattem Satin in einer atemberaubenden Silberfarbe. Vollst\u00e4ndig mit schwarzen Paspeln eingefasst. Dieses Set ist ein unverzichtbares St\u00fcck Loungewear und sorgt f\u00fcr einen zeitlos eleganten Look.<\/p>\n<ul>\n<li>Bequeme, lockere Passform<\/li>\n<li>Hemd mit gekerbtem Kragen, Knopfleiste, drei Taschen<\/li>\n<li>Hose mit elastischem Bund, Kordelzug, verdeckter Knopfleiste, zwei Seitentaschen<\/li>\n<li>Acrylkn\u00f6pfe<\/li>\n<\/ul>\n<p>Material und Pflege: 60% Polyester, 40% Viskose. Separat in der Maschine bei 30\u00b0C waschen, nicht im Trockner trocknen, bei niedriger Hitze b\u00fcgeln. <\/p>\n<p>Alle unsere Designs werden individuell auf Bestellung in unserem Atelier angefertigt und jedes ist das Ergebnis stundenlanger handwerklicher Arbeit. Genie\u00dfen Sie Komfort und Stil in unseren Herren Morgenm\u00e4nteln, Pyjama Sets und Accessoires, hergestellt in Hamburg, Deutschland.<\/p>\n<p>Das Modell ist 185 cm gro\u00df und tr\u00e4gt die Gr\u00f6\u00dfe M.<\/p>\n","protected":false},"excerpt":{"rendered":"<p>Klassisches Pyjama-Set mit einem bequemen Langarmshirt und einer langen Hose. Hergestellt aus leichtem, glattem Satin in einer atemberaubenden Silberfarbe. Vollst\u00e4ndig<\/p>\n","protected":false},"featured_media":35173,"comment_status":"open","ping_status":"closed","template":"","meta":[],"product_brand":[],"product_cat":[493,565],"product_tag":[],"class_list":{"0":"post-26248","1":"product","2":"type-product","3":"status-publish","4":"has-post-thumbnail","6":"product_cat-herren-pyjamas","7":"product_cat-pyjamas","8":"product_shipping_class-regular-de","9":"pa_color-silber-grau","10":"pa_fabric-content-polyester-viscose-mix-de","11":"pa_fabric-weave-type-satin-de","12":"pa_fabric-weight-lightweight-de","13":"pa_pattern-einfarbig","14":"pa_size-m-de","16":"first","17":"outofstock","18":"sale","19":"taxable","20":"shipping-taxable","21":"purchasable","22":"product-type-variable","23":"has-default-attributes"},"_links":{"self":[{"href":"https:\/\/baturina-homewear.com\/de\/wp-json\/wp\/v2\/product\/26248","targetHints":{"allow":["GET"]}}],"collection":[{"href":"https:\/\/baturina-homewear.com\/de\/wp-json\/wp\/v2\/product"}],"about":[{"href":"https:\/\/baturina-homewear.com\/de\/wp-json\/wp\/v2\/types\/product"}],"replies":[{"embeddable":true,"href":"https:\/\/baturina-homewear.com\/de\/wp-json\/wp\/v2\/comments?post=26248"}],"version-history":[{"count":8,"href":"https:\/\/baturina-homewear.com\/de\/wp-json\/wp\/v2\/product\/26248\/revisions"}],"predecessor-version":[{"id":73369,"href":"https:\/\/baturina-homewear.com\/de\/wp-json\/wp\/v2\/product\/26248\/revisions\/73369"}],"wp:featuredmedia":[{"embeddable":true,"href":"https:\/\/baturina-homewear.com\/de\/wp-json\/wp\/v2\/media\/35173"}],"wp:attachment":[{"href":"https:\/\/baturina-homewear.com\/de\/wp-json\/wp\/v2\/media?parent=26248"}],"wp:term":[{"taxonomy":"product_brand","embeddable":true,"href":"https:\/\/baturina-homewear.com\/de\/wp-json\/wp\/v2\/product_brand?post=26248"},{"taxonomy":"product_cat","embeddable":true,"href":"https:\/\/baturina-homewear.com\/de\/wp-json\/wp\/v2\/product_cat?post=26248"},{"taxonomy":"product_tag","embeddable":true,"href":"https:\/\/baturina-homewear.com\/de\/wp-json\/wp\/v2\/product_tag?post=26248"}],"curies":[{"name":"wp","href":"https:\/\/api.w.org\/{rel}","templated":true}]}}