{"id":26261,"date":"2022-06-17T21:01:49","date_gmt":"2022-06-17T19:01:49","guid":{"rendered":"https:\/\/baturina-homewear.com\/product\/herren-pyjama-hellblau-paisley-jacquard\/"},"modified":"2025-08-18T20:12:47","modified_gmt":"2025-08-18T18:12:47","slug":"herren-pyjama-set-hellblau-paisley-jacquard","status":"publish","type":"product","link":"https:\/\/baturina-homewear.com\/de\/produkt\/herren-pyjama-set-hellblau-paisley-jacquard\/","title":{"rendered":"Herren Pyjama Hellblau Paisley Jacquard"},"content":{"rendered":"<p>Klassisches Pyjama-Set, bestehend aus einem bequemen Langarmshirt und einer langen Hose. Aus leichtem, glattem Jacquard in Hellblau mit eingewebtem Paisleymuster. Vollst\u00e4ndig mit schwarzen Paspeln eingefasst. Dieses Set ist ein unverzichtbares St\u00fcck Loungewear und sorgt f\u00fcr einen zeitlos eleganten Look.<\/p>\n<ul>\n<li>bequeme, lockere Passform<\/li>\n<li>Hemd mit gekerbtem Kragen, Knopfleiste, drei Taschen<\/li>\n<li>Hose mit elastischem Bund, Kordelzug, verdeckter Knopfleiste, zwei Seitentaschen<\/li>\n<li>Perlmuttkn\u00f6pfe<\/li>\n<\/ul>\n<p>Material und Pflege: 60% Polyamid, 40% Viskose. Separate Maschinenw\u00e4sche bei 30\u00b0C, nicht im Trockner trocknen, B\u00fcgeln bei niedriger Hitze. <\/p>\n<p>Alle unsere Designs werden individuell auf Bestellung in unserem Atelier angefertigt und jedes ist das Ergebnis stundenlanger handwerklicher Arbeit. Genie\u00dfen Sie Komfort und Stil in unseren Herren Morgenm\u00e4nteln, Pyjama Sets und Accessoires, hergestellt in Hamburg, Deutschland.<\/p>\n<p>Das Model ist 185 cm gro\u00df und tr\u00e4gt die Gr\u00f6\u00dfe M.<\/p>\n","protected":false},"excerpt":{"rendered":"<p>Klassisches Pyjama-Set, bestehend aus einem bequemen Langarmshirt und einer langen Hose. Aus leichtem, glattem Jacquard in Hellblau mit eingewebtem Paisleymuster.<\/p>\n","protected":false},"featured_media":36516,"comment_status":"open","ping_status":"closed","template":"","meta":[],"product_brand":[],"product_cat":[493],"product_tag":[482,768],"class_list":{"0":"post-26261","1":"product","2":"type-product","3":"status-publish","4":"has-post-thumbnail","6":"product_cat-herren-pyjamas","7":"product_tag-custom-size-pajamas-de","8":"product_tag-monogram-de","9":"product_shipping_class-kleine-box","10":"pa_color-swatch-hellblau","11":"pa_fabric-content-polyester-viscose-mix-de","12":"pa_fabric-weave-type-jacquard-de","13":"pa_fabric-weight-lightweight-de","14":"pa_pattern-paisley-de","15":"pa_size-2xl-de","16":"pa_size-3xl-de","17":"pa_size-4xl-de","18":"pa_size-5xl-de","19":"pa_size-l-de","20":"pa_size-m-de","21":"pa_size-massanfertigung","22":"pa_size-s-de","23":"pa_size-xl-de","24":"pa_size-xs-de","26":"first","27":"outofstock","28":"taxable","29":"shipping-taxable","30":"purchasable","31":"product-type-simple"},"_links":{"self":[{"href":"https:\/\/baturina-homewear.com\/de\/wp-json\/wp\/v2\/product\/26261","targetHints":{"allow":["GET"]}}],"collection":[{"href":"https:\/\/baturina-homewear.com\/de\/wp-json\/wp\/v2\/product"}],"about":[{"href":"https:\/\/baturina-homewear.com\/de\/wp-json\/wp\/v2\/types\/product"}],"replies":[{"embeddable":true,"href":"https:\/\/baturina-homewear.com\/de\/wp-json\/wp\/v2\/comments?post=26261"}],"version-history":[{"count":5,"href":"https:\/\/baturina-homewear.com\/de\/wp-json\/wp\/v2\/product\/26261\/revisions"}],"predecessor-version":[{"id":73146,"href":"https:\/\/baturina-homewear.com\/de\/wp-json\/wp\/v2\/product\/26261\/revisions\/73146"}],"wp:featuredmedia":[{"embeddable":true,"href":"https:\/\/baturina-homewear.com\/de\/wp-json\/wp\/v2\/media\/36516"}],"wp:attachment":[{"href":"https:\/\/baturina-homewear.com\/de\/wp-json\/wp\/v2\/media?parent=26261"}],"wp:term":[{"taxonomy":"product_brand","embeddable":true,"href":"https:\/\/baturina-homewear.com\/de\/wp-json\/wp\/v2\/product_brand?post=26261"},{"taxonomy":"product_cat","embeddable":true,"href":"https:\/\/baturina-homewear.com\/de\/wp-json\/wp\/v2\/product_cat?post=26261"},{"taxonomy":"product_tag","embeddable":true,"href":"https:\/\/baturina-homewear.com\/de\/wp-json\/wp\/v2\/product_tag?post=26261"}],"curies":[{"name":"wp","href":"https:\/\/api.w.org\/{rel}","templated":true}]}}