{"id":26264,"date":"2022-06-16T23:34:05","date_gmt":"2022-06-16T21:34:05","guid":{"rendered":"https:\/\/baturina-homewear.com\/product\/herren-pyjama-weiss-blau-rot-floral-paisley-baumwolle\/"},"modified":"2025-10-21T13:54:47","modified_gmt":"2025-10-21T11:54:47","slug":"herren-pyjama-set-weis-blau-rot-blumig-paisley-baumwolle","status":"publish","type":"product","link":"https:\/\/baturina-homewear.com\/de\/produkt\/herren-pyjama-set-weis-blau-rot-blumig-paisley-baumwolle\/","title":{"rendered":"Herren Pyjama Set Wei\u00df Blau Rot Floral Paisley Baumwolle"},"content":{"rendered":"<p>Klassisches Pyjama-Set mit einem bequemen Langarmshirt und einer langen Hose. Aus leichter Baumwolle mit einem roten und blauen Paisleymuster auf wei\u00dfem Grund. Vollst\u00e4ndig mit Paspeln eingefasst. Dieses Set ist ein unverzichtbares St\u00fcck Loungewear und sorgt f\u00fcr einen zeitlos eleganten Look. Alle unsere Designs werden individuell auf Bestellung in unserem Atelier angefertigt und jedes ist das Ergebnis stundenlanger handwerklicher Arbeit. Genie\u00dfen Sie Komfort und Stil in unseren Herren Morgenm\u00e4nteln, Pyjama Sets und Accessoires, hergestellt in Hamburg, Deutschland. <\/p>\n<ul>\n<li>bequeme, lockere Passform<\/li>\n<li>Hemd mit gekerbtem Kragen, Knopfleiste, drei Taschen<\/li>\n<li>Hose mit elastischem Bund, Kordelzug, verdeckter Knopfleiste, zwei Seitentaschen<\/li>\n<li>schwarze Acrylkn\u00f6pfe<\/li>\n<\/ul>\n<p>Material und Pflege: 100% Baumwolle. Separat in der Maschine bei 30\u00b0C waschen, nicht im Trockner trocknen, bei niedriger Hitze b\u00fcgeln. <\/p>\n<p>Das Model ist 185 cm gro\u00df und tr\u00e4gt die Gr\u00f6\u00dfe M.<\/p>\n","protected":false},"excerpt":{"rendered":"<p>Aus leichter Baumwolle mit einem roten und blauen Paisleymuster auf wei\u00dfem Grund.<\/p>\n","protected":false},"featured_media":32064,"comment_status":"open","ping_status":"closed","template":"","meta":[],"product_brand":[],"product_cat":[493,565,899],"product_tag":[482,768],"class_list":{"0":"post-26264","1":"product","2":"type-product","3":"status-publish","4":"has-post-thumbnail","6":"product_cat-herren-pyjamas","7":"product_cat-pyjamas","8":"product_cat-limited-edition-de","9":"product_tag-custom-size-pajamas-de","10":"product_tag-monogram-de","11":"product_shipping_class-auf-bestellung","12":"pa_fabric-weave-type-einfach","13":"pa_fabric-weight-lightweight-de","14":"pa_pattern-paisley-de","15":"pa_size-m-de","17":"first","18":"instock","19":"taxable","20":"shipping-taxable","21":"purchasable","22":"product-type-simple"},"_links":{"self":[{"href":"https:\/\/baturina-homewear.com\/de\/wp-json\/wp\/v2\/product\/26264","targetHints":{"allow":["GET"]}}],"collection":[{"href":"https:\/\/baturina-homewear.com\/de\/wp-json\/wp\/v2\/product"}],"about":[{"href":"https:\/\/baturina-homewear.com\/de\/wp-json\/wp\/v2\/types\/product"}],"replies":[{"embeddable":true,"href":"https:\/\/baturina-homewear.com\/de\/wp-json\/wp\/v2\/comments?post=26264"}],"version-history":[{"count":9,"href":"https:\/\/baturina-homewear.com\/de\/wp-json\/wp\/v2\/product\/26264\/revisions"}],"predecessor-version":[{"id":77252,"href":"https:\/\/baturina-homewear.com\/de\/wp-json\/wp\/v2\/product\/26264\/revisions\/77252"}],"wp:featuredmedia":[{"embeddable":true,"href":"https:\/\/baturina-homewear.com\/de\/wp-json\/wp\/v2\/media\/32064"}],"wp:attachment":[{"href":"https:\/\/baturina-homewear.com\/de\/wp-json\/wp\/v2\/media?parent=26264"}],"wp:term":[{"taxonomy":"product_brand","embeddable":true,"href":"https:\/\/baturina-homewear.com\/de\/wp-json\/wp\/v2\/product_brand?post=26264"},{"taxonomy":"product_cat","embeddable":true,"href":"https:\/\/baturina-homewear.com\/de\/wp-json\/wp\/v2\/product_cat?post=26264"},{"taxonomy":"product_tag","embeddable":true,"href":"https:\/\/baturina-homewear.com\/de\/wp-json\/wp\/v2\/product_tag?post=26264"}],"curies":[{"name":"wp","href":"https:\/\/api.w.org\/{rel}","templated":true}]}}