{"id":26265,"date":"2022-06-13T12:13:07","date_gmt":"2022-06-13T10:13:07","guid":{"rendered":"https:\/\/baturina-homewear.com\/product\/herren-pyjama-paisley-jacquard-bronze-gold\/"},"modified":"2026-03-24T14:21:12","modified_gmt":"2026-03-24T13:21:12","slug":"herren-pyjamas-set-paisley-jacquard-bronze-gold","status":"publish","type":"product","link":"https:\/\/baturina-homewear.com\/de\/produkt\/herren-pyjamas-set-paisley-jacquard-bronze-gold\/","title":{"rendered":"Herren Pyjama Set Gold Paisley"},"content":{"rendered":"<p>Unser klassisches Pyjama Set f\u00fcr Herren mit Paisleymuster verbindet zeitlose Eleganz mit unvergleichlichem Komfort. Dieses Set aus leichtem, glattem Jacquard in Bronzegold mit eingewebtem Paisleymuster und einem paspelierten Rand f\u00fcr ein raffiniertes Finish strahlt Raffinesse aus.<\/p>\n<p>Dieser Pyjama ist ideal zum Entspannen zu Hause, f\u00fcr einen gem\u00fctlichen Morgen oder einen entspannten Abend und bietet au\u00dfergew\u00f6hnlichen Komfort und m\u00fchelosen Stil. Ob Sie es sich abends gem\u00fctlich machen oder den Tag mit einem entspannten Fr\u00fchst\u00fcck beginnen, unsere Pyjamas sind die perfekte Wahl, um Ihren Komfort und Stil zu Hause zu verbessern.<\/p>\n<ul>\n<li>bequeme, lockere Passform<\/li>\n<li>Hemd mit gekerbtem Kragen, Knopfleiste, drei Taschen<\/li>\n<li>Hose mit elastischem Bund, Kordelzug, verdeckter Knopfleiste, zwei Seitentaschen<\/li>\n<li>Acrylkn\u00f6pfe<\/li>\n<\/ul>\n<p>Material und Pflege: 60% Polyester, 40% Viskose. Separate Maschinenw\u00e4sche bei 30\u00b0C, nicht im Trockner trocknen, B\u00fcgeln bei niedriger Hitze. <\/p>\n","protected":false},"excerpt":{"rendered":"<p>Unser klassisches Pyjama Set f\u00fcr Herren mit Paisleymuster verbindet zeitlose Eleganz mit unvergleichlichem Komfort.<\/p>\n","protected":false},"featured_media":28070,"comment_status":"open","ping_status":"closed","template":"","meta":[],"product_brand":[],"product_cat":[493,565,1210],"product_tag":[482,768],"class_list":{"0":"post-26265","1":"product","2":"type-product","3":"status-publish","4":"has-post-thumbnail","6":"product_cat-herren-pyjamas","7":"product_cat-pyjamas","8":"product_cat-herrenzimmer","9":"product_tag-custom-size-pajamas-de","10":"product_tag-monogram-de","11":"product_shipping_class-auf-bestellung","12":"pa_color-swatch-gold-de","13":"pa_fabric-content-polyester-viscose-mix-de","14":"pa_fabric-weave-type-jacquard-de","15":"pa_fabric-weight-lightweight-de","16":"pa_pattern-paisley-de","17":"pa_size-2xl-de","18":"pa_size-3xl-de","19":"pa_size-4xl-de","20":"pa_size-5xl-de","21":"pa_size-l-de","22":"pa_size-m-de","23":"pa_size-massanfertigung","24":"pa_size-s-de","25":"pa_size-xl-de","26":"pa_size-xs-de","28":"first","29":"instock","30":"taxable","31":"shipping-taxable","32":"purchasable","33":"product-type-simple"},"_links":{"self":[{"href":"https:\/\/baturina-homewear.com\/de\/wp-json\/wp\/v2\/product\/26265","targetHints":{"allow":["GET"]}}],"collection":[{"href":"https:\/\/baturina-homewear.com\/de\/wp-json\/wp\/v2\/product"}],"about":[{"href":"https:\/\/baturina-homewear.com\/de\/wp-json\/wp\/v2\/types\/product"}],"replies":[{"embeddable":true,"href":"https:\/\/baturina-homewear.com\/de\/wp-json\/wp\/v2\/comments?post=26265"}],"version-history":[{"count":10,"href":"https:\/\/baturina-homewear.com\/de\/wp-json\/wp\/v2\/product\/26265\/revisions"}],"predecessor-version":[{"id":73349,"href":"https:\/\/baturina-homewear.com\/de\/wp-json\/wp\/v2\/product\/26265\/revisions\/73349"}],"wp:featuredmedia":[{"embeddable":true,"href":"https:\/\/baturina-homewear.com\/de\/wp-json\/wp\/v2\/media\/28070"}],"wp:attachment":[{"href":"https:\/\/baturina-homewear.com\/de\/wp-json\/wp\/v2\/media?parent=26265"}],"wp:term":[{"taxonomy":"product_brand","embeddable":true,"href":"https:\/\/baturina-homewear.com\/de\/wp-json\/wp\/v2\/product_brand?post=26265"},{"taxonomy":"product_cat","embeddable":true,"href":"https:\/\/baturina-homewear.com\/de\/wp-json\/wp\/v2\/product_cat?post=26265"},{"taxonomy":"product_tag","embeddable":true,"href":"https:\/\/baturina-homewear.com\/de\/wp-json\/wp\/v2\/product_tag?post=26265"}],"curies":[{"name":"wp","href":"https:\/\/api.w.org\/{rel}","templated":true}]}}