{"id":26266,"date":"2022-06-13T18:11:03","date_gmt":"2022-06-13T16:11:03","guid":{"rendered":"https:\/\/baturina-homewear.com\/product\/herren-pyjama-dunkelbrauner-paisley-jacquard-mit-goldenen-paspeln\/"},"modified":"2025-07-23T15:19:46","modified_gmt":"2025-07-23T13:19:46","slug":"herren-pyjamaset-dunkelbraun-paisley-jacquard-mit-goldenen-paspeln","status":"publish","type":"product","link":"https:\/\/baturina-homewear.com\/de\/produkt\/herren-pyjamaset-dunkelbraun-paisley-jacquard-mit-goldenen-paspeln\/","title":{"rendered":"Herren Pyjama Set Dunkelbraun Paisley"},"content":{"rendered":"<p>Klassisches Pyjama-Set mit einem bequemen Langarmshirt und einer langen Hose. Aus leichtem, glattem Jacquard in Dunkelbraun mit eingewebtem Paisleymuster. Vollst\u00e4ndig mit goldenen Paspeln eingefasst. Dieses Set ist ein unverzichtbares St\u00fcck Loungewear und sorgt f\u00fcr einen zeitlos eleganten Look. Alle unsere Designs werden individuell auf Bestellung in unserem Atelier angefertigt und jedes ist das Ergebnis stundenlanger handwerklicher Arbeit. Genie\u00dfen Sie Komfort und Stil in unseren Herren Morgenm\u00e4nteln, Pyjama Sets und Accessoires, hergestellt in Hamburg, Deutschland.<\/p>\n<ul>\n<li>bequeme, lockere Passform<\/li>\n<li>Hemd mit gekerbtem Kragen, Knopfleiste, drei Taschen<\/li>\n<li>Hose mit elastischem Bund, Kordelzug, verdeckter Knopfleiste, zwei Seitentaschen<\/li>\n<li>Perlmuttkn\u00f6pfe<\/li>\n<\/ul>\n<p>Material und Pflege: 60% Polyester, 40% Viskose. Separat in der Maschine bei 30\u00b0C waschen, nicht im Trockner trocknen, bei niedriger Hitze b\u00fcgeln. <\/p>\n<p>Das Model ist 185 cm gro\u00df und tr\u00e4gt die Gr\u00f6\u00dfe M.<\/p>\n","protected":false},"excerpt":{"rendered":"<p>Klassisches Pyjama-Set mit einem bequemen Langarmshirt und einer langen Hose. Aus leichtem, glattem Jacquard in Dunkelbraun mit eingewebtem Paisleymuster. Vollst\u00e4ndig<\/p>\n","protected":false},"featured_media":35169,"comment_status":"open","ping_status":"closed","template":"","meta":[],"product_brand":[],"product_cat":[493,565],"product_tag":[482,768],"class_list":{"0":"post-26266","1":"product","2":"type-product","3":"status-publish","4":"has-post-thumbnail","6":"product_cat-herren-pyjamas","7":"product_cat-pyjamas","8":"product_tag-custom-size-pajamas-de","9":"product_tag-monogram-de","10":"product_shipping_class-auf-bestellung","11":"pa_fabric-content-polyester-viscose-mix-de","12":"pa_fabric-weave-type-jacquard-de","13":"pa_fabric-weight-lightweight-de","14":"pa_pattern-paisley-de","15":"pa_size-2xl-de","16":"pa_size-3xl-de","17":"pa_size-4xl-de","18":"pa_size-5xl-de","19":"pa_size-l-de","20":"pa_size-m-de","21":"pa_size-massanfertigung","22":"pa_size-s-de","23":"pa_size-xl-de","24":"pa_size-xs-de","26":"first","27":"outofstock","28":"taxable","29":"shipping-taxable","30":"purchasable","31":"product-type-simple"},"_links":{"self":[{"href":"https:\/\/baturina-homewear.com\/de\/wp-json\/wp\/v2\/product\/26266","targetHints":{"allow":["GET"]}}],"collection":[{"href":"https:\/\/baturina-homewear.com\/de\/wp-json\/wp\/v2\/product"}],"about":[{"href":"https:\/\/baturina-homewear.com\/de\/wp-json\/wp\/v2\/types\/product"}],"replies":[{"embeddable":true,"href":"https:\/\/baturina-homewear.com\/de\/wp-json\/wp\/v2\/comments?post=26266"}],"version-history":[{"count":7,"href":"https:\/\/baturina-homewear.com\/de\/wp-json\/wp\/v2\/product\/26266\/revisions"}],"predecessor-version":[{"id":73526,"href":"https:\/\/baturina-homewear.com\/de\/wp-json\/wp\/v2\/product\/26266\/revisions\/73526"}],"wp:featuredmedia":[{"embeddable":true,"href":"https:\/\/baturina-homewear.com\/de\/wp-json\/wp\/v2\/media\/35169"}],"wp:attachment":[{"href":"https:\/\/baturina-homewear.com\/de\/wp-json\/wp\/v2\/media?parent=26266"}],"wp:term":[{"taxonomy":"product_brand","embeddable":true,"href":"https:\/\/baturina-homewear.com\/de\/wp-json\/wp\/v2\/product_brand?post=26266"},{"taxonomy":"product_cat","embeddable":true,"href":"https:\/\/baturina-homewear.com\/de\/wp-json\/wp\/v2\/product_cat?post=26266"},{"taxonomy":"product_tag","embeddable":true,"href":"https:\/\/baturina-homewear.com\/de\/wp-json\/wp\/v2\/product_tag?post=26266"}],"curies":[{"name":"wp","href":"https:\/\/api.w.org\/{rel}","templated":true}]}}