{"id":26268,"date":"2022-06-13T16:36:18","date_gmt":"2022-06-13T14:36:18","guid":{"rendered":"https:\/\/baturina-homewear.com\/product\/schlafanzug-fuer-maenner-gruener-paisley-jacquard\/"},"modified":"2025-10-21T13:55:02","modified_gmt":"2025-10-21T11:55:02","slug":"herren-pyjamas-grun-kautschuk-jacquard","status":"publish","type":"product","link":"https:\/\/baturina-homewear.com\/de\/produkt\/herren-pyjamas-grun-kautschuk-jacquard\/","title":{"rendered":"Schlafanzug f\u00fcr M\u00e4nner Gr\u00fcner Paisley-Jacquard"},"content":{"rendered":"<p>Klassisches Pyjama-Set, bestehend aus einem bequemen Langarmshirt und einer langen Hose. Aus leichtem, glattem Jacquard in Gr\u00fcn mit eingewebtem Paisleymuster. Vollst\u00e4ndig mit schwarzen Paspeln eingefasst. Dieses Set ist ein unverzichtbares St\u00fcck Loungewear und sorgt f\u00fcr einen zeitlos eleganten Look. Alle unsere Designs werden individuell auf Bestellung in unserem Atelier angefertigt und jedes ist das Ergebnis stundenlanger handwerklicher Arbeit. Genie\u00dfen Sie Komfort und Stil in unseren Herren Morgenm\u00e4nteln, Pyjama Sets und Accessoires, hergestellt in Hamburg, Deutschland. <\/p>\n<ul>\n<li>bequeme, lockere Passform<\/li>\n<li>Hemd mit gekerbtem Kragen, Knopfleiste, drei Taschen<\/li>\n<li>Hose mit elastischem Bund, Kordelzug, verdeckter Knopfleiste, zwei Seitentaschen<\/li>\n<li>Acrylkn\u00f6pfe<\/li>\n<\/ul>\n<p>Material und Pflege: 60% Polyamid, 40% Viskose. Separate Maschinenw\u00e4sche bei 30\u00b0C, nicht im Trockner trocknen, B\u00fcgeln bei niedriger Hitze. <\/p>\n<p>Das Model ist 185 cm gro\u00df und tr\u00e4gt die Gr\u00f6\u00dfe M.<\/p>\n","protected":false},"excerpt":{"rendered":"<p>Klassisches Pyjama-Set, bestehend aus einem bequemen Langarmshirt und einer langen Hose. Aus leichtem, glattem Jacquard in Gr\u00fcn mit eingewebtem Paisleymuster.<\/p>\n","protected":false},"featured_media":67414,"comment_status":"open","ping_status":"closed","template":"","meta":[],"product_brand":[],"product_cat":[493,565],"product_tag":[482,768],"class_list":{"0":"post-26268","1":"product","2":"type-product","3":"status-publish","4":"has-post-thumbnail","6":"product_cat-herren-pyjamas","7":"product_cat-pyjamas","8":"product_tag-custom-size-pajamas-de","9":"product_tag-monogram-de","10":"product_shipping_class-auf-bestellung","11":"pa_fabric-content-polyester-viscose-mix-de","12":"pa_fabric-weave-type-jacquard-de","13":"pa_fabric-weight-lightweight-de","14":"pa_pattern-paisley-de","15":"pa_size-m-de","17":"first","18":"instock","19":"taxable","20":"shipping-taxable","21":"purchasable","22":"product-type-simple"},"_links":{"self":[{"href":"https:\/\/baturina-homewear.com\/de\/wp-json\/wp\/v2\/product\/26268","targetHints":{"allow":["GET"]}}],"collection":[{"href":"https:\/\/baturina-homewear.com\/de\/wp-json\/wp\/v2\/product"}],"about":[{"href":"https:\/\/baturina-homewear.com\/de\/wp-json\/wp\/v2\/types\/product"}],"replies":[{"embeddable":true,"href":"https:\/\/baturina-homewear.com\/de\/wp-json\/wp\/v2\/comments?post=26268"}],"version-history":[{"count":6,"href":"https:\/\/baturina-homewear.com\/de\/wp-json\/wp\/v2\/product\/26268\/revisions"}],"predecessor-version":[{"id":77257,"href":"https:\/\/baturina-homewear.com\/de\/wp-json\/wp\/v2\/product\/26268\/revisions\/77257"}],"wp:featuredmedia":[{"embeddable":true,"href":"https:\/\/baturina-homewear.com\/de\/wp-json\/wp\/v2\/media\/67414"}],"wp:attachment":[{"href":"https:\/\/baturina-homewear.com\/de\/wp-json\/wp\/v2\/media?parent=26268"}],"wp:term":[{"taxonomy":"product_brand","embeddable":true,"href":"https:\/\/baturina-homewear.com\/de\/wp-json\/wp\/v2\/product_brand?post=26268"},{"taxonomy":"product_cat","embeddable":true,"href":"https:\/\/baturina-homewear.com\/de\/wp-json\/wp\/v2\/product_cat?post=26268"},{"taxonomy":"product_tag","embeddable":true,"href":"https:\/\/baturina-homewear.com\/de\/wp-json\/wp\/v2\/product_tag?post=26268"}],"curies":[{"name":"wp","href":"https:\/\/api.w.org\/{rel}","templated":true}]}}