{"id":26280,"date":"2022-06-17T20:48:58","date_gmt":"2022-06-17T18:48:58","guid":{"rendered":"https:\/\/baturina-homewear.com\/product\/herren-pyjama-hose-weiss-baumwolle\/"},"modified":"2024-11-25T11:39:19","modified_gmt":"2024-11-25T10:39:19","slug":"herren-pyjama-hose-10","status":"publish","type":"product","link":"https:\/\/baturina-homewear.com\/de\/produkt\/herren-pyjama-hose-10\/","title":{"rendered":"Herren Pyjama Hose Wei\u00df Baumwolle"},"content":{"rendered":"<p>Luxuri\u00f6se und elegante lange Lounge-Hose aus sehr weicher Baumwolle in einem eleganten Wei\u00dfton. Perfekt zum Faulenzen und Schlafen. Der passende Morgenmantel und die Boxershorts sind separat als komplettes Set im Shop erh\u00e4ltlich.<\/p>\n<ul>\n<li>elastischer Bund, Kordelzug, verdeckte Knopfleiste<\/li>\n<li>zwei tiefe Seitentaschen<\/li>\n<li>schwarze Paspel\n <\/li>\n<li>Hosenl\u00e4nge: 100 cm (39 3\/8 Zoll)<\/li>\n<\/ul>\n<p>Material und Pflege: 100% Baumwolle. Separate Maschinenw\u00e4sche bei 30\u00b0C, nicht im Trockner trocknen, B\u00fcgeln bei niedriger Hitze.<\/p>\n<p>Alle unsere Designs werden individuell auf Bestellung in unserem Atelier hergestellt und sind das Ergebnis stundenlanger handwerklicher Arbeit. Genie\u00dfen Sie Komfort und Stil in unseren Morgenmantel, Pyjama-Sets und Accessoires, hergestellt in Hamburg, Deutschland.<\/p>\n","protected":false},"excerpt":{"rendered":"<p>Luxuri\u00f6se und elegante lange Lounge-Hose aus sehr weicher Baumwolle in einem eleganten Wei\u00dfton. Perfekt zum Faulenzen und Schlafen. Der passende<\/p>\n","protected":false},"featured_media":20864,"comment_status":"open","ping_status":"closed","template":"","meta":[],"product_brand":[],"product_cat":[374],"product_tag":[],"class_list":{"0":"post-26280","1":"product","2":"type-product","3":"status-publish","4":"has-post-thumbnail","6":"product_cat-robes","7":"pa_color-weiss","8":"pa_fabric-content-cotton-de","9":"pa_fabric-weave-type-einfach","10":"pa_pattern-einfarbig","11":"pa_size-2xl-de","12":"pa_size-3xl-de","13":"pa_size-4xl-de","14":"pa_size-5xl-de","15":"pa_size-l-de","16":"pa_size-m-de","17":"pa_size-s-de","18":"pa_size-xl-de","19":"pa_size-xs-de","21":"first","22":"outofstock","23":"taxable","24":"shipping-taxable","25":"purchasable","26":"product-type-variable"},"_links":{"self":[{"href":"https:\/\/baturina-homewear.com\/de\/wp-json\/wp\/v2\/product\/26280","targetHints":{"allow":["GET"]}}],"collection":[{"href":"https:\/\/baturina-homewear.com\/de\/wp-json\/wp\/v2\/product"}],"about":[{"href":"https:\/\/baturina-homewear.com\/de\/wp-json\/wp\/v2\/types\/product"}],"replies":[{"embeddable":true,"href":"https:\/\/baturina-homewear.com\/de\/wp-json\/wp\/v2\/comments?post=26280"}],"version-history":[{"count":1,"href":"https:\/\/baturina-homewear.com\/de\/wp-json\/wp\/v2\/product\/26280\/revisions"}],"predecessor-version":[{"id":44510,"href":"https:\/\/baturina-homewear.com\/de\/wp-json\/wp\/v2\/product\/26280\/revisions\/44510"}],"wp:featuredmedia":[{"embeddable":true,"href":"https:\/\/baturina-homewear.com\/de\/wp-json\/wp\/v2\/media\/20864"}],"wp:attachment":[{"href":"https:\/\/baturina-homewear.com\/de\/wp-json\/wp\/v2\/media?parent=26280"}],"wp:term":[{"taxonomy":"product_brand","embeddable":true,"href":"https:\/\/baturina-homewear.com\/de\/wp-json\/wp\/v2\/product_brand?post=26280"},{"taxonomy":"product_cat","embeddable":true,"href":"https:\/\/baturina-homewear.com\/de\/wp-json\/wp\/v2\/product_cat?post=26280"},{"taxonomy":"product_tag","embeddable":true,"href":"https:\/\/baturina-homewear.com\/de\/wp-json\/wp\/v2\/product_tag?post=26280"}],"curies":[{"name":"wp","href":"https:\/\/api.w.org\/{rel}","templated":true}]}}