{"id":26386,"date":"2022-06-17T00:08:24","date_gmt":"2022-06-16T22:08:24","guid":{"rendered":"https:\/\/baturina-homewear.com\/product\/herren-hausmantel-leicht-ungefuettert-dunkelblau-muscheln-jacquard-baumwolle-mit-gold-quasten\/"},"modified":"2024-11-25T11:30:28","modified_gmt":"2024-11-25T10:30:28","slug":"herren-hausmantel-leichter-ungefutterter-dunkelblauer-muschel-jacquard-baumwolle-mit-goldenen-quasten","status":"publish","type":"product","link":"https:\/\/baturina-homewear.com\/de\/produkt\/herren-hausmantel-leichter-ungefutterter-dunkelblauer-muschel-jacquard-baumwolle-mit-goldenen-quasten\/","title":{"rendered":"Herren Hausmantel Dunkelblau Muscheln Baumwolle"},"content":{"rendered":"<p>Eleganter ungef\u00fctterter Morgenmantel mit Schalkragen, perfekt f\u00fcr das Faulenzen zu Hause. Das Farbschema zeichnet sich durch ein sattes Dunkelblau und goldene Akzente aus. Das Design ist mit einem Besatz aus gleichem Stoff versehen, der mit einer Paspel<br \/>\n verarbeitet ist. Einfach mit dem langen G\u00fcrtel zu schlie\u00dfen. Wenn Sie einen leichten Morgenmantel suchen, der auch f\u00fcr w\u00e4rmere Temperaturen geeignet ist, ist dieser die richtige Wahl f\u00fcr ganzj\u00e4hrigen Komfort und Stil. Alle unsere Designs werden individuell auf Bestellung in unserem Atelier hergestellt und sind das Ergebnis stundenlanger handwerklicher Arbeit. Genie\u00dfen Sie Komfort und Stil in unseren Morgenmantel, Pyjama-Sets und Accessoires, hergestellt in Hamburg, Deutschland.<\/p>\n<ul>\n<li>Schalkragen<\/li>\n<li>Brusttasche<\/li>\n<li>zwei tiefe Seitentaschen<\/li>\n<li>verstellbare Umschlagmanschetten<\/li>\n<li>bequeme, lockere Passform<\/li>\n<li>diskrete Aufh\u00e4ngeschlaufe auf der R\u00fcckseite<\/li>\n<li>lange G\u00fcrtel<\/li>\n<\/ul>\n<p>Material und Pflege: 100% Baumwolle. Separat waschen, 30\u00b0 C, nicht im Trockner trocknen, bei niedriger Hitze b\u00fcgeln.<\/p>\n","protected":false},"excerpt":{"rendered":"<p>Eleganter ungef\u00fctterter Morgenmantel mit Schalkragen, perfekt f\u00fcr das Faulenzen zu Hause. Das Farbschema zeichnet sich durch ein sattes Dunkelblau und goldene Akzente aus.<\/p>\n","protected":false},"featured_media":45884,"comment_status":"open","ping_status":"closed","template":"","meta":[],"product_brand":[],"product_cat":[463,491,899],"product_tag":[464,768],"class_list":{"0":"post-26386","1":"product","2":"type-product","3":"status-publish","4":"has-post-thumbnail","6":"product_cat-herren-hausmantel","7":"product_cat-morgenmaentel","8":"product_cat-limited-edition-de","9":"product_tag-custom-size-de","10":"product_tag-monogram-de","11":"pa_color-blau","12":"pa_color-swatch-blau","13":"pa_fabric-content-cotton-de","14":"pa_fabric-weave-type-jacquard-de","15":"pa_fabric-weight-lightweight-de","16":"pa_pattern-animal-de","17":"pa_product-type-limited-edition-de","18":"pa_size-2xl-de","19":"pa_size-3xl-de","20":"pa_size-4xl-de","21":"pa_size-5xl-de","22":"pa_size-l-de","23":"pa_size-m-de","24":"pa_size-massanfertigung","25":"pa_size-s-de","26":"pa_size-xl-de","27":"pa_size-xs-de","29":"first","30":"outofstock","31":"taxable","32":"shipping-taxable","33":"purchasable","34":"product-type-simple"},"_links":{"self":[{"href":"https:\/\/baturina-homewear.com\/de\/wp-json\/wp\/v2\/product\/26386","targetHints":{"allow":["GET"]}}],"collection":[{"href":"https:\/\/baturina-homewear.com\/de\/wp-json\/wp\/v2\/product"}],"about":[{"href":"https:\/\/baturina-homewear.com\/de\/wp-json\/wp\/v2\/types\/product"}],"replies":[{"embeddable":true,"href":"https:\/\/baturina-homewear.com\/de\/wp-json\/wp\/v2\/comments?post=26386"}],"version-history":[{"count":7,"href":"https:\/\/baturina-homewear.com\/de\/wp-json\/wp\/v2\/product\/26386\/revisions"}],"predecessor-version":[{"id":59158,"href":"https:\/\/baturina-homewear.com\/de\/wp-json\/wp\/v2\/product\/26386\/revisions\/59158"}],"wp:featuredmedia":[{"embeddable":true,"href":"https:\/\/baturina-homewear.com\/de\/wp-json\/wp\/v2\/media\/45884"}],"wp:attachment":[{"href":"https:\/\/baturina-homewear.com\/de\/wp-json\/wp\/v2\/media?parent=26386"}],"wp:term":[{"taxonomy":"product_brand","embeddable":true,"href":"https:\/\/baturina-homewear.com\/de\/wp-json\/wp\/v2\/product_brand?post=26386"},{"taxonomy":"product_cat","embeddable":true,"href":"https:\/\/baturina-homewear.com\/de\/wp-json\/wp\/v2\/product_cat?post=26386"},{"taxonomy":"product_tag","embeddable":true,"href":"https:\/\/baturina-homewear.com\/de\/wp-json\/wp\/v2\/product_tag?post=26386"}],"curies":[{"name":"wp","href":"https:\/\/api.w.org\/{rel}","templated":true}]}}