{"id":26387,"date":"2022-06-16T23:22:44","date_gmt":"2022-06-16T21:22:44","guid":{"rendered":"https:\/\/baturina-homewear.com\/product\/hausmantel-schwarz-gold-gestreifte-baumwoll-chenille-mit-samtkordel-paspelierung\/"},"modified":"2023-11-12T15:02:21","modified_gmt":"2023-11-12T14:02:21","slug":"herren-hausmantel-schwarz-gold-gestreifte-baumwoll-chenille-mit-samtkordel-paspel","status":"publish","type":"product","link":"https:\/\/baturina-homewear.com\/de\/produkt\/herren-hausmantel-schwarz-gold-gestreifte-baumwoll-chenille-mit-samtkordel-paspel\/","title":{"rendered":"Herren Hausmantel Schwarz-Gold gestreifte Baumwoll-Chenille mit Samtkordel-Paspelierung"},"content":{"rendered":"<p>Das Streifenmuster dieser luxuri\u00f6sen Morgenmantel ist der Inbegriff von Eleganz. Die Farbgebung ist in Gold und Schwarz gehalten. Das Design ist mit einem weichen, einfarbigen Baumwollsamt in Schwarz und einer schwarzen Paspel<br \/>\n versehen. Es ist vollst\u00e4ndig mit Satin gef\u00fcttert. Einfach mit dem langen G\u00fcrtel befestigen. Wenn Sie auf der Suche nach einem mittelwarmen Morgenmantel sind, der weder zu leicht noch zu schwer ist, dann ist dies die richtige Wahl f\u00fcr ganzj\u00e4hrigen Komfort und Stil. Alle unsere Designs werden individuell auf Bestellung in unserem Atelier hergestellt und sind das Ergebnis stundenlanger handwerklicher Arbeit. Genie\u00dfen Sie Komfort und Stil in unseren Morgenmantel, Pyjama-Sets und Accessoires, hergestellt in Hamburg, Deutschland.<\/p>\n<ul>\n<li>Schalkragen<\/li>\n<li>Brusttasche<\/li>\n<li>zwei tiefe Seitentaschen<\/li>\n<li>verstellbare Umschlagmanschetten<\/li>\n<li>bequeme, lockere Passform<\/li>\n<li>diskrete Aufh\u00e4ngeschlaufe auf der R\u00fcckseite<\/li>\n<li>lange G\u00fcrtel<\/li>\n<\/ul>\n<p>Material und Pflege: \u00c4u\u00dferes: 100% Baumwolle. Innen: 60% Polyester, 40% Viskose. Separat waschen, 30\u00b0 C, nicht im Trockner trocknen, bei niedriger Hitze b\u00fcgeln.<\/p>\n","protected":false},"excerpt":{"rendered":"<p>Das Streifenmuster dieser luxuri\u00f6sen Morgenmantel ist der Inbegriff von Eleganz. Die Farbgebung ist in Gold und Schwarz gehalten. Das Design<\/p>\n","protected":false},"featured_media":20643,"comment_status":"open","ping_status":"closed","template":"","meta":[],"product_brand":[],"product_cat":[463],"product_tag":[464],"class_list":{"0":"post-26387","1":"product","2":"type-product","3":"status-publish","4":"has-post-thumbnail","6":"product_cat-herren-hausmantel","7":"product_tag-custom-size-de","8":"pa_color-gold-de","9":"pa_color-black-de","10":"pa_fabric-content-cotton-de","11":"pa_fabric-content-polyester-viscose-mix-de","12":"pa_fabric-weave-type-chenille-de","13":"pa_fabric-weave-type-samt","14":"pa_fabric-weight-schwer-und-warm","15":"pa_pattern-gestreift","16":"pa_size-2xl-de","17":"pa_size-3xl-de","18":"pa_size-4xl-de","19":"pa_size-5xl-de","20":"pa_size-l-de","21":"pa_size-m-de","22":"pa_size-massanfertigung","23":"pa_size-s-de","24":"pa_size-xl-de","25":"pa_size-xs-de","27":"first","28":"outofstock","29":"taxable","30":"shipping-taxable","31":"purchasable","32":"product-type-simple"},"_links":{"self":[{"href":"https:\/\/baturina-homewear.com\/de\/wp-json\/wp\/v2\/product\/26387","targetHints":{"allow":["GET"]}}],"collection":[{"href":"https:\/\/baturina-homewear.com\/de\/wp-json\/wp\/v2\/product"}],"about":[{"href":"https:\/\/baturina-homewear.com\/de\/wp-json\/wp\/v2\/types\/product"}],"replies":[{"embeddable":true,"href":"https:\/\/baturina-homewear.com\/de\/wp-json\/wp\/v2\/comments?post=26387"}],"version-history":[{"count":1,"href":"https:\/\/baturina-homewear.com\/de\/wp-json\/wp\/v2\/product\/26387\/revisions"}],"predecessor-version":[{"id":51246,"href":"https:\/\/baturina-homewear.com\/de\/wp-json\/wp\/v2\/product\/26387\/revisions\/51246"}],"wp:featuredmedia":[{"embeddable":true,"href":"https:\/\/baturina-homewear.com\/de\/wp-json\/wp\/v2\/media\/20643"}],"wp:attachment":[{"href":"https:\/\/baturina-homewear.com\/de\/wp-json\/wp\/v2\/media?parent=26387"}],"wp:term":[{"taxonomy":"product_brand","embeddable":true,"href":"https:\/\/baturina-homewear.com\/de\/wp-json\/wp\/v2\/product_brand?post=26387"},{"taxonomy":"product_cat","embeddable":true,"href":"https:\/\/baturina-homewear.com\/de\/wp-json\/wp\/v2\/product_cat?post=26387"},{"taxonomy":"product_tag","embeddable":true,"href":"https:\/\/baturina-homewear.com\/de\/wp-json\/wp\/v2\/product_tag?post=26387"}],"curies":[{"name":"wp","href":"https:\/\/api.w.org\/{rel}","templated":true}]}}