{"id":26389,"date":"2022-06-16T22:26:17","date_gmt":"2022-06-16T20:26:17","guid":{"rendered":"https:\/\/baturina-homewear.com\/product\/herren-hausmantel-leicht-ungefuettert-gold-weiss-medaillon-jacquard\/"},"modified":"2024-06-14T13:53:07","modified_gmt":"2024-06-14T11:53:07","slug":"herren-hausmantel-leichter-ungefutterter-gold-weiser-medaillon-jacquard","status":"publish","type":"product","link":"https:\/\/baturina-homewear.com\/de\/produkt\/herren-hausmantel-leichter-ungefutterter-gold-weiser-medaillon-jacquard\/","title":{"rendered":"Herren Hausmantel leicht ungef\u00fcttert Gold Wei\u00df Medaillon Jacquard"},"content":{"rendered":"<p>Eleganter Morgenmantel mit Schalkragen, perfekt f\u00fcr die Freizeit zu Hause. Dieser ungef\u00fctterte Morgenmantel ist aus einem luxuri\u00f6sen Jacquard mit eingewebtem Medaillonmuster gefertigt. Das Farbschema ist in Gold- und Wei\u00dft\u00f6nen gehalten. Das Design ist mit einem schlichten, goldfarbenen Satinbesatz und einer Paspel<br \/>\n versehen. Einfach mit dem langen G\u00fcrtel befestigen. Wenn Sie einen leichten Morgenmantel suchen, der auch f\u00fcr w\u00e4rmere Temperaturen geeignet ist, ist dieser die richtige Wahl f\u00fcr ganzj\u00e4hrigen Komfort und Stil. Alle unsere Designs werden individuell auf Bestellung in unserem Atelier hergestellt und sind das Ergebnis stundenlanger handwerklicher Arbeit. Genie\u00dfen Sie Komfort und Stil in unseren Morgenmantel, Pyjama-Sets und Accessoires, hergestellt in Hamburg, Deutschland.<\/p>\n<ul>\n<li>Schalkragen<\/li>\n<li>Brusttasche<\/li>\n<li>zwei tiefe Seitentaschen<\/li>\n<li>verstellbare Umschlagmanschetten<\/li>\n<li>bequeme, lockere Passform<\/li>\n<li>diskrete Aufh\u00e4ngeschlaufe auf der R\u00fcckseite<\/li>\n<li>lange G\u00fcrtel<\/li>\n<\/ul>\n<p>Material und Pflege: 60% Baumwolle, 20% Polyester, 20% Viskose. Separat waschen, 30\u00b0 C, nicht im Trockner trocknen, bei niedriger Hitze b\u00fcgeln.<\/p>\n","protected":false},"excerpt":{"rendered":"<p>Eleganter Morgenmantel mit Schalkragen, perfekt f\u00fcr die Freizeit zu Hause. Dieser ungef\u00fctterte Morgenmantel ist aus einem luxuri\u00f6sen Jacquard mit eingewebtem<\/p>\n","protected":false},"featured_media":20726,"comment_status":"open","ping_status":"closed","template":"","meta":[],"product_brand":[],"product_cat":[463],"product_tag":[464],"class_list":{"0":"post-26389","1":"product","2":"type-product","3":"status-publish","4":"has-post-thumbnail","6":"product_cat-herren-hausmantel","7":"product_tag-custom-size-de","8":"pa_color-gold-de","9":"pa_color-weiss","10":"pa_fabric-content-cotton-de","11":"pa_fabric-content-polyester-viscose-mix-de","12":"pa_fabric-weave-type-jacquard-de","13":"pa_pattern-abstrakt","14":"pa_size-2xl-de","15":"pa_size-3xl-de","16":"pa_size-4xl-de","17":"pa_size-5xl-de","18":"pa_size-l-de","19":"pa_size-m-de","20":"pa_size-massanfertigung","21":"pa_size-s-de","22":"pa_size-xl-de","23":"pa_size-xs-de","25":"first","26":"outofstock","27":"taxable","28":"shipping-taxable","29":"purchasable","30":"product-type-simple"},"_links":{"self":[{"href":"https:\/\/baturina-homewear.com\/de\/wp-json\/wp\/v2\/product\/26389","targetHints":{"allow":["GET"]}}],"collection":[{"href":"https:\/\/baturina-homewear.com\/de\/wp-json\/wp\/v2\/product"}],"about":[{"href":"https:\/\/baturina-homewear.com\/de\/wp-json\/wp\/v2\/types\/product"}],"replies":[{"embeddable":true,"href":"https:\/\/baturina-homewear.com\/de\/wp-json\/wp\/v2\/comments?post=26389"}],"version-history":[{"count":1,"href":"https:\/\/baturina-homewear.com\/de\/wp-json\/wp\/v2\/product\/26389\/revisions"}],"predecessor-version":[{"id":44691,"href":"https:\/\/baturina-homewear.com\/de\/wp-json\/wp\/v2\/product\/26389\/revisions\/44691"}],"wp:featuredmedia":[{"embeddable":true,"href":"https:\/\/baturina-homewear.com\/de\/wp-json\/wp\/v2\/media\/20726"}],"wp:attachment":[{"href":"https:\/\/baturina-homewear.com\/de\/wp-json\/wp\/v2\/media?parent=26389"}],"wp:term":[{"taxonomy":"product_brand","embeddable":true,"href":"https:\/\/baturina-homewear.com\/de\/wp-json\/wp\/v2\/product_brand?post=26389"},{"taxonomy":"product_cat","embeddable":true,"href":"https:\/\/baturina-homewear.com\/de\/wp-json\/wp\/v2\/product_cat?post=26389"},{"taxonomy":"product_tag","embeddable":true,"href":"https:\/\/baturina-homewear.com\/de\/wp-json\/wp\/v2\/product_tag?post=26389"}],"curies":[{"name":"wp","href":"https:\/\/api.w.org\/{rel}","templated":true}]}}