{"id":26391,"date":"2022-06-16T22:55:07","date_gmt":"2022-06-16T20:55:07","guid":{"rendered":"https:\/\/baturina-homewear.com\/product\/herren-hausmantel-leicht-ungefuettert-mauve-barock-baumwolle-jacquard\/"},"modified":"2024-06-14T13:53:04","modified_gmt":"2024-06-14T11:53:04","slug":"herren-hausmantel-leichter-ungefutterter-mauvefarbener-barock-baumwoll-jacquard","status":"publish","type":"product","link":"https:\/\/baturina-homewear.com\/de\/produkt\/herren-hausmantel-leichter-ungefutterter-mauvefarbener-barock-baumwoll-jacquard\/","title":{"rendered":"Herren Hausmantel Leicht ungef\u00fcttert Mauve Barock Baumwolle Jacquard"},"content":{"rendered":"<p>Eleganter ungef\u00fctterter Morgenmantel mit Schalkragen, perfekt f\u00fcr das Faulenzen zu Hause. Die Farbgebung ist in Dunkelgrau und Silber gehalten. Das Design ist mit einem Besatz aus gleichem Stoff versehen, der mit einer schwarzen Paspel<br \/>\n abschlie\u00dft. Einfach mit dem langen G\u00fcrtel befestigen. Wenn Sie einen leichten Morgenmantel suchen, der auch f\u00fcr w\u00e4rmere Temperaturen geeignet ist, ist dieser die richtige Wahl f\u00fcr ganzj\u00e4hrigen Komfort und Stil. Alle unsere Designs werden individuell auf Bestellung in unserem Atelier hergestellt und sind das Ergebnis stundenlanger handwerklicher Arbeit. Genie\u00dfen Sie Komfort und Stil in unseren Morgenmantel, Pyjama-Sets und Accessoires, hergestellt in Hamburg, Deutschland.<\/p>\n<ul>\n<li>Schalkragen<\/li>\n<li>Brusttasche<\/li>\n<li>zwei tiefe Seitentaschen<\/li>\n<li>verstellbare Umschlagmanschetten<\/li>\n<li>bequeme, lockere Passform<\/li>\n<li>diskrete Aufh\u00e4ngeschlaufe auf der R\u00fcckseite<\/li>\n<li>lange G\u00fcrtel<\/li>\n<\/ul>\n<p>Material und Pflege: 100% Baumwolle. Separat waschen, 30\u00b0 C, nicht im Trockner trocknen, bei niedriger Hitze b\u00fcgeln.<\/p>\n","protected":false},"excerpt":{"rendered":"<p>Eleganter ungef\u00fctterter Morgenmantel mit Schalkragen, perfekt f\u00fcr das Faulenzen zu Hause. Die Farbgebung ist in Dunkelgrau und Silber gehalten. Das<\/p>\n","protected":false},"featured_media":28020,"comment_status":"open","ping_status":"closed","template":"","meta":[],"product_brand":[],"product_cat":[463],"product_tag":[464],"class_list":{"0":"post-26391","1":"product","2":"type-product","3":"status-publish","4":"has-post-thumbnail","6":"product_cat-herren-hausmantel","7":"product_tag-custom-size-de","8":"pa_color-pink-de","9":"pa_fabric-content-cotton-de","10":"pa_fabric-weave-type-jacquard-de","11":"pa_fabric-weight-regular-de","12":"pa_pattern-blumen","13":"pa_size-2xl-de","14":"pa_size-3xl-de","15":"pa_size-4xl-de","16":"pa_size-5xl-de","17":"pa_size-l-de","18":"pa_size-m-de","19":"pa_size-massanfertigung","20":"pa_size-s-de","21":"pa_size-xl-de","22":"pa_size-xs-de","24":"first","25":"outofstock","26":"taxable","27":"shipping-taxable","28":"purchasable","29":"product-type-simple"},"_links":{"self":[{"href":"https:\/\/baturina-homewear.com\/de\/wp-json\/wp\/v2\/product\/26391","targetHints":{"allow":["GET"]}}],"collection":[{"href":"https:\/\/baturina-homewear.com\/de\/wp-json\/wp\/v2\/product"}],"about":[{"href":"https:\/\/baturina-homewear.com\/de\/wp-json\/wp\/v2\/types\/product"}],"replies":[{"embeddable":true,"href":"https:\/\/baturina-homewear.com\/de\/wp-json\/wp\/v2\/comments?post=26391"}],"version-history":[{"count":1,"href":"https:\/\/baturina-homewear.com\/de\/wp-json\/wp\/v2\/product\/26391\/revisions"}],"predecessor-version":[{"id":55774,"href":"https:\/\/baturina-homewear.com\/de\/wp-json\/wp\/v2\/product\/26391\/revisions\/55774"}],"wp:featuredmedia":[{"embeddable":true,"href":"https:\/\/baturina-homewear.com\/de\/wp-json\/wp\/v2\/media\/28020"}],"wp:attachment":[{"href":"https:\/\/baturina-homewear.com\/de\/wp-json\/wp\/v2\/media?parent=26391"}],"wp:term":[{"taxonomy":"product_brand","embeddable":true,"href":"https:\/\/baturina-homewear.com\/de\/wp-json\/wp\/v2\/product_brand?post=26391"},{"taxonomy":"product_cat","embeddable":true,"href":"https:\/\/baturina-homewear.com\/de\/wp-json\/wp\/v2\/product_cat?post=26391"},{"taxonomy":"product_tag","embeddable":true,"href":"https:\/\/baturina-homewear.com\/de\/wp-json\/wp\/v2\/product_tag?post=26391"}],"curies":[{"name":"wp","href":"https:\/\/api.w.org\/{rel}","templated":true}]}}