{"id":26392,"date":"2022-06-16T23:18:03","date_gmt":"2022-06-16T21:18:03","guid":{"rendered":"https:\/\/baturina-homewear.com\/product\/herren-hausmantel-antik-gold-grau-medaillon-baumwolle-jacquard-und-samt-mit-cord-paspel\/"},"modified":"2025-08-20T11:43:43","modified_gmt":"2025-08-20T09:43:43","slug":"herren-hausmantel-antik-gold-grau-medaillon-baumwoll-jacquard-und-samt-mit-kordel-paspel","status":"publish","type":"product","link":"https:\/\/baturina-homewear.com\/de\/produkt\/herren-hausmantel-antik-gold-grau-medaillon-baumwoll-jacquard-und-samt-mit-kordel-paspel\/","title":{"rendered":"Herren Hausmantel Antik Gold Grau Medaillon Baumwolle Jacquard und Samt mit Cord Paspel"},"content":{"rendered":"<p>Das Medaillonmuster dieses luxuri\u00f6sen Morgenmantel ist der Inbegriff von schlichter Eleganz. Die Farbgebung ist in Graut\u00f6nen und dunklem Orange gehalten. Das Design ist mit einem feinen Baumwollsamt in dunklem Orange eingefasst und mit einer dunkelgoldenen Kordel Paspel<br \/>\n. Es ist vollst\u00e4ndig in Satin gef\u00fcttert. Einfach mit dem langen G\u00fcrtel mit Quasten schlie\u00dfen. Wenn Sie auf der Suche nach einem mittelwarmen Morgenmantel sind, der weder zu leicht noch zu schwer ist, ist dieser Morgenmantel die richtige Wahl f\u00fcr ganzj\u00e4hrigen Komfort und Stil. Alle unsere Designs werden individuell auf Bestellung in unserem Atelier angefertigt und jedes ist das Ergebnis stundenlanger handwerklicher Arbeit. Genie\u00dfen Sie Komfort und Stil in unseren Herren Morgenm\u00e4nteln, Pyjama Sets und Accessoires, hergestellt in Hamburg, Deutschland. <\/p>\n<ul>\n<li>Schalkragen<\/li>\n<li>Brusttasche<\/li>\n<li>zwei tiefe Seitentaschen<\/li>\n<li>verstellbare Umschlagmanschetten<\/li>\n<li>bequeme, lockere Passform<\/li>\n<li>diskrete Aufh\u00e4ngeschlaufe auf der R\u00fcckseite<\/li>\n<li>langer G\u00fcrtel<\/li>\n<\/ul>\n<p>Material und Pflege: \u00c4u\u00dferes: 100% Baumwolle. Innen: 60% Polyester, 40% Viskose. Separat waschen, 30\u00b0 C, nicht im Trockner trocknen, bei niedriger Hitze b\u00fcgeln.<\/p>\n","protected":false},"excerpt":{"rendered":"<p>Das Medaillonmuster dieses luxuri\u00f6sen Morgenmantel ist der Inbegriff von schlichter Eleganz. Die Farbgebung ist in Graut\u00f6nen und dunklem Orange gehalten.<\/p>\n","protected":false},"featured_media":39397,"comment_status":"open","ping_status":"closed","template":"","meta":[],"product_brand":[],"product_cat":[463,491,899],"product_tag":[464,768],"class_list":{"0":"post-26392","1":"product","2":"type-product","3":"status-publish","4":"has-post-thumbnail","6":"product_cat-herren-hausmantel","7":"product_cat-morgenmaentel","8":"product_cat-limited-edition-de","9":"product_tag-custom-size-de","10":"product_tag-monogram-de","11":"product_shipping_class-auf-bestellung","12":"pa_color-orange-de","13":"pa_color-silber-grau","14":"pa_color-swatch-gold-de","15":"pa_fabric-content-cotton-de","16":"pa_fabric-weave-type-jacquard-de","17":"pa_fabric-weave-type-samt","18":"pa_fabric-weight-regular-de","19":"pa_product-type-limited-edition-de","20":"pa_size-2xl-de","21":"pa_size-3xl-de","22":"pa_size-4xl-de","23":"pa_size-5xl-de","24":"pa_size-l-de","25":"pa_size-m-de","26":"pa_size-massanfertigung","27":"pa_size-s-de","28":"pa_size-xl-de","29":"pa_size-xs-de","31":"first","32":"outofstock","33":"taxable","34":"shipping-taxable","35":"purchasable","36":"product-type-simple"},"_links":{"self":[{"href":"https:\/\/baturina-homewear.com\/de\/wp-json\/wp\/v2\/product\/26392","targetHints":{"allow":["GET"]}}],"collection":[{"href":"https:\/\/baturina-homewear.com\/de\/wp-json\/wp\/v2\/product"}],"about":[{"href":"https:\/\/baturina-homewear.com\/de\/wp-json\/wp\/v2\/types\/product"}],"replies":[{"embeddable":true,"href":"https:\/\/baturina-homewear.com\/de\/wp-json\/wp\/v2\/comments?post=26392"}],"version-history":[{"count":2,"href":"https:\/\/baturina-homewear.com\/de\/wp-json\/wp\/v2\/product\/26392\/revisions"}],"predecessor-version":[{"id":75073,"href":"https:\/\/baturina-homewear.com\/de\/wp-json\/wp\/v2\/product\/26392\/revisions\/75073"}],"wp:featuredmedia":[{"embeddable":true,"href":"https:\/\/baturina-homewear.com\/de\/wp-json\/wp\/v2\/media\/39397"}],"wp:attachment":[{"href":"https:\/\/baturina-homewear.com\/de\/wp-json\/wp\/v2\/media?parent=26392"}],"wp:term":[{"taxonomy":"product_brand","embeddable":true,"href":"https:\/\/baturina-homewear.com\/de\/wp-json\/wp\/v2\/product_brand?post=26392"},{"taxonomy":"product_cat","embeddable":true,"href":"https:\/\/baturina-homewear.com\/de\/wp-json\/wp\/v2\/product_cat?post=26392"},{"taxonomy":"product_tag","embeddable":true,"href":"https:\/\/baturina-homewear.com\/de\/wp-json\/wp\/v2\/product_tag?post=26392"}],"curies":[{"name":"wp","href":"https:\/\/api.w.org\/{rel}","templated":true}]}}