{"id":26393,"date":"2022-06-16T20:52:00","date_gmt":"2022-06-16T18:52:00","guid":{"rendered":"https:\/\/baturina-homewear.com\/product\/hausmantel-fuer-herren-silberner-jacquard-und-marineblaue-gesteppte-seide-mit-quasten\/"},"modified":"2025-08-20T11:43:43","modified_gmt":"2025-08-20T09:43:43","slug":"herren-hausmantel-silberner-jacquard-und-navy-gesteppter-seide-mit-quasten","status":"publish","type":"product","link":"https:\/\/baturina-homewear.com\/de\/produkt\/herren-hausmantel-silberner-jacquard-und-navy-gesteppter-seide-mit-quasten\/","title":{"rendered":"Hausmantel f\u00fcr M\u00e4nner Silberner Jacquard und marineblauer Steppsatin mit Quasten"},"content":{"rendered":"<p>Das gro\u00dfe florale Ornament dieses luxuri\u00f6sen Morgenmantels aus Jacquard ist der Inbegriff von Eleganz. Das Farbschema umfasst Schattierungen von Silber und Marineblau. Das Design ist mit einer gro\u00dfen gesteppten, handgen\u00e4hten Satinbesatz in Marineblau versehen, die mit einer silbernen Paspel<br \/>\n abschlie\u00dft. Es ist vollst\u00e4ndig in Satin gef\u00fcttert. Einfach mit dem langen G\u00fcrtel mit Quasten schlie\u00dfen. Wenn Sie auf der Suche nach einem mittelwarmen Morgenmantel sind, der weder zu leicht noch zu schwer ist, ist dieser Morgenmantel die richtige Wahl f\u00fcr ganzj\u00e4hrigen Komfort und Stil. Alle unsere Designs werden individuell auf Bestellung in unserem Atelier angefertigt und jedes ist das Ergebnis stundenlanger handwerklicher Arbeit. Genie\u00dfen Sie Komfort und Stil in unseren Herren Morgenm\u00e4nteln, Pyjama Sets und Accessoires, hergestellt in Hamburg, Deutschland. <\/p>\n<ul>\n<li>Schalkragen<\/li>\n<li>Brusttasche<\/li>\n<li>zwei tiefe Seitentaschen<\/li>\n<li>verstellbare Umschlagmanschetten<\/li>\n<li>bequeme, lockere Passform<\/li>\n<li>diskrete Aufh\u00e4ngeschlaufe auf der R\u00fcckseite<\/li>\n<li>langer G\u00fcrtel<\/li>\n<\/ul>\n<p>Material und Pflege: \u00c4u\u00dferes: 60% Baumwolle, 20% Polyester, 20% Viskose. Innen: 60% Polyester, 40% Viskose. Separat waschen, 30\u00b0 C, nicht im Trockner trocknen, bei niedriger Hitze b\u00fcgeln.<\/p>\n","protected":false},"excerpt":{"rendered":"<p>Das gro\u00dfe florale Ornament dieses luxuri\u00f6sen Morgenmantels aus Jacquard ist der Inbegriff von Eleganz. Das Farbschema umfasst Schattierungen von Silber und Marineblau.<\/p>\n","protected":false},"featured_media":20737,"comment_status":"open","ping_status":"closed","template":"","meta":[],"product_brand":[],"product_cat":[463],"product_tag":[464,768],"class_list":{"0":"post-26393","1":"product","2":"type-product","3":"status-publish","4":"has-post-thumbnail","6":"product_cat-herren-hausmantel","7":"product_tag-custom-size-de","8":"product_tag-monogram-de","9":"product_shipping_class-auf-bestellung","10":"pa_color-blau","11":"pa_color-silber-grau","12":"pa_fabric-content-cotton-de","13":"pa_fabric-content-polyester-viscose-mix-de","14":"pa_fabric-weave-type-jacquard-de","15":"pa_fabric-weight-regular-de","16":"pa_pattern-blumen","18":"first","19":"instock","20":"taxable","21":"shipping-taxable","22":"purchasable","23":"product-type-simple"},"_links":{"self":[{"href":"https:\/\/baturina-homewear.com\/de\/wp-json\/wp\/v2\/product\/26393","targetHints":{"allow":["GET"]}}],"collection":[{"href":"https:\/\/baturina-homewear.com\/de\/wp-json\/wp\/v2\/product"}],"about":[{"href":"https:\/\/baturina-homewear.com\/de\/wp-json\/wp\/v2\/types\/product"}],"replies":[{"embeddable":true,"href":"https:\/\/baturina-homewear.com\/de\/wp-json\/wp\/v2\/comments?post=26393"}],"version-history":[{"count":2,"href":"https:\/\/baturina-homewear.com\/de\/wp-json\/wp\/v2\/product\/26393\/revisions"}],"predecessor-version":[{"id":75071,"href":"https:\/\/baturina-homewear.com\/de\/wp-json\/wp\/v2\/product\/26393\/revisions\/75071"}],"wp:featuredmedia":[{"embeddable":true,"href":"https:\/\/baturina-homewear.com\/de\/wp-json\/wp\/v2\/media\/20737"}],"wp:attachment":[{"href":"https:\/\/baturina-homewear.com\/de\/wp-json\/wp\/v2\/media?parent=26393"}],"wp:term":[{"taxonomy":"product_brand","embeddable":true,"href":"https:\/\/baturina-homewear.com\/de\/wp-json\/wp\/v2\/product_brand?post=26393"},{"taxonomy":"product_cat","embeddable":true,"href":"https:\/\/baturina-homewear.com\/de\/wp-json\/wp\/v2\/product_cat?post=26393"},{"taxonomy":"product_tag","embeddable":true,"href":"https:\/\/baturina-homewear.com\/de\/wp-json\/wp\/v2\/product_tag?post=26393"}],"curies":[{"name":"wp","href":"https:\/\/api.w.org\/{rel}","templated":true}]}}