{"id":26394,"date":"2022-06-16T23:53:11","date_gmt":"2022-06-16T21:53:11","guid":{"rendered":"https:\/\/baturina-homewear.com\/product\/herren-hausmantel-dunkelbraun-barock-gesteppt-marineblau-satin-mit-quasten\/"},"modified":"2026-04-13T12:41:24","modified_gmt":"2026-04-13T10:41:24","slug":"herren-hausmantel-dunkelbraun-barock-gesteppt-navy-satin-mit-quasten","status":"publish","type":"product","link":"https:\/\/baturina-homewear.com\/de\/produkt\/herren-hausmantel-dunkelbraun-barock-gesteppt-navy-satin-mit-quasten\/","title":{"rendered":"Herren Hausmantel Dunkelblau Barock Marine"},"content":{"rendered":"<p>Das florale Ornament dieses luxuri\u00f6sen Morgenmantels im Vintage-Stil ist der Inbegriff von Opulenz. Das Farbschema umfasst Schattierungen von Dunkelbraun, Marineblau und Off-White. Das Design ist mit einem gro\u00dfen gesteppten Satin Besatz versehen, der mit einem Kordelpaspel versehen ist. Es ist vollst\u00e4ndig in Satin gef\u00fcttert. Einfach mit dem langen G\u00fcrtel mit Quasten schlie\u00dfen. Wenn Sie auf der Suche nach einem mittelwarmen Morgenmantel sind, der weder zu leicht noch zu schwer ist, ist dieser Morgenmantel die richtige Wahl f\u00fcr ganzj\u00e4hrigen Komfort und Stil. Alle unsere Designs werden individuell auf Bestellung in unserem Atelier angefertigt und jedes ist das Ergebnis stundenlanger handwerklicher Arbeit. Genie\u00dfen Sie Komfort und Stil in unseren Herren Morgenm\u00e4nteln, Pyjama Sets und Accessoires, hergestellt in Hamburg, Deutschland. <\/p>\n<ul>\n<li>Schalkragen<\/li>\n<li>Brusttasche<\/li>\n<li>zwei tiefe Seitentaschen<\/li>\n<li>verstellbare Umschlagmanschetten<\/li>\n<li>bequeme, lockere Passform<\/li>\n<li>diskrete Aufh\u00e4ngeschlaufe auf der R\u00fcckseite<\/li>\n<li>langer G\u00fcrtel<\/li>\n<li>L\u00e4nge des Morgenmantels 125 cm (49 in)<\/li>\n<\/ul>\n<p>Material und Pflege: 60% Polyester, 20% Viskose, 20% Baumwolle. Separate Maschinenw\u00e4sche bei 30\u00b0C, nicht im Trockner trocknen, B\u00fcgeln bei niedriger Hitze. <\/p>\n","protected":false},"excerpt":{"rendered":"<p>Das florale Ornament dieses luxuri\u00f6sen Morgenmantels im Vintage-Stil ist der Inbegriff von Opulenz. Das Farbschema umfasst Schattierungen von Dunkelbraun, Marineblau<\/p>\n","protected":false},"featured_media":20660,"comment_status":"open","ping_status":"closed","template":"","meta":[],"product_brand":[],"product_cat":[463,491],"product_tag":[464,768],"class_list":{"0":"post-26394","1":"product","2":"type-product","3":"status-publish","4":"has-post-thumbnail","6":"product_cat-herren-hausmantel","7":"product_cat-morgenmaentel","8":"product_tag-custom-size-de","9":"product_tag-monogram-de","10":"product_shipping_class-auf-bestellung","11":"pa_color-blau","12":"pa_color-braun","13":"pa_color-creme","14":"pa_fabric-content-polyester-viscose-mix-de","15":"pa_fabric-weave-type-jacquard-de","16":"pa_fabric-weight-regular-de","17":"pa_pattern-blumen","18":"pa_size-s-de","20":"first","21":"outofstock","22":"taxable","23":"shipping-taxable","24":"purchasable","25":"product-type-simple"},"_links":{"self":[{"href":"https:\/\/baturina-homewear.com\/de\/wp-json\/wp\/v2\/product\/26394","targetHints":{"allow":["GET"]}}],"collection":[{"href":"https:\/\/baturina-homewear.com\/de\/wp-json\/wp\/v2\/product"}],"about":[{"href":"https:\/\/baturina-homewear.com\/de\/wp-json\/wp\/v2\/types\/product"}],"replies":[{"embeddable":true,"href":"https:\/\/baturina-homewear.com\/de\/wp-json\/wp\/v2\/comments?post=26394"}],"version-history":[{"count":9,"href":"https:\/\/baturina-homewear.com\/de\/wp-json\/wp\/v2\/product\/26394\/revisions"}],"predecessor-version":[{"id":80796,"href":"https:\/\/baturina-homewear.com\/de\/wp-json\/wp\/v2\/product\/26394\/revisions\/80796"}],"wp:featuredmedia":[{"embeddable":true,"href":"https:\/\/baturina-homewear.com\/de\/wp-json\/wp\/v2\/media\/20660"}],"wp:attachment":[{"href":"https:\/\/baturina-homewear.com\/de\/wp-json\/wp\/v2\/media?parent=26394"}],"wp:term":[{"taxonomy":"product_brand","embeddable":true,"href":"https:\/\/baturina-homewear.com\/de\/wp-json\/wp\/v2\/product_brand?post=26394"},{"taxonomy":"product_cat","embeddable":true,"href":"https:\/\/baturina-homewear.com\/de\/wp-json\/wp\/v2\/product_cat?post=26394"},{"taxonomy":"product_tag","embeddable":true,"href":"https:\/\/baturina-homewear.com\/de\/wp-json\/wp\/v2\/product_tag?post=26394"}],"curies":[{"name":"wp","href":"https:\/\/api.w.org\/{rel}","templated":true}]}}