{"id":26396,"date":"2023-03-14T17:00:31","date_gmt":"2023-03-14T16:00:31","guid":{"rendered":"https:\/\/baturina-homewear.com\/product\/herren-hausmantel-golden-vines-brokat-schwarz-gesteppter-satin-mit-quasten\/"},"modified":"2024-11-25T11:26:16","modified_gmt":"2024-11-25T10:26:16","slug":"herren-hausmantel-goldene-reben-jacquard-schwarz-gesteppte-seide-mit-quasten","status":"publish","type":"product","link":"https:\/\/baturina-homewear.com\/de\/produkt\/herren-hausmantel-goldene-reben-jacquard-schwarz-gesteppte-seide-mit-quasten\/","title":{"rendered":"Herren Hausmantel Golden Vines Brokat Schwarz gesteppter Satin mit Quasten"},"content":{"rendered":"<p>Das goldene Wirbelmuster dieser luxuri\u00f6sen Morgenmantel ist die Definition von Opulenz. Das Farbschema besteht aus metallischem Gold und Schwarz. Das Design ist mit einer gro\u00dfen gesteppten, handgen\u00e4hten Satinbesatz in Schwarz versehen, die mit einer goldenen Paspel<br \/>\n abschlie\u00dft. Es ist vollst\u00e4ndig mit Satin gef\u00fcttert. Einfach mit dem langen G\u00fcrtel zu schlie\u00dfen. Wenn Sie auf der Suche nach einem mittelwarmen Morgenmantel sind, der weder zu leicht noch zu schwer ist, dann ist dies die richtige Wahl f\u00fcr ganzj\u00e4hrigen Komfort und Stil. Alle unsere Designs werden individuell auf Bestellung in unserem Atelier hergestellt und sind das Ergebnis stundenlanger handwerklicher Arbeit. Genie\u00dfen Sie Komfort und Stil in unseren Morgenmantel, Pyjama-Sets und Accessoires, hergestellt in Hamburg, Deutschland.<\/p>\n<ul>\n<li>Schalkragen<\/li>\n<li>Brusttasche<\/li>\n<li>zwei tiefe Seitentaschen<\/li>\n<li>verstellbare Umschlagmanschetten<\/li>\n<li>bequeme, lockere Passform<\/li>\n<li>diskrete Aufh\u00e4ngeschlaufe auf der R\u00fcckseite<\/li>\n<li>lange G\u00fcrtel<\/li>\n<\/ul>\n<p>Material und Pflege: 60% Polyester, 40% Viskose. Separat waschen, 30\u00b0 C, nicht im Trockner trocknen, bei niedriger Hitze b\u00fcgeln.<\/p>\n","protected":false},"excerpt":{"rendered":"<p>Das goldene Wirbelmuster dieser luxuri\u00f6sen Morgenmantel ist die Definition von Opulenz. Das Farbschema besteht aus metallischem Gold und Schwarz. Das<\/p>\n","protected":false},"featured_media":42470,"comment_status":"open","ping_status":"closed","template":"","meta":[],"product_brand":[],"product_cat":[463],"product_tag":[464],"class_list":{"0":"post-26396","1":"product","2":"type-product","3":"status-publish","4":"has-post-thumbnail","6":"product_cat-herren-hausmantel","7":"product_tag-custom-size-de","8":"pa_color-gold-de","9":"pa_color-black-de","10":"pa_fabric-content-polyester-viscose-mix-de","11":"pa_fabric-weave-type-brokat","12":"pa_fabric-weight-regular-de","13":"pa_pattern-blumen","14":"pa_size-2xl-de","15":"pa_size-3xl-de","16":"pa_size-4xl-de","17":"pa_size-5xl-de","18":"pa_size-l-de","19":"pa_size-m-de","20":"pa_size-massanfertigung","21":"pa_size-s-de","22":"pa_size-xl-de","23":"pa_size-xs-de","25":"first","26":"outofstock","27":"taxable","28":"shipping-taxable","29":"purchasable","30":"product-type-simple"},"_links":{"self":[{"href":"https:\/\/baturina-homewear.com\/de\/wp-json\/wp\/v2\/product\/26396","targetHints":{"allow":["GET"]}}],"collection":[{"href":"https:\/\/baturina-homewear.com\/de\/wp-json\/wp\/v2\/product"}],"about":[{"href":"https:\/\/baturina-homewear.com\/de\/wp-json\/wp\/v2\/types\/product"}],"replies":[{"embeddable":true,"href":"https:\/\/baturina-homewear.com\/de\/wp-json\/wp\/v2\/comments?post=26396"}],"version-history":[{"count":1,"href":"https:\/\/baturina-homewear.com\/de\/wp-json\/wp\/v2\/product\/26396\/revisions"}],"predecessor-version":[{"id":42472,"href":"https:\/\/baturina-homewear.com\/de\/wp-json\/wp\/v2\/product\/26396\/revisions\/42472"}],"wp:featuredmedia":[{"embeddable":true,"href":"https:\/\/baturina-homewear.com\/de\/wp-json\/wp\/v2\/media\/42470"}],"wp:attachment":[{"href":"https:\/\/baturina-homewear.com\/de\/wp-json\/wp\/v2\/media?parent=26396"}],"wp:term":[{"taxonomy":"product_brand","embeddable":true,"href":"https:\/\/baturina-homewear.com\/de\/wp-json\/wp\/v2\/product_brand?post=26396"},{"taxonomy":"product_cat","embeddable":true,"href":"https:\/\/baturina-homewear.com\/de\/wp-json\/wp\/v2\/product_cat?post=26396"},{"taxonomy":"product_tag","embeddable":true,"href":"https:\/\/baturina-homewear.com\/de\/wp-json\/wp\/v2\/product_tag?post=26396"}],"curies":[{"name":"wp","href":"https:\/\/api.w.org\/{rel}","templated":true}]}}