{"id":26398,"date":"2022-06-16T23:51:09","date_gmt":"2022-06-16T21:51:09","guid":{"rendered":"https:\/\/baturina-homewear.com\/product\/hausmantel-dunkelbraun-barock-gesteppter-samt-mit-quasten\/"},"modified":"2025-08-20T11:43:44","modified_gmt":"2025-08-20T09:43:44","slug":"herren-hausmantel-dunkelbraun-barock-gesteppt-samt-mit-quasten","status":"publish","type":"product","link":"https:\/\/baturina-homewear.com\/de\/produkt\/herren-hausmantel-dunkelbraun-barock-gesteppt-samt-mit-quasten\/","title":{"rendered":"Herren Hausmantel Dunkelbraun Barock gesteppter Samt mit Quasten"},"content":{"rendered":"<p>Das florale Ornament dieses luxuri\u00f6sen Morgenmantels im Vintage-Stil ist der Inbegriff von Opulenz. Die Farbgebung ist in dunkelbraunen und gebrochen wei\u00dfen T\u00f6nen gehalten. Das Design ist mit einer gro\u00dfen, handgesteppten Baumwollsamtborte versehen, die mit einer Paspel<br \/>\n abgeschlossen ist. Es ist vollst\u00e4ndig in Satin gef\u00fcttert. Einfach mit dem langen G\u00fcrtel mit Quasten schlie\u00dfen. Wenn Sie auf der Suche nach einem mittelwarmen Morgenmantel sind, der weder zu leicht noch zu schwer ist, ist dieser Morgenmantel die richtige Wahl f\u00fcr ganzj\u00e4hrigen Komfort und Stil. Alle unsere Designs werden individuell auf Bestellung in unserem Atelier angefertigt und jedes ist das Ergebnis stundenlanger handwerklicher Arbeit. Genie\u00dfen Sie Komfort und Stil in unseren Herren Morgenm\u00e4nteln, Pyjama Sets und Accessoires, hergestellt in Hamburg, Deutschland. <\/p>\n<ul>\n<li>Schalkragen<\/li>\n<li>Brusttasche<\/li>\n<li>zwei tiefe Seitentaschen<\/li>\n<li>verstellbare Umschlagmanschetten<\/li>\n<li>bequeme, lockere Passform<\/li>\n<li>diskrete Aufh\u00e4ngeschlaufe auf der R\u00fcckseite<\/li>\n<li>langer G\u00fcrtel<\/li>\n<\/ul>\n<p>Material und Pflege: 60% Polyester, 20% Viskose, 20% Baumwolle. Separat in der Maschine bei 30\u00b0C waschen, nicht im Trockner trocknen, bei niedriger Hitze b\u00fcgeln. <\/p>\n","protected":false},"excerpt":{"rendered":"<p>Das florale Ornament dieses luxuri\u00f6sen Morgenmantels im Vintage-Stil ist der Inbegriff von Opulenz.<\/p>\n","protected":false},"featured_media":20663,"comment_status":"open","ping_status":"closed","template":"","meta":[],"product_brand":[],"product_cat":[463],"product_tag":[464,768],"class_list":{"0":"post-26398","1":"product","2":"type-product","3":"status-publish","4":"has-post-thumbnail","6":"product_cat-herren-hausmantel","7":"product_tag-custom-size-de","8":"product_tag-monogram-de","9":"product_shipping_class-auf-bestellung","10":"pa_color-braun","11":"pa_color-creme","12":"pa_fabric-content-cotton-de","13":"pa_fabric-content-polyester-viscose-mix-de","14":"pa_fabric-weave-type-jacquard-de","15":"pa_fabric-weave-type-samt","16":"pa_fabric-weight-regular-de","17":"pa_pattern-blumen","18":"pa_size-2xl-de","19":"pa_size-3xl-de","20":"pa_size-4xl-de","21":"pa_size-5xl-de","22":"pa_size-l-de","23":"pa_size-m-de","24":"pa_size-massanfertigung","25":"pa_size-s-de","26":"pa_size-xl-de","27":"pa_size-xs-de","29":"first","30":"instock","31":"taxable","32":"shipping-taxable","33":"purchasable","34":"product-type-simple"},"_links":{"self":[{"href":"https:\/\/baturina-homewear.com\/de\/wp-json\/wp\/v2\/product\/26398","targetHints":{"allow":["GET"]}}],"collection":[{"href":"https:\/\/baturina-homewear.com\/de\/wp-json\/wp\/v2\/product"}],"about":[{"href":"https:\/\/baturina-homewear.com\/de\/wp-json\/wp\/v2\/types\/product"}],"replies":[{"embeddable":true,"href":"https:\/\/baturina-homewear.com\/de\/wp-json\/wp\/v2\/comments?post=26398"}],"version-history":[{"count":4,"href":"https:\/\/baturina-homewear.com\/de\/wp-json\/wp\/v2\/product\/26398\/revisions"}],"predecessor-version":[{"id":75075,"href":"https:\/\/baturina-homewear.com\/de\/wp-json\/wp\/v2\/product\/26398\/revisions\/75075"}],"wp:featuredmedia":[{"embeddable":true,"href":"https:\/\/baturina-homewear.com\/de\/wp-json\/wp\/v2\/media\/20663"}],"wp:attachment":[{"href":"https:\/\/baturina-homewear.com\/de\/wp-json\/wp\/v2\/media?parent=26398"}],"wp:term":[{"taxonomy":"product_brand","embeddable":true,"href":"https:\/\/baturina-homewear.com\/de\/wp-json\/wp\/v2\/product_brand?post=26398"},{"taxonomy":"product_cat","embeddable":true,"href":"https:\/\/baturina-homewear.com\/de\/wp-json\/wp\/v2\/product_cat?post=26398"},{"taxonomy":"product_tag","embeddable":true,"href":"https:\/\/baturina-homewear.com\/de\/wp-json\/wp\/v2\/product_tag?post=26398"}],"curies":[{"name":"wp","href":"https:\/\/api.w.org\/{rel}","templated":true}]}}