{"id":26401,"date":"2022-06-15T21:13:41","date_gmt":"2022-06-15T19:13:41","guid":{"rendered":"https:\/\/baturina-homewear.com\/product\/hausmantel-fuer-maenner-schwarz-weiss-gebluemte-baumwolle-und-gold-gesteppter-satin-mit-quasten\/"},"modified":"2025-11-12T10:14:22","modified_gmt":"2025-11-12T09:14:22","slug":"fur-herren-hausmantel-schwarz-weis-blumiger-baumwollstoff-und-gold-gesteppter-satin-mit-quasten","status":"publish","type":"product","link":"https:\/\/baturina-homewear.com\/de\/produkt\/fur-herren-hausmantel-schwarz-weis-blumiger-baumwollstoff-und-gold-gesteppter-satin-mit-quasten\/","title":{"rendered":"Hausmantel f\u00fcr M\u00e4nner Schwarz-wei\u00df gebl\u00fcmte Baumwolle und Gold gesteppter Satin mit Quasten"},"content":{"rendered":"<p>Diese luxuri\u00f6se Morgenmantel ist aus eleganter schwarzer und wei\u00dfer Baumwolle gefertigt, die einen wei\u00dfen Blumensamtdruck auf einem unifarbenen, gewebten schwarzen Grund aufweist. Das Design ist mit einem fein gesteppten, handgen\u00e4hten Satin Besatz in Gold versehen, der mit Paspeln verziert ist. Es ist vollst\u00e4ndig in Satin gef\u00fcttert. Einfach mit dem langen G\u00fcrtel mit Quasten schlie\u00dfen. Wenn Sie auf der Suche nach einem mittelwarmen Morgenmantel sind, der weder zu leicht noch zu schwer ist, ist dieser Morgenmantel die richtige Wahl f\u00fcr ganzj\u00e4hrigen Komfort und Stil. Alle unsere Designs werden individuell auf Bestellung in unserem Atelier angefertigt und jedes ist das Ergebnis stundenlanger handwerklicher Arbeit. Genie\u00dfen Sie Komfort und Stil in unseren Herren Morgenm\u00e4nteln, Pyjama Sets und Accessoires, hergestellt in Hamburg, Deutschland. <\/p>\n<ul>\n<li>Schalkragen<\/li>\n<li>Brusttasche<\/li>\n<li>zwei tiefe Seitentaschen<\/li>\n<li>verstellbare Umschlagmanschetten<\/li>\n<li>bequeme, lockere Passform<\/li>\n<li>diskrete Aufh\u00e4ngeschlaufe auf der R\u00fcckseite<\/li>\n<li>langer G\u00fcrtel<\/li>\n<\/ul>\n<p>Material und Pflege: 60% Baumwolle, 20% Polyester, 20% Viskose. Separate Maschinenw\u00e4sche bei 30\u00b0C, nicht im Trockner trocknen, B\u00fcgeln bei niedriger Hitze.<\/p>\n","protected":false},"excerpt":{"rendered":"<p>Diese luxuri\u00f6se Morgenmantel ist aus eleganter schwarzer und wei\u00dfer Baumwolle gefertigt, die einen wei\u00dfen Blumensamtdruck auf einem unifarbenen, gewebten schwarzen Grund aufweist.<\/p>\n","protected":false},"featured_media":20690,"comment_status":"open","ping_status":"closed","template":"","meta":[],"product_brand":[],"product_cat":[463],"product_tag":[464,768],"class_list":{"0":"post-26401","1":"product","2":"type-product","3":"status-publish","4":"has-post-thumbnail","6":"product_cat-herren-hausmantel","7":"product_tag-custom-size-de","8":"product_tag-monogram-de","9":"product_shipping_class-auf-bestellung","10":"pa_color-gold-de","11":"pa_color-black-de","12":"pa_color-weiss","13":"pa_fabric-content-cotton-de","14":"pa_fabric-weave-type-flocked-de","15":"pa_fabric-weight-regular-de","16":"pa_pattern-blumen","17":"pa_size-2xl-de","18":"pa_size-3xl-de","19":"pa_size-4xl-de","20":"pa_size-5xl-de","21":"pa_size-l-de","22":"pa_size-m-de","23":"pa_size-massanfertigung","24":"pa_size-s-de","25":"pa_size-xl-de","26":"pa_size-xs-de","28":"first","29":"outofstock","30":"taxable","31":"shipping-taxable","32":"purchasable","33":"product-type-simple"},"_links":{"self":[{"href":"https:\/\/baturina-homewear.com\/de\/wp-json\/wp\/v2\/product\/26401","targetHints":{"allow":["GET"]}}],"collection":[{"href":"https:\/\/baturina-homewear.com\/de\/wp-json\/wp\/v2\/product"}],"about":[{"href":"https:\/\/baturina-homewear.com\/de\/wp-json\/wp\/v2\/types\/product"}],"replies":[{"embeddable":true,"href":"https:\/\/baturina-homewear.com\/de\/wp-json\/wp\/v2\/comments?post=26401"}],"version-history":[{"count":2,"href":"https:\/\/baturina-homewear.com\/de\/wp-json\/wp\/v2\/product\/26401\/revisions"}],"predecessor-version":[{"id":75066,"href":"https:\/\/baturina-homewear.com\/de\/wp-json\/wp\/v2\/product\/26401\/revisions\/75066"}],"wp:featuredmedia":[{"embeddable":true,"href":"https:\/\/baturina-homewear.com\/de\/wp-json\/wp\/v2\/media\/20690"}],"wp:attachment":[{"href":"https:\/\/baturina-homewear.com\/de\/wp-json\/wp\/v2\/media?parent=26401"}],"wp:term":[{"taxonomy":"product_brand","embeddable":true,"href":"https:\/\/baturina-homewear.com\/de\/wp-json\/wp\/v2\/product_brand?post=26401"},{"taxonomy":"product_cat","embeddable":true,"href":"https:\/\/baturina-homewear.com\/de\/wp-json\/wp\/v2\/product_cat?post=26401"},{"taxonomy":"product_tag","embeddable":true,"href":"https:\/\/baturina-homewear.com\/de\/wp-json\/wp\/v2\/product_tag?post=26401"}],"curies":[{"name":"wp","href":"https:\/\/api.w.org\/{rel}","templated":true}]}}