{"id":26403,"date":"2022-06-16T14:23:15","date_gmt":"2022-06-16T12:23:15","guid":{"rendered":"https:\/\/baturina-homewear.com\/product\/leichter-ungefuetterter-hausmantel-fuer-herren-aus-silbernem-medaillon-jacquard-und-schwarzem-satin\/"},"modified":"2024-11-25T11:30:22","modified_gmt":"2024-11-25T10:30:22","slug":"herren-hausmantel-leichter-ungefutterter-silberner-medaillon-jacquard-und-schwarzer-satin","status":"publish","type":"product","link":"https:\/\/baturina-homewear.com\/de\/produkt\/herren-hausmantel-leichter-ungefutterter-silberner-medaillon-jacquard-und-schwarzer-satin\/","title":{"rendered":"Leichter, ungef\u00fctterter Hausmantel f\u00fcr Herren aus silbernem Medaillon-Jacquard und schwarzem Satin"},"content":{"rendered":"<p>Das geometrische Muster dieser luxuri\u00f6sen ungef\u00fctterten Morgenmantel ist der Inbegriff von schlichter Eleganz. Die Farbgebung ist in Silber und Schwarz gehalten. Das Design ist mit einer schlichten, schwarzen Satinblende mit Paspel<br \/>\n versehen. Einfach mit dem langen G\u00fcrtel befestigen. Wenn Sie einen leichten Morgenmantel suchen, der auch f\u00fcr w\u00e4rmere Temperaturen geeignet ist, ist dieser die richtige Wahl f\u00fcr ganzj\u00e4hrigen Komfort und Stil. Alle unsere Designs werden individuell auf Bestellung in unserem Atelier hergestellt und sind das Ergebnis stundenlanger handwerklicher Arbeit. Genie\u00dfen Sie Komfort und Stil in unseren Morgenmantel, Pyjama-Sets und Accessoires, hergestellt in Hamburg, Deutschland.<\/p>\n<ul>\n<li>Schalkragen<\/li>\n<li>Brusttasche<\/li>\n<li>zwei tiefe Seitentaschen<\/li>\n<li>verstellbare Umschlagmanschetten<\/li>\n<li>bequeme, lockere Passform<\/li>\n<li>diskrete Aufh\u00e4ngeschlaufe auf der R\u00fcckseite<\/li>\n<li>lange G\u00fcrtel<\/li>\n<\/ul>\n<p>Material und Pflege: 60% Baumwolle, 20% Polyester, 20% Viskose. Separat waschen, 30\u00b0 C, nicht im Trockner trocknen, bei niedriger Hitze b\u00fcgeln.<\/p>\n","protected":false},"excerpt":{"rendered":"<p>Das geometrische Muster dieser luxuri\u00f6sen ungef\u00fctterten Morgenmantel ist der Inbegriff von schlichter Eleganz. Die Farbgebung ist in Silber und Schwarz<\/p>\n","protected":false},"featured_media":20724,"comment_status":"open","ping_status":"closed","template":"","meta":[],"product_brand":[],"product_cat":[463],"product_tag":[464],"class_list":{"0":"post-26403","1":"product","2":"type-product","3":"status-publish","4":"has-post-thumbnail","6":"product_cat-herren-hausmantel","7":"product_tag-custom-size-de","8":"pa_color-black-de","9":"pa_color-silber-grau","10":"pa_pattern-abstrakt","12":"first","13":"outofstock","14":"taxable","15":"shipping-taxable","16":"purchasable","17":"product-type-simple"},"_links":{"self":[{"href":"https:\/\/baturina-homewear.com\/de\/wp-json\/wp\/v2\/product\/26403","targetHints":{"allow":["GET"]}}],"collection":[{"href":"https:\/\/baturina-homewear.com\/de\/wp-json\/wp\/v2\/product"}],"about":[{"href":"https:\/\/baturina-homewear.com\/de\/wp-json\/wp\/v2\/types\/product"}],"replies":[{"embeddable":true,"href":"https:\/\/baturina-homewear.com\/de\/wp-json\/wp\/v2\/comments?post=26403"}],"version-history":[{"count":1,"href":"https:\/\/baturina-homewear.com\/de\/wp-json\/wp\/v2\/product\/26403\/revisions"}],"predecessor-version":[{"id":55771,"href":"https:\/\/baturina-homewear.com\/de\/wp-json\/wp\/v2\/product\/26403\/revisions\/55771"}],"wp:featuredmedia":[{"embeddable":true,"href":"https:\/\/baturina-homewear.com\/de\/wp-json\/wp\/v2\/media\/20724"}],"wp:attachment":[{"href":"https:\/\/baturina-homewear.com\/de\/wp-json\/wp\/v2\/media?parent=26403"}],"wp:term":[{"taxonomy":"product_brand","embeddable":true,"href":"https:\/\/baturina-homewear.com\/de\/wp-json\/wp\/v2\/product_brand?post=26403"},{"taxonomy":"product_cat","embeddable":true,"href":"https:\/\/baturina-homewear.com\/de\/wp-json\/wp\/v2\/product_cat?post=26403"},{"taxonomy":"product_tag","embeddable":true,"href":"https:\/\/baturina-homewear.com\/de\/wp-json\/wp\/v2\/product_tag?post=26403"}],"curies":[{"name":"wp","href":"https:\/\/api.w.org\/{rel}","templated":true}]}}