{"id":26409,"date":"2022-06-15T20:40:14","date_gmt":"2022-06-15T18:40:14","guid":{"rendered":"https:\/\/baturina-homewear.com\/product\/hausmantel-fuer-herren-dunkelbraun-barocke-ornamente-brokat-und-burgunder-steppsatin\/"},"modified":"2025-08-20T11:43:37","modified_gmt":"2025-08-20T09:43:37","slug":"herren-hausmantel-dunkel-braun-barock-ornamente-krokade-und-burgunder-gesteppter-satin","status":"publish","type":"product","link":"https:\/\/baturina-homewear.com\/de\/produkt\/herren-hausmantel-dunkel-braun-barock-ornamente-krokade-und-burgunder-gesteppter-satin\/","title":{"rendered":"Herren Hausmantel Goldbraun Barock Brokat Weinrot"},"content":{"rendered":"<p>Das gewebte Ornamentmuster dieses luxuri\u00f6sen Morgenmantels aus Brokat ist der Inbegriff von Opulenz. Er ist in dunkelbraunen und weinroten Farbt\u00f6nen gehalten und hat einen \u00fcppigen Metallic-Glanz. Das Design ist mit einem gesteppten, handgen\u00e4hten Satin Besatz in Weinrot versehen, der mit schwarzen Paspeln abgeschlossen ist. Es ist vollst\u00e4ndig in Satin gef\u00fcttert. Einfach mit dem langen G\u00fcrtel mit Quasten schlie\u00dfen. Wenn Sie auf der Suche nach einem leichten, luxuri\u00f6sen Morgenmantel sind, ist dieser die richtige Wahl f\u00fcr ganzj\u00e4hrigen Komfort und Stil. Alle unsere Designs werden individuell auf Bestellung in unserem Atelier angefertigt und jedes ist das Ergebnis stundenlanger handwerklicher Arbeit. Genie\u00dfen Sie Komfort und Stil in unseren Herren Morgenm\u00e4nteln, Pyjama Sets und Accessoires, hergestellt in Hamburg, Deutschland. <\/p>\n<ul>\n<li>Schalkragen<\/li>\n<li>Brusttasche<\/li>\n<li>zwei tiefe Seitentaschen<\/li>\n<li>verstellbare Umschlagmanschetten<\/li>\n<li>bequeme, lockere Passform<\/li>\n<li>diskrete Aufh\u00e4ngeschlaufe auf der R\u00fcckseite<\/li>\n<li>langer G\u00fcrtel<\/li>\n<\/ul>\n<p>Material und Pflege: 60% Polyester, 40% Viskose. Separate Maschinenw\u00e4sche bei 30\u00b0C, nicht im Trockner trocknen, B\u00fcgeln bei niedriger Hitze. <\/p>\n","protected":false},"excerpt":{"rendered":"<p>Klassischer Morgenmantel im Vintage-Stil f\u00fcr den anspruchsvollen Gentleman, mit k\u00fchnem Kontrastbesatz und gef\u00fcttertem Futter sowie dezentem dunkelbraunem Brokat.<\/p>\n","protected":false},"featured_media":59658,"comment_status":"open","ping_status":"closed","template":"","meta":[],"product_brand":[],"product_cat":[463,491,899],"product_tag":[464,768],"class_list":{"0":"post-26409","1":"product","2":"type-product","3":"status-publish","4":"has-post-thumbnail","6":"product_cat-herren-hausmantel","7":"product_cat-morgenmaentel","8":"product_cat-limited-edition-de","9":"product_tag-custom-size-de","10":"product_tag-monogram-de","11":"product_shipping_class-auf-bestellung","12":"pa_color-braun","13":"pa_color-rot","14":"pa_color-swatch-weinrot","15":"pa_fabric-content-polyester-viscose-mix-de","16":"pa_fabric-weave-type-brokat","17":"pa_fabric-weight-lightweight-de","18":"pa_pattern-blumen","19":"pa_product-type-limited-edition-de","20":"pa_size-2xl-de","21":"pa_size-3xl-de","22":"pa_size-4xl-de","23":"pa_size-5xl-de","24":"pa_size-l-de","25":"pa_size-m-de","26":"pa_size-massanfertigung","27":"pa_size-s-de","28":"pa_size-xl-de","29":"pa_size-xs-de","31":"first","32":"instock","33":"taxable","34":"shipping-taxable","35":"purchasable","36":"product-type-simple"},"_links":{"self":[{"href":"https:\/\/baturina-homewear.com\/de\/wp-json\/wp\/v2\/product\/26409","targetHints":{"allow":["GET"]}}],"collection":[{"href":"https:\/\/baturina-homewear.com\/de\/wp-json\/wp\/v2\/product"}],"about":[{"href":"https:\/\/baturina-homewear.com\/de\/wp-json\/wp\/v2\/types\/product"}],"replies":[{"embeddable":true,"href":"https:\/\/baturina-homewear.com\/de\/wp-json\/wp\/v2\/comments?post=26409"}],"version-history":[{"count":14,"href":"https:\/\/baturina-homewear.com\/de\/wp-json\/wp\/v2\/product\/26409\/revisions"}],"predecessor-version":[{"id":75065,"href":"https:\/\/baturina-homewear.com\/de\/wp-json\/wp\/v2\/product\/26409\/revisions\/75065"}],"wp:featuredmedia":[{"embeddable":true,"href":"https:\/\/baturina-homewear.com\/de\/wp-json\/wp\/v2\/media\/59658"}],"wp:attachment":[{"href":"https:\/\/baturina-homewear.com\/de\/wp-json\/wp\/v2\/media?parent=26409"}],"wp:term":[{"taxonomy":"product_brand","embeddable":true,"href":"https:\/\/baturina-homewear.com\/de\/wp-json\/wp\/v2\/product_brand?post=26409"},{"taxonomy":"product_cat","embeddable":true,"href":"https:\/\/baturina-homewear.com\/de\/wp-json\/wp\/v2\/product_cat?post=26409"},{"taxonomy":"product_tag","embeddable":true,"href":"https:\/\/baturina-homewear.com\/de\/wp-json\/wp\/v2\/product_tag?post=26409"}],"curies":[{"name":"wp","href":"https:\/\/api.w.org\/{rel}","templated":true}]}}