{"id":26410,"date":"2022-06-16T14:14:18","date_gmt":"2022-06-16T12:14:18","guid":{"rendered":"https:\/\/baturina-homewear.com\/product\/roter-hausmantel-aus-gebluemter-jacquard-baumwolle-schwarzer-steppsatin-mit-quasten\/"},"modified":"2024-06-14T13:52:59","modified_gmt":"2024-06-14T11:52:59","slug":"herren-hausmantel-rot-blumiger-jacquard-baumwolle-schwarz-gesteppter-satin-mit-quasten","status":"publish","type":"product","link":"https:\/\/baturina-homewear.com\/de\/produkt\/herren-hausmantel-rot-blumiger-jacquard-baumwolle-schwarz-gesteppter-satin-mit-quasten\/","title":{"rendered":"Roter Hausmantel aus gebl\u00fcmter Jacquard-Baumwolle, schwarzer Steppsatin mit Quasten"},"content":{"rendered":"<p>Das reich verzierte Design dieser luxuri\u00f6sen Morgenmantel ist die Definition von Opulenz. Die Farbgebung ist in Rot-, Silber- und Schwarzt\u00f6nen gehalten. Das Design ist mit einer gro\u00dfen gesteppten, handgen\u00e4hten Satinbesatz in Schwarz versehen, die mit einer silbernen Paspel<br \/>\n abschlie\u00dft. Es ist vollst\u00e4ndig mit Satin gef\u00fcttert. Einfach mit dem langen G\u00fcrtel zu schlie\u00dfen. Wenn Sie auf der Suche nach einem mittelwarmen Morgenmantel sind, der weder zu leicht noch zu schwer ist, dann ist dies die richtige Wahl f\u00fcr ganzj\u00e4hrigen Komfort und Stil. Alle unsere Designs werden individuell auf Bestellung in unserem Atelier hergestellt und sind das Ergebnis stundenlanger handwerklicher Arbeit. Genie\u00dfen Sie Komfort und Stil in unseren Morgenmantel, Pyjama-Sets und Accessoires, hergestellt in Hamburg, Deutschland.<\/p>\n<ul>\n<li>Schalkragen<\/li>\n<li>Brusttasche<\/li>\n<li>zwei tiefe Seitentaschen<\/li>\n<li>verstellbare Umschlagmanschetten<\/li>\n<li>bequeme, lockere Passform<\/li>\n<li>diskrete Aufh\u00e4ngeschlaufe auf der R\u00fcckseite<\/li>\n<li>lange G\u00fcrtel<\/li>\n<\/ul>\n<p>Material und Pflege: \u00c4u\u00dferes: 60% Baumwolle, 20% Polyester, 20% Viskose. Innen: 60% Polyester, 40% Viskose. Separat waschen, 30\u00b0 C, nicht im Trockner trocknen, bei niedriger Hitze b\u00fcgeln.<\/p>\n","protected":false},"excerpt":{"rendered":"<p>Das reich verzierte Design dieser luxuri\u00f6sen Morgenmantel ist die Definition von Opulenz. Die Farbgebung ist in Rot-, Silber- und Schwarzt\u00f6nen<\/p>\n","protected":false},"featured_media":20715,"comment_status":"open","ping_status":"closed","template":"","meta":[],"product_brand":[],"product_cat":[463],"product_tag":[464],"class_list":{"0":"post-26410","1":"product","2":"type-product","3":"status-publish","4":"has-post-thumbnail","6":"product_cat-herren-hausmantel","7":"product_tag-custom-size-de","9":"first","10":"outofstock","11":"taxable","12":"shipping-taxable","13":"purchasable","14":"product-type-simple"},"_links":{"self":[{"href":"https:\/\/baturina-homewear.com\/de\/wp-json\/wp\/v2\/product\/26410","targetHints":{"allow":["GET"]}}],"collection":[{"href":"https:\/\/baturina-homewear.com\/de\/wp-json\/wp\/v2\/product"}],"about":[{"href":"https:\/\/baturina-homewear.com\/de\/wp-json\/wp\/v2\/types\/product"}],"replies":[{"embeddable":true,"href":"https:\/\/baturina-homewear.com\/de\/wp-json\/wp\/v2\/comments?post=26410"}],"version-history":[{"count":1,"href":"https:\/\/baturina-homewear.com\/de\/wp-json\/wp\/v2\/product\/26410\/revisions"}],"predecessor-version":[{"id":55768,"href":"https:\/\/baturina-homewear.com\/de\/wp-json\/wp\/v2\/product\/26410\/revisions\/55768"}],"wp:featuredmedia":[{"embeddable":true,"href":"https:\/\/baturina-homewear.com\/de\/wp-json\/wp\/v2\/media\/20715"}],"wp:attachment":[{"href":"https:\/\/baturina-homewear.com\/de\/wp-json\/wp\/v2\/media?parent=26410"}],"wp:term":[{"taxonomy":"product_brand","embeddable":true,"href":"https:\/\/baturina-homewear.com\/de\/wp-json\/wp\/v2\/product_brand?post=26410"},{"taxonomy":"product_cat","embeddable":true,"href":"https:\/\/baturina-homewear.com\/de\/wp-json\/wp\/v2\/product_cat?post=26410"},{"taxonomy":"product_tag","embeddable":true,"href":"https:\/\/baturina-homewear.com\/de\/wp-json\/wp\/v2\/product_tag?post=26410"}],"curies":[{"name":"wp","href":"https:\/\/api.w.org\/{rel}","templated":true}]}}