{"id":26411,"date":"2022-06-15T20:18:00","date_gmt":"2022-06-15T18:18:00","guid":{"rendered":"https:\/\/baturina-homewear.com\/product\/silberner-hausmantel-aus-gebluemter-jacquard-baumwolle-und-gestepptem-satin-mit-quasten-fuer-herren\/"},"modified":"2024-11-25T11:28:46","modified_gmt":"2024-11-25T10:28:46","slug":"herren-hausmantel-silberner-floraler-jacquard-baumwolle-und-gesteppter-satin-mit-quasten","status":"publish","type":"product","link":"https:\/\/baturina-homewear.com\/de\/produkt\/herren-hausmantel-silberner-floraler-jacquard-baumwolle-und-gesteppter-satin-mit-quasten\/","title":{"rendered":"Silberner Hausmantel aus gebl\u00fcmter Jacquard-Baumwolle und gestepptem Satin mit Quasten f\u00fcr Herren"},"content":{"rendered":"<p>Die subtilen floralen Ornamente dieses luxuri\u00f6sen Morgenmantel sind der Inbegriff von schlichter Eleganz. Das Farbschema ist in Grau- und Silbert\u00f6nen gehalten. Das Design ist mit einer gro\u00dfen, handgesteppten Satinbesatz in Silber versehen, die mit einer Paspel<br \/>\n abgeschlossen ist. Es ist vollst\u00e4ndig mit Satin gef\u00fcttert. Einfach mit dem langen G\u00fcrtel zu schlie\u00dfen. Wenn Sie auf der Suche nach einem mittelwarmen Morgenmantel sind, der weder zu leicht noch zu schwer ist, dann ist dies die richtige Wahl f\u00fcr ganzj\u00e4hrigen Komfort und Stil. Alle unsere Designs werden individuell auf Bestellung in unserem Atelier hergestellt und sind das Ergebnis stundenlanger handwerklicher Arbeit. Genie\u00dfen Sie Komfort und Stil in unseren Morgenmantel, Pyjama-Sets und Accessoires, hergestellt in Hamburg, Deutschland.<\/p>\n<ul>\n<li>Schalkragen<\/li>\n<li>Brusttasche<\/li>\n<li>zwei tiefe Seitentaschen<\/li>\n<li>verstellbare Umschlagmanschetten<\/li>\n<li>bequeme, lockere Passform<\/li>\n<li>diskrete Aufh\u00e4ngeschlaufe auf der R\u00fcckseite<\/li>\n<li>lange G\u00fcrtel<\/li>\n<\/ul>\n<p>Material und Pflege: 60% Baumwolle, 20% Polyester, 20% Viskose. Separate Maschinenw\u00e4sche bei 30\u00b0C, nicht im Trockner trocknen, B\u00fcgeln bei niedriger Hitze.<\/p>\n","protected":false},"excerpt":{"rendered":"<p>Die subtilen floralen Ornamente dieses luxuri\u00f6sen Morgenmantel sind der Inbegriff von schlichter Eleganz. Das Farbschema ist in Grau- und Silbert\u00f6nen<\/p>\n","protected":false},"featured_media":20676,"comment_status":"open","ping_status":"closed","template":"","meta":[],"product_brand":[],"product_cat":[463],"product_tag":[],"class_list":{"0":"post-26411","1":"product","2":"type-product","3":"status-publish","4":"has-post-thumbnail","6":"product_cat-herren-hausmantel","7":"pa_color-silber-grau","8":"pa_pattern-blumen","9":"pa_size-3xl-de","11":"first","12":"outofstock","13":"sale","14":"taxable","15":"shipping-taxable","16":"purchasable","17":"product-type-variable"},"_links":{"self":[{"href":"https:\/\/baturina-homewear.com\/de\/wp-json\/wp\/v2\/product\/26411","targetHints":{"allow":["GET"]}}],"collection":[{"href":"https:\/\/baturina-homewear.com\/de\/wp-json\/wp\/v2\/product"}],"about":[{"href":"https:\/\/baturina-homewear.com\/de\/wp-json\/wp\/v2\/types\/product"}],"replies":[{"embeddable":true,"href":"https:\/\/baturina-homewear.com\/de\/wp-json\/wp\/v2\/comments?post=26411"}],"version-history":[{"count":1,"href":"https:\/\/baturina-homewear.com\/de\/wp-json\/wp\/v2\/product\/26411\/revisions"}],"predecessor-version":[{"id":44223,"href":"https:\/\/baturina-homewear.com\/de\/wp-json\/wp\/v2\/product\/26411\/revisions\/44223"}],"wp:featuredmedia":[{"embeddable":true,"href":"https:\/\/baturina-homewear.com\/de\/wp-json\/wp\/v2\/media\/20676"}],"wp:attachment":[{"href":"https:\/\/baturina-homewear.com\/de\/wp-json\/wp\/v2\/media?parent=26411"}],"wp:term":[{"taxonomy":"product_brand","embeddable":true,"href":"https:\/\/baturina-homewear.com\/de\/wp-json\/wp\/v2\/product_brand?post=26411"},{"taxonomy":"product_cat","embeddable":true,"href":"https:\/\/baturina-homewear.com\/de\/wp-json\/wp\/v2\/product_cat?post=26411"},{"taxonomy":"product_tag","embeddable":true,"href":"https:\/\/baturina-homewear.com\/de\/wp-json\/wp\/v2\/product_tag?post=26411"}],"curies":[{"name":"wp","href":"https:\/\/api.w.org\/{rel}","templated":true}]}}