{"id":26417,"date":"2022-06-15T20:27:07","date_gmt":"2022-06-15T18:27:07","guid":{"rendered":"https:\/\/baturina-homewear.com\/product\/hausmantel-fuer-herren-marineblau-und-rot-floral-jacquard-baumwolle-mit-samt-und-satin\/"},"modified":"2024-11-25T11:30:18","modified_gmt":"2024-11-25T10:30:18","slug":"herren-hausmantel-marine-rot-blumiger-jacquard-baumwolle-mit-samt-und-satin","status":"publish","type":"product","link":"https:\/\/baturina-homewear.com\/de\/produkt\/herren-hausmantel-marine-rot-blumiger-jacquard-baumwolle-mit-samt-und-satin\/","title":{"rendered":"Hausmantel f\u00fcr Herren Marineblau und Rot Floral Jacquard Baumwolle mit Samt und Satin"},"content":{"rendered":"<p>Das florale Design der luxuri\u00f6sen Morgenmantel ist der Inbegriff von schlichter Eleganz. Das Farbschema ist in Rot-, Blau- und Graut\u00f6nen gehalten. Das Design ist mit Baumwollsamt in Dunkelblau und Paspeln verziert. Es ist vollst\u00e4ndig mit Satin gef\u00fcttert. Einfach mit dem langen G\u00fcrtel befestigen. Wenn Sie einen schweren und warmen Morgenmantel im Vintage-Stil suchen, ist dieser die richtige Wahl f\u00fcr ganzj\u00e4hrigen Komfort und Stil. Alle unsere Designs werden individuell auf Bestellung in unserem Atelier hergestellt und sind das Ergebnis stundenlanger handwerklicher Arbeit. Genie\u00dfen Sie Komfort und Stil in unseren Morgenmantel, Pyjama-Sets und Accessoires, hergestellt in Hamburg, Deutschland.<\/p>\n<ul>\n<li>Schalkragen<\/li>\n<li>Brusttasche<\/li>\n<li>zwei tiefe Seitentaschen<\/li>\n<li>verstellbare Umschlagmanschetten<\/li>\n<li>bequeme, lockere Passform<\/li>\n<li>diskrete Aufh\u00e4ngeschlaufe auf der R\u00fcckseite<\/li>\n<li>lange G\u00fcrtel<\/li>\n<\/ul>\n<p>Material und Pflege: 60% Baumwolle, 20% Polyester, 20% Viskose. Separate Maschinenw\u00e4sche bei 30\u00b0C, nicht im Trockner trocknen, B\u00fcgeln bei niedriger Hitze.<\/p>\n","protected":false},"excerpt":{"rendered":"<p>Das florale Design der luxuri\u00f6sen Morgenmantel ist der Inbegriff von schlichter Eleganz. Das Farbschema ist in Rot-, Blau- und Graut\u00f6nen<\/p>\n","protected":false},"featured_media":20702,"comment_status":"open","ping_status":"closed","template":"","meta":[],"product_brand":[],"product_cat":[463],"product_tag":[464],"class_list":{"0":"post-26417","1":"product","2":"type-product","3":"status-publish","4":"has-post-thumbnail","6":"product_cat-herren-hausmantel","7":"product_tag-custom-size-de","8":"pa_color-blau","9":"pa_color-rot","10":"pa_color-swatch-marineblau","11":"pa_fabric-content-cotton-de","12":"pa_fabric-weave-type-jacquard-de","13":"pa_fabric-weave-type-samt","14":"pa_fabric-weight-schwer-und-warm","15":"pa_pattern-blumen","16":"pa_size-2xl-de","17":"pa_size-3xl-de","18":"pa_size-4xl-de","19":"pa_size-5xl-de","20":"pa_size-l-de","21":"pa_size-m-de","22":"pa_size-massanfertigung","23":"pa_size-s-de","24":"pa_size-xl-de","25":"pa_size-xs-de","27":"first","28":"outofstock","29":"taxable","30":"shipping-taxable","31":"purchasable","32":"product-type-simple"},"_links":{"self":[{"href":"https:\/\/baturina-homewear.com\/de\/wp-json\/wp\/v2\/product\/26417","targetHints":{"allow":["GET"]}}],"collection":[{"href":"https:\/\/baturina-homewear.com\/de\/wp-json\/wp\/v2\/product"}],"about":[{"href":"https:\/\/baturina-homewear.com\/de\/wp-json\/wp\/v2\/types\/product"}],"replies":[{"embeddable":true,"href":"https:\/\/baturina-homewear.com\/de\/wp-json\/wp\/v2\/comments?post=26417"}],"version-history":[{"count":2,"href":"https:\/\/baturina-homewear.com\/de\/wp-json\/wp\/v2\/product\/26417\/revisions"}],"predecessor-version":[{"id":63300,"href":"https:\/\/baturina-homewear.com\/de\/wp-json\/wp\/v2\/product\/26417\/revisions\/63300"}],"wp:featuredmedia":[{"embeddable":true,"href":"https:\/\/baturina-homewear.com\/de\/wp-json\/wp\/v2\/media\/20702"}],"wp:attachment":[{"href":"https:\/\/baturina-homewear.com\/de\/wp-json\/wp\/v2\/media?parent=26417"}],"wp:term":[{"taxonomy":"product_brand","embeddable":true,"href":"https:\/\/baturina-homewear.com\/de\/wp-json\/wp\/v2\/product_brand?post=26417"},{"taxonomy":"product_cat","embeddable":true,"href":"https:\/\/baturina-homewear.com\/de\/wp-json\/wp\/v2\/product_cat?post=26417"},{"taxonomy":"product_tag","embeddable":true,"href":"https:\/\/baturina-homewear.com\/de\/wp-json\/wp\/v2\/product_tag?post=26417"}],"curies":[{"name":"wp","href":"https:\/\/api.w.org\/{rel}","templated":true}]}}