{"id":26418,"date":"2022-06-16T13:57:34","date_gmt":"2022-06-16T11:57:34","guid":{"rendered":"https:\/\/baturina-homewear.com\/product\/hausmantel-fuer-herren-silberner-metallic-blumenbrokat-mit-schwarzem-baumwollsamt-und-quasten\/"},"modified":"2025-08-20T11:43:41","modified_gmt":"2025-08-20T09:43:41","slug":"herren-hausmantel-silber-metallic-blumen-brokat-mit-schwarzer-baumwoll-vlies-und-quasten","status":"publish","type":"product","link":"https:\/\/baturina-homewear.com\/de\/produkt\/herren-hausmantel-silber-metallic-blumen-brokat-mit-schwarzer-baumwoll-vlies-und-quasten\/","title":{"rendered":"Hausmantel f\u00fcr Herren Silberner Metallic-Blumenbrokat mit schwarzem Baumwollsamt und Quasten"},"content":{"rendered":"<p>Das metallische, florale Rankenmuster dieses luxuri\u00f6sen Morgenmantel ist der Inbegriff schlichter Eleganz. Das Farbschema besteht aus silbergrauen und schwarzen Farbt\u00f6nen. Das Design ist mit einem schlichten, weichen schwarzen Samtbesatz versehen, der mit einer schwarzen Kordel Paspel<br \/>\n ist. Es ist vollst\u00e4ndig mit Baumwolle gef\u00fcttert. Einfach mit dem langen G\u00fcrtel mit Quasten schlie\u00dfen. Wenn Sie auf der Suche nach einem mittelwarmen Morgenmantel sind, der weder zu leicht noch zu schwer ist, ist dieser Morgenmantel die richtige Wahl f\u00fcr ganzj\u00e4hrigen Komfort und Stil. Alle unsere Designs werden individuell auf Bestellung in unserem Atelier angefertigt und jedes ist das Ergebnis stundenlanger handwerklicher Arbeit. Genie\u00dfen Sie Komfort und Stil in unseren Herren Morgenm\u00e4nteln, Pyjama Sets und Accessoires, hergestellt in Hamburg, Deutschland. <\/p>\n<ul>\n<li>Schalkragen<\/li>\n<li>Brusttasche<\/li>\n<li>zwei tiefe Seitentaschen<\/li>\n<li>verstellbare Umschlagmanschetten<\/li>\n<li>bequeme, lockere Passform<\/li>\n<li>diskrete Aufh\u00e4ngeschlaufe auf der R\u00fcckseite<\/li>\n<li>langer G\u00fcrtel<\/li>\n<\/ul>\n<p>Material und Pflege: 60% Polyester, 20% Viskose, 20% Baumwolle. Separat in der Maschine bei 30\u00b0C waschen, nicht im Trockner trocknen, bei niedriger Hitze b\u00fcgeln. <\/p>\n","protected":false},"excerpt":{"rendered":"<p>Das metallische, florale Rankenmuster dieses luxuri\u00f6sen Morgenmantel ist der Inbegriff schlichter Eleganz. Das Farbschema besteht aus silbergrauen und schwarzen Farbt\u00f6nen.<\/p>\n","protected":false},"featured_media":28009,"comment_status":"open","ping_status":"closed","template":"","meta":[],"product_brand":[],"product_cat":[463,491],"product_tag":[464,768],"class_list":{"0":"post-26418","1":"product","2":"type-product","3":"status-publish","4":"has-post-thumbnail","6":"product_cat-herren-hausmantel","7":"product_cat-morgenmaentel","8":"product_tag-custom-size-de","9":"product_tag-monogram-de","10":"product_shipping_class-auf-bestellung","11":"pa_color-black-de","12":"pa_color-silber-grau","13":"pa_fabric-content-cotton-de","14":"pa_fabric-content-polyester-viscose-mix-de","15":"pa_fabric-weave-type-jacquard-de","16":"pa_fabric-weave-type-samt","17":"pa_fabric-weight-regular-de","18":"pa_pattern-blumen","19":"pa_size-2xl-de","20":"pa_size-3xl-de","21":"pa_size-4xl-de","22":"pa_size-5xl-de","23":"pa_size-l-de","24":"pa_size-m-de","25":"pa_size-massanfertigung","26":"pa_size-s-de","27":"pa_size-xl-de","28":"pa_size-xs-de","30":"first","31":"instock","32":"taxable","33":"shipping-taxable","34":"purchasable","35":"product-type-simple"},"_links":{"self":[{"href":"https:\/\/baturina-homewear.com\/de\/wp-json\/wp\/v2\/product\/26418","targetHints":{"allow":["GET"]}}],"collection":[{"href":"https:\/\/baturina-homewear.com\/de\/wp-json\/wp\/v2\/product"}],"about":[{"href":"https:\/\/baturina-homewear.com\/de\/wp-json\/wp\/v2\/types\/product"}],"replies":[{"embeddable":true,"href":"https:\/\/baturina-homewear.com\/de\/wp-json\/wp\/v2\/comments?post=26418"}],"version-history":[{"count":2,"href":"https:\/\/baturina-homewear.com\/de\/wp-json\/wp\/v2\/product\/26418\/revisions"}],"predecessor-version":[{"id":75069,"href":"https:\/\/baturina-homewear.com\/de\/wp-json\/wp\/v2\/product\/26418\/revisions\/75069"}],"wp:featuredmedia":[{"embeddable":true,"href":"https:\/\/baturina-homewear.com\/de\/wp-json\/wp\/v2\/media\/28009"}],"wp:attachment":[{"href":"https:\/\/baturina-homewear.com\/de\/wp-json\/wp\/v2\/media?parent=26418"}],"wp:term":[{"taxonomy":"product_brand","embeddable":true,"href":"https:\/\/baturina-homewear.com\/de\/wp-json\/wp\/v2\/product_brand?post=26418"},{"taxonomy":"product_cat","embeddable":true,"href":"https:\/\/baturina-homewear.com\/de\/wp-json\/wp\/v2\/product_cat?post=26418"},{"taxonomy":"product_tag","embeddable":true,"href":"https:\/\/baturina-homewear.com\/de\/wp-json\/wp\/v2\/product_tag?post=26418"}],"curies":[{"name":"wp","href":"https:\/\/api.w.org\/{rel}","templated":true}]}}