{"id":26421,"date":"2022-06-15T17:55:08","date_gmt":"2022-06-15T15:55:08","guid":{"rendered":"https:\/\/baturina-homewear.com\/product\/hausmantel-burgunder-wolle-marineblau-satin-mit-kordelpaspel\/"},"modified":"2026-03-24T14:01:52","modified_gmt":"2026-03-24T13:01:52","slug":"herren-hausmantel-burgundy-wool-navy-satin-mit-kordel-piping","status":"publish","type":"product","link":"https:\/\/baturina-homewear.com\/de\/produkt\/herren-hausmantel-burgundy-wool-navy-satin-mit-kordel-piping\/","title":{"rendered":"Herren Hausmantel Weinrot Wolle"},"content":{"rendered":"<p>Schwerer, dicker und besonders warmer Morgenmantel aus Wollflanell in Weinrot und Dunkelblau. Mit einem Besatz aus gleichem Stoff, der mit einer dunkelblau-wei\u00df gestreiften Kordelpaspel versehen ist. Vollst\u00e4ndig mit Satin gef\u00fcttert. Wenn Sie auf der Suche nach einem warmen Morgenmantel sind, den Sie bei k\u00fchlen Temperaturen im Haus tragen k\u00f6nnen, ist dieser Morgenmantel perfekt. Alle unsere Designs werden individuell auf Bestellung in unserem Atelier angefertigt und jedes ist das Ergebnis stundenlanger handwerklicher Arbeit. Genie\u00dfen Sie Komfort und Stil in unseren Herren Morgenm\u00e4nteln, Pyjama Sets und Accessoires, hergestellt in Hamburg, Deutschland. <\/p>\n<ul>\n<li>Schalkragen<\/li>\n<li>Brusttasche<\/li>\n<li>zwei tiefe Seitentaschen<\/li>\n<li>verstellbare Umschlagmanschetten<\/li>\n<li>bequeme, lockere Passform<\/li>\n<li>diskrete Aufh\u00e4ngeschlaufe auf der R\u00fcckseite<\/li>\n<li>langer G\u00fcrtel<\/li>\n<\/ul>\n<p>Materialien und Pflege: \u00c4u\u00dferes: 100% Wolle. Innen: 60% Polyester, 40% Viskose. Professionelle chemische Reinigung.<\/p>\n","protected":false},"excerpt":{"rendered":"<div id=\"short-desc\" class=\"elementor-element elementor-element-15a5692 wd-single-short-desc text-left elementor-widget elementor-widget-wd_single_product_short_description\" data-id=\"15a5692\" data-element_type=\"widget\" data-widget_type=\"wd_single_product_short_description.default\">\n<div class=\"elementor-widget-container\">\n<div class=\"woocommerce-product-details__short-description\">\n<p>Unser Morgenmantel aus weinroter Wolle mit gestreiften Paspeln und einem weichen Futter aus Satin sorgt daf\u00fcr, dass Sie sich auch bei k\u00fchleren Temperaturen wohlf\u00fchlen und stilvoll aussehen. Erh\u00f6hen Sie Ihren Lebensstil zu Hause mit einem Kleidungsst\u00fcck, das \u00fcberragenden Komfort, Eleganz und Zweckm\u00e4\u00dfigkeit vereint.<\/p>\n<\/div>\n<\/div>\n<\/div>\n","protected":false},"featured_media":23159,"comment_status":"open","ping_status":"closed","template":"","meta":[],"product_brand":[],"product_cat":[463,491,994,1211,981],"product_tag":[464,768],"class_list":{"0":"post-26421","1":"product","2":"type-product","3":"status-publish","4":"has-post-thumbnail","6":"product_cat-herren-hausmantel","7":"product_cat-morgenmaentel","8":"product_cat-warme-mantel","9":"product_cat-winter-lounge","10":"product_cat-wolle-bademantel","11":"product_tag-custom-size-de","12":"product_tag-monogram-de","13":"product_shipping_class-auf-bestellung","14":"pa_color-blau","15":"pa_color-rot","16":"pa_color-swatch-weinrot","17":"pa_fabric-content-wolle","18":"pa_fabric-weave-type-flanell","19":"pa_fabric-weight-schwer-und-warm","20":"pa_pattern-einfarbig","21":"pa_size-2xl-de","22":"pa_size-3xl-de","23":"pa_size-4xl-de","24":"pa_size-5xl-de","25":"pa_size-l-de","26":"pa_size-m-de","27":"pa_size-massanfertigung","28":"pa_size-s-de","29":"pa_size-xl-de","30":"pa_size-xs-de","32":"first","33":"instock","34":"taxable","35":"shipping-taxable","36":"purchasable","37":"product-type-simple"},"_links":{"self":[{"href":"https:\/\/baturina-homewear.com\/de\/wp-json\/wp\/v2\/product\/26421","targetHints":{"allow":["GET"]}}],"collection":[{"href":"https:\/\/baturina-homewear.com\/de\/wp-json\/wp\/v2\/product"}],"about":[{"href":"https:\/\/baturina-homewear.com\/de\/wp-json\/wp\/v2\/types\/product"}],"replies":[{"embeddable":true,"href":"https:\/\/baturina-homewear.com\/de\/wp-json\/wp\/v2\/comments?post=26421"}],"version-history":[{"count":9,"href":"https:\/\/baturina-homewear.com\/de\/wp-json\/wp\/v2\/product\/26421\/revisions"}],"predecessor-version":[{"id":76160,"href":"https:\/\/baturina-homewear.com\/de\/wp-json\/wp\/v2\/product\/26421\/revisions\/76160"}],"wp:featuredmedia":[{"embeddable":true,"href":"https:\/\/baturina-homewear.com\/de\/wp-json\/wp\/v2\/media\/23159"}],"wp:attachment":[{"href":"https:\/\/baturina-homewear.com\/de\/wp-json\/wp\/v2\/media?parent=26421"}],"wp:term":[{"taxonomy":"product_brand","embeddable":true,"href":"https:\/\/baturina-homewear.com\/de\/wp-json\/wp\/v2\/product_brand?post=26421"},{"taxonomy":"product_cat","embeddable":true,"href":"https:\/\/baturina-homewear.com\/de\/wp-json\/wp\/v2\/product_cat?post=26421"},{"taxonomy":"product_tag","embeddable":true,"href":"https:\/\/baturina-homewear.com\/de\/wp-json\/wp\/v2\/product_tag?post=26421"}],"curies":[{"name":"wp","href":"https:\/\/api.w.org\/{rel}","templated":true}]}}