{"id":26422,"date":"2022-06-14T18:50:41","date_gmt":"2022-06-14T16:50:41","guid":{"rendered":"https:\/\/baturina-homewear.com\/product\/hausmantel-fuer-maenner-schwarzer-baumwollsamt-fein-gesteppt-mit-silbersatin-kordelpaspel-quasten\/"},"modified":"2026-02-04T09:35:05","modified_gmt":"2026-02-04T08:35:05","slug":"herren-hausmantel-schwarzer-baumwollsamt-fein-abgesteppt-mit-silberner-satin-kordel-paspel-quasten","status":"publish","type":"product","link":"https:\/\/baturina-homewear.com\/de\/produkt\/herren-hausmantel-schwarzer-baumwollsamt-fein-abgesteppt-mit-silberner-satin-kordel-paspel-quasten\/","title":{"rendered":"Hausmantel f\u00fcr M\u00e4nner Schwarzer Baumwollsamt, fein gesteppt mit Silbersatin, Kordelpaspel, Quasten"},"content":{"rendered":"<p>Schwerer, dicker und extra warmer Morgenmantel in Schwarz und Silber. Mit einem feinen, handgesteppten, Besatz aus gleichem Stoff, der mit einer silbernen Kordel Paspel<br \/>\n ist. Es hat eine luxuri\u00f6se, weiche Textur und ist vollst\u00e4ndig mit Satin gef\u00fcttert. Einfach mit dem langen G\u00fcrtel mit Quasten schlie\u00dfen. Wenn Sie auf der Suche nach einem warmen Morgenmantel sind, den Sie bei k\u00fchlen Temperaturen im Haus tragen k\u00f6nnen, ist dieser Morgenmantel perfekt. Alle unsere Designs werden individuell auf Bestellung in unserem Atelier angefertigt und jedes ist das Ergebnis stundenlanger handwerklicher Arbeit. Genie\u00dfen Sie Komfort und Stil in unseren Herren Morgenm\u00e4nteln, Pyjama Sets und Accessoires, hergestellt in Hamburg, Deutschland. <\/p>\n<ul>\n<li>Schalkragen<\/li>\n<li>Brusttasche<\/li>\n<li>zwei tiefe Seitentaschen<\/li>\n<li>verstellbare Umschlagmanschetten<\/li>\n<li>bequeme, lockere Passform<\/li>\n<li>diskrete Aufh\u00e4ngeschlaufe auf der R\u00fcckseite<\/li>\n<li>langer G\u00fcrtel<\/li>\n<\/ul>\n<p>Material und Pflege: Au\u00dfenseite: 100% Baumwolle. Innen: 60% Polyester, 40% Viskose.  Professionelle Reinigung.<\/p>\n","protected":false},"excerpt":{"rendered":"<p>Schwerer, dicker und extra warmer Morgenmantel in Schwarz und Silber. Mit einem feinen, handgesteppten, Besatz aus gleichem Stoff, der mit<\/p>\n","protected":false},"featured_media":20286,"comment_status":"open","ping_status":"closed","template":"","meta":[],"product_brand":[],"product_cat":[463],"product_tag":[464,768],"class_list":{"0":"post-26422","1":"product","2":"type-product","3":"status-publish","4":"has-post-thumbnail","6":"product_cat-herren-hausmantel","7":"product_tag-custom-size-de","8":"product_tag-monogram-de","9":"product_shipping_class-auf-bestellung","10":"pa_color-black-de","11":"pa_color-silber-grau","12":"pa_color-swatch-schwarz","13":"pa_fabric-content-cotton-de","14":"pa_fabric-weave-type-samt","15":"pa_fabric-weight-schwer-und-warm","16":"pa_pattern-einfarbig","17":"pa_size-2xl-de","18":"pa_size-3xl-de","19":"pa_size-4xl-de","20":"pa_size-5xl-de","21":"pa_size-l-de","22":"pa_size-m-de","23":"pa_size-massanfertigung","24":"pa_size-s-de","25":"pa_size-xl-de","26":"pa_size-xs-de","28":"first","29":"instock","30":"taxable","31":"shipping-taxable","32":"purchasable","33":"product-type-simple"},"_links":{"self":[{"href":"https:\/\/baturina-homewear.com\/de\/wp-json\/wp\/v2\/product\/26422","targetHints":{"allow":["GET"]}}],"collection":[{"href":"https:\/\/baturina-homewear.com\/de\/wp-json\/wp\/v2\/product"}],"about":[{"href":"https:\/\/baturina-homewear.com\/de\/wp-json\/wp\/v2\/types\/product"}],"replies":[{"embeddable":true,"href":"https:\/\/baturina-homewear.com\/de\/wp-json\/wp\/v2\/comments?post=26422"}],"version-history":[{"count":2,"href":"https:\/\/baturina-homewear.com\/de\/wp-json\/wp\/v2\/product\/26422\/revisions"}],"predecessor-version":[{"id":75050,"href":"https:\/\/baturina-homewear.com\/de\/wp-json\/wp\/v2\/product\/26422\/revisions\/75050"}],"wp:featuredmedia":[{"embeddable":true,"href":"https:\/\/baturina-homewear.com\/de\/wp-json\/wp\/v2\/media\/20286"}],"wp:attachment":[{"href":"https:\/\/baturina-homewear.com\/de\/wp-json\/wp\/v2\/media?parent=26422"}],"wp:term":[{"taxonomy":"product_brand","embeddable":true,"href":"https:\/\/baturina-homewear.com\/de\/wp-json\/wp\/v2\/product_brand?post=26422"},{"taxonomy":"product_cat","embeddable":true,"href":"https:\/\/baturina-homewear.com\/de\/wp-json\/wp\/v2\/product_cat?post=26422"},{"taxonomy":"product_tag","embeddable":true,"href":"https:\/\/baturina-homewear.com\/de\/wp-json\/wp\/v2\/product_tag?post=26422"}],"curies":[{"name":"wp","href":"https:\/\/api.w.org\/{rel}","templated":true}]}}