{"id":26431,"date":"2022-06-15T17:51:50","date_gmt":"2022-06-15T15:51:50","guid":{"rendered":"https:\/\/baturina-homewear.com\/product\/hausmantel-marineblauer-wollsatin-mit-kordelpaspel\/"},"modified":"2026-03-24T14:01:51","modified_gmt":"2026-03-24T13:01:51","slug":"herren-hausmantel-marine-wolle-satin-mit-kordel-paspel","status":"publish","type":"product","link":"https:\/\/baturina-homewear.com\/de\/produkt\/herren-hausmantel-marine-wolle-satin-mit-kordel-paspel\/","title":{"rendered":"Herren Hausmantel Dunkelblau Wolle"},"content":{"rendered":"<p>Erleben Sie das Nonplusultra an W\u00e4rme und Komfort mit unserem schweren, dicken Morgenmantel aus Wollflanell in Dunkelblau. Der Morgenmantel ist mit einem Besatz aus gleichem Stoff versehen und mit dunkelblauen und wei\u00dfen Kordelpaspeln paspeliert. Das Futter dieses Morgenmantels ist vollst\u00e4ndig mit Satin gef\u00fcttert und verleiht ihm einen zus\u00e4tzlichen Hauch von Luxus. Dieser Morgenmantel eignet sich perfekt zum Entspannen zu Hause, zum Lesen vor dem Kamin oder zum gem\u00fctlichen Morgenkaffee, denn er h\u00e4lt Sie auch bei k\u00fchleren Temperaturen kuschelig und stilvoll. Erh\u00f6hen Sie Ihren Lebensstil zu Hause mit einem Kleidungsst\u00fcck, das h\u00f6chsten Komfort, Eleganz und Zweckm\u00e4\u00dfigkeit vereint.   <\/p>\n<ul>\n<li>Schalkragen<\/li>\n<li>Brusttasche<\/li>\n<li>zwei tiefe Seitentaschen<\/li>\n<li>verstellbare Umschlagmanschetten<\/li>\n<li>bequeme, lockere Passform<\/li>\n<li>diskrete Aufh\u00e4ngeschlaufe auf der R\u00fcckseite<\/li>\n<li>langer G\u00fcrtel<\/li>\n<\/ul>\n<p>Materialien und Pflege: \u00c4u\u00dferes: 100% Wolle. Innen: 60% Polyester, 40% Viskose. Professionelle chemische Reinigung.<\/p>\n","protected":false},"excerpt":{"rendered":"<p>Unser dunkelblauer Morgenmantel aus Wolle mit gestreiften Paspeln und einem weichen Futter aus Satin sorgt daf\u00fcr, dass Sie sich auch bei k\u00fchlen Temperaturen wohlf\u00fchlen und elegant aussehen. Erh\u00f6hen Sie Ihren Lebensstil zu Hause mit einem Kleidungsst\u00fcck, das \u00fcberragenden Komfort, Eleganz und Zweckm\u00e4\u00dfigkeit vereint.<\/p>\n","protected":false},"featured_media":20541,"comment_status":"open","ping_status":"closed","template":"","meta":[],"product_brand":[],"product_cat":[463,491,994,1211,981],"product_tag":[464,768],"class_list":{"0":"post-26431","1":"product","2":"type-product","3":"status-publish","4":"has-post-thumbnail","6":"product_cat-herren-hausmantel","7":"product_cat-morgenmaentel","8":"product_cat-warme-mantel","9":"product_cat-winter-lounge","10":"product_cat-wolle-bademantel","11":"product_tag-custom-size-de","12":"product_tag-monogram-de","13":"product_shipping_class-auf-bestellung","14":"pa_color-blau","15":"pa_color-swatch-marineblau","16":"pa_fabric-content-wolle","17":"pa_fabric-weave-type-flanell","18":"pa_fabric-weight-schwer-und-warm","19":"pa_pattern-einfarbig","20":"pa_size-2xl-de","21":"pa_size-3xl-de","22":"pa_size-4xl-de","23":"pa_size-5xl-de","24":"pa_size-l-de","25":"pa_size-m-de","26":"pa_size-massanfertigung","27":"pa_size-s-de","28":"pa_size-xl-de","29":"pa_size-xs-de","31":"first","32":"instock","33":"taxable","34":"shipping-taxable","35":"purchasable","36":"product-type-simple"},"_links":{"self":[{"href":"https:\/\/baturina-homewear.com\/de\/wp-json\/wp\/v2\/product\/26431","targetHints":{"allow":["GET"]}}],"collection":[{"href":"https:\/\/baturina-homewear.com\/de\/wp-json\/wp\/v2\/product"}],"about":[{"href":"https:\/\/baturina-homewear.com\/de\/wp-json\/wp\/v2\/types\/product"}],"replies":[{"embeddable":true,"href":"https:\/\/baturina-homewear.com\/de\/wp-json\/wp\/v2\/comments?post=26431"}],"version-history":[{"count":11,"href":"https:\/\/baturina-homewear.com\/de\/wp-json\/wp\/v2\/product\/26431\/revisions"}],"predecessor-version":[{"id":73688,"href":"https:\/\/baturina-homewear.com\/de\/wp-json\/wp\/v2\/product\/26431\/revisions\/73688"}],"wp:featuredmedia":[{"embeddable":true,"href":"https:\/\/baturina-homewear.com\/de\/wp-json\/wp\/v2\/media\/20541"}],"wp:attachment":[{"href":"https:\/\/baturina-homewear.com\/de\/wp-json\/wp\/v2\/media?parent=26431"}],"wp:term":[{"taxonomy":"product_brand","embeddable":true,"href":"https:\/\/baturina-homewear.com\/de\/wp-json\/wp\/v2\/product_brand?post=26431"},{"taxonomy":"product_cat","embeddable":true,"href":"https:\/\/baturina-homewear.com\/de\/wp-json\/wp\/v2\/product_cat?post=26431"},{"taxonomy":"product_tag","embeddable":true,"href":"https:\/\/baturina-homewear.com\/de\/wp-json\/wp\/v2\/product_tag?post=26431"}],"curies":[{"name":"wp","href":"https:\/\/api.w.org\/{rel}","templated":true}]}}