{"id":26435,"date":"2022-06-15T17:32:32","date_gmt":"2022-06-15T15:32:32","guid":{"rendered":"https:\/\/baturina-homewear.com\/product\/herren-hausmantel-grau-wolle-schwarz-fein-gesteppter-satin-mit-kordelpaspel\/"},"modified":"2026-01-02T13:59:27","modified_gmt":"2026-01-02T12:59:27","slug":"herren-hausmantel-grau-wolle-schwarz-fein-gesteppter-satin-mit-kordel-paspel","status":"publish","type":"product","link":"https:\/\/baturina-homewear.com\/de\/produkt\/herren-hausmantel-grau-wolle-schwarz-fein-gesteppter-satin-mit-kordel-paspel\/","title":{"rendered":"Herren Hausmantel Graue Wolle Schwarz Fein gesteppter Satin mit Kordelpaspeln"},"content":{"rendered":"<p>Schwerer, dicker und besonders warmer Morgenmantel aus Wollflanell in Schwarz und Grau. Mit einem fein gesteppten, handgen\u00e4hten Satin Besatz, der mit dunkelblau-wei\u00df gestreiften Paspeln aus Kordel versehen ist. Vollst\u00e4ndig mit Satin gef\u00fcttert. Wenn Sie auf der Suche nach einem warmen Morgenmantel sind, den Sie bei k\u00fchlen Temperaturen im Haus tragen k\u00f6nnen, ist dieser Morgenmantel perfekt.<\/p>\n<ul>\n<li>Schalkragen<\/li>\n<li>Brusttasche<\/li>\n<li>zwei tiefe Seitentaschen<\/li>\n<li>verstellbare Umschlagmanschetten<\/li>\n<li>bequeme, lockere Passform<\/li>\n<li>diskrete Aufh\u00e4ngeschlaufe auf der R\u00fcckseite<\/li>\n<li>langer G\u00fcrtel<\/li>\n<\/ul>\n<p>Material und Pflege: 60% Wolle, 20% Polyester, 20% Viskose. Professionelle chemische Reinigung.<\/p>\n","protected":false},"excerpt":{"rendered":"<p>Schwerer, dicker und besonders warmer Morgenmantel aus Wollflanell in Schwarz und Grau. Mit einem fein gesteppten, handgen\u00e4hten Satin Besatz, der<\/p>\n","protected":false},"featured_media":20510,"comment_status":"open","ping_status":"closed","template":"","meta":[],"product_brand":[],"product_cat":[463,491,994,981],"product_tag":[464,768],"class_list":{"0":"post-26435","1":"product","2":"type-product","3":"status-publish","4":"has-post-thumbnail","6":"product_cat-herren-hausmantel","7":"product_cat-morgenmaentel","8":"product_cat-warme-mantel","9":"product_cat-wolle-bademantel","10":"product_tag-custom-size-de","11":"product_tag-monogram-de","12":"product_shipping_class-auf-bestellung","13":"pa_color-black-de","14":"pa_color-silber-grau","15":"pa_color-swatch-grau","16":"pa_fabric-content-wolle","17":"pa_fabric-weave-type-flanell","18":"pa_fabric-weight-schwer-und-warm","19":"pa_pattern-einfarbig","20":"pa_size-2xl-de","21":"pa_size-3xl-de","22":"pa_size-4xl-de","23":"pa_size-5xl-de","24":"pa_size-l-de","25":"pa_size-m-de","26":"pa_size-massanfertigung","27":"pa_size-s-de","28":"pa_size-xl-de","29":"pa_size-xs-de","31":"first","32":"instock","33":"taxable","34":"shipping-taxable","35":"purchasable","36":"product-type-simple"},"_links":{"self":[{"href":"https:\/\/baturina-homewear.com\/de\/wp-json\/wp\/v2\/product\/26435","targetHints":{"allow":["GET"]}}],"collection":[{"href":"https:\/\/baturina-homewear.com\/de\/wp-json\/wp\/v2\/product"}],"about":[{"href":"https:\/\/baturina-homewear.com\/de\/wp-json\/wp\/v2\/types\/product"}],"replies":[{"embeddable":true,"href":"https:\/\/baturina-homewear.com\/de\/wp-json\/wp\/v2\/comments?post=26435"}],"version-history":[{"count":5,"href":"https:\/\/baturina-homewear.com\/de\/wp-json\/wp\/v2\/product\/26435\/revisions"}],"predecessor-version":[{"id":76158,"href":"https:\/\/baturina-homewear.com\/de\/wp-json\/wp\/v2\/product\/26435\/revisions\/76158"}],"wp:featuredmedia":[{"embeddable":true,"href":"https:\/\/baturina-homewear.com\/de\/wp-json\/wp\/v2\/media\/20510"}],"wp:attachment":[{"href":"https:\/\/baturina-homewear.com\/de\/wp-json\/wp\/v2\/media?parent=26435"}],"wp:term":[{"taxonomy":"product_brand","embeddable":true,"href":"https:\/\/baturina-homewear.com\/de\/wp-json\/wp\/v2\/product_brand?post=26435"},{"taxonomy":"product_cat","embeddable":true,"href":"https:\/\/baturina-homewear.com\/de\/wp-json\/wp\/v2\/product_cat?post=26435"},{"taxonomy":"product_tag","embeddable":true,"href":"https:\/\/baturina-homewear.com\/de\/wp-json\/wp\/v2\/product_tag?post=26435"}],"curies":[{"name":"wp","href":"https:\/\/api.w.org\/{rel}","templated":true}]}}