{"id":26444,"date":"2022-06-15T17:30:12","date_gmt":"2022-06-15T15:30:12","guid":{"rendered":"https:\/\/baturina-homewear.com\/product\/hausmantel-marineblau-feiner-gesteppter-satin-mit-kordelpaspelierung\/"},"modified":"2026-01-02T13:59:11","modified_gmt":"2026-01-02T12:59:11","slug":"herren-hausmantel-marine-wolle-feinstepp-satin-mit-kordel-paspel","status":"publish","type":"product","link":"https:\/\/baturina-homewear.com\/de\/produkt\/herren-hausmantel-marine-wolle-feinstepp-satin-mit-kordel-paspel\/","title":{"rendered":"Herren Hausmantel Dunkelblau Wolle gesteppt"},"content":{"rendered":"<p>Schwerer, dicker und besonders warmer Morgenmantel aus Wollflanell in Dunkelblau. Mit einem fein gesteppten, handgen\u00e4hten Satin Besatz, der mit dunkelblau-wei\u00df gestreiften Paspeln aus Kordel versehen ist. Vollst\u00e4ndig mit Satin gef\u00fcttert. Wenn Sie auf der Suche nach einem warmen Morgenmantel sind, den Sie bei k\u00fchlen Temperaturen im Haus tragen k\u00f6nnen, ist dieser Morgenmantel perfekt. Alle unsere Designs werden individuell auf Bestellung in unserem Atelier angefertigt und jedes ist das Ergebnis stundenlanger handwerklicher Arbeit. Genie\u00dfen Sie Komfort und Stil in unseren Herren Morgenm\u00e4nteln, Pyjama Sets und Accessoires, hergestellt in Hamburg, Deutschland. <\/p>\n<ul>\n<li>Schalkragen<\/li>\n<li>Brusttasche<\/li>\n<li>zwei tiefe Seitentaschen<\/li>\n<li>verstellbare Umschlagmanschetten<\/li>\n<li>bequeme, lockere Passform<\/li>\n<li>diskrete Aufh\u00e4ngeschlaufe auf der R\u00fcckseite<\/li>\n<li>langer G\u00fcrtel<\/li>\n<\/ul>\n<p>Material und Pflege: 60% Wolle, 20% Polyester, 20% Viskose. Professionelle chemische Reinigung.<\/p>\n","protected":false},"excerpt":{"rendered":"<div id=\"short-desc\" class=\"elementor-element elementor-element-15a5692 wd-single-short-desc text-left elementor-widget elementor-widget-wd_single_product_short_description\" data-id=\"15a5692\" data-element_type=\"widget\" data-widget_type=\"wd_single_product_short_description.default\">\n<div class=\"elementor-widget-container\">\n<div class=\"woocommerce-product-details__short-description\">\n<p>Unsere Morgenm\u00e4ntel aus gesteppter Wolle mit gestreiftem Paspel und geschmeidigem Satinfutter halten Sie auch bei k\u00fchleren Temperaturen kuschelig und stilvoll. Erh\u00f6hen Sie Ihren Lebensstil zu Hause mit einem Kleidungsst\u00fcck, das \u00fcberragenden Komfort, Eleganz und Zweckm\u00e4\u00dfigkeit vereint.<\/p>\n<\/div>\n<\/div>\n<\/div>\n<div class=\"elementor-element elementor-element-6ed5340 elementor-widget__width-initial wd-single-action-btn wd-single-size-guide-btn text-left elementor-widget elementor-widget-wd_single_product_size_guide_button\" data-id=\"6ed5340\" data-element_type=\"widget\" data-widget_type=\"wd_single_product_size_guide_button.default\">\n<div class=\"elementor-widget-container\">\n<div class=\"wd-sizeguide-btn wd-action-btn wd-sizeguide-icon wd-style-text\"><\/div>\n<\/div>\n<\/div>\n","protected":false},"featured_media":20514,"comment_status":"open","ping_status":"closed","template":"","meta":[],"product_brand":[],"product_cat":[463,491,994,981],"product_tag":[464,768],"class_list":{"0":"post-26444","1":"product","2":"type-product","3":"status-publish","4":"has-post-thumbnail","6":"product_cat-herren-hausmantel","7":"product_cat-morgenmaentel","8":"product_cat-warme-mantel","9":"product_cat-wolle-bademantel","10":"product_tag-custom-size-de","11":"product_tag-monogram-de","12":"product_shipping_class-auf-bestellung","13":"pa_color-blau","14":"pa_color-swatch-marineblau","15":"pa_fabric-content-wolle","16":"pa_fabric-weave-type-flanell","17":"pa_fabric-weight-schwer-und-warm","18":"pa_pattern-einfarbig","19":"pa_size-2xl-de","20":"pa_size-3xl-de","21":"pa_size-4xl-de","22":"pa_size-5xl-de","23":"pa_size-l-de","24":"pa_size-m-de","25":"pa_size-massanfertigung","26":"pa_size-s-de","27":"pa_size-xl-de","28":"pa_size-xs-de","30":"first","31":"instock","32":"taxable","33":"shipping-taxable","34":"purchasable","35":"product-type-simple"},"_links":{"self":[{"href":"https:\/\/baturina-homewear.com\/de\/wp-json\/wp\/v2\/product\/26444","targetHints":{"allow":["GET"]}}],"collection":[{"href":"https:\/\/baturina-homewear.com\/de\/wp-json\/wp\/v2\/product"}],"about":[{"href":"https:\/\/baturina-homewear.com\/de\/wp-json\/wp\/v2\/types\/product"}],"replies":[{"embeddable":true,"href":"https:\/\/baturina-homewear.com\/de\/wp-json\/wp\/v2\/comments?post=26444"}],"version-history":[{"count":8,"href":"https:\/\/baturina-homewear.com\/de\/wp-json\/wp\/v2\/product\/26444\/revisions"}],"predecessor-version":[{"id":76157,"href":"https:\/\/baturina-homewear.com\/de\/wp-json\/wp\/v2\/product\/26444\/revisions\/76157"}],"wp:featuredmedia":[{"embeddable":true,"href":"https:\/\/baturina-homewear.com\/de\/wp-json\/wp\/v2\/media\/20514"}],"wp:attachment":[{"href":"https:\/\/baturina-homewear.com\/de\/wp-json\/wp\/v2\/media?parent=26444"}],"wp:term":[{"taxonomy":"product_brand","embeddable":true,"href":"https:\/\/baturina-homewear.com\/de\/wp-json\/wp\/v2\/product_brand?post=26444"},{"taxonomy":"product_cat","embeddable":true,"href":"https:\/\/baturina-homewear.com\/de\/wp-json\/wp\/v2\/product_cat?post=26444"},{"taxonomy":"product_tag","embeddable":true,"href":"https:\/\/baturina-homewear.com\/de\/wp-json\/wp\/v2\/product_tag?post=26444"}],"curies":[{"name":"wp","href":"https:\/\/api.w.org\/{rel}","templated":true}]}}