{"id":26446,"date":"2022-06-14T20:32:12","date_gmt":"2022-06-14T18:32:12","guid":{"rendered":"https:\/\/baturina-homewear.com\/product\/hausmantel-navy-schwarzer-baumwollsamt-fein-gesteppt-mit-goldsatin-kordelpaspel-quasten\/"},"modified":"2026-02-04T09:35:08","modified_gmt":"2026-02-04T08:35:08","slug":"herren-hausmantel-marine-schwarzer-baumwollsamt-fein-gesteppt-mit-goldenen-satin-kordel-paspeln-quasten","status":"publish","type":"product","link":"https:\/\/baturina-homewear.com\/de\/produkt\/herren-hausmantel-marine-schwarzer-baumwollsamt-fein-gesteppt-mit-goldenen-satin-kordel-paspeln-quasten\/","title":{"rendered":"Herren Hausmantel Dunkelblau Schwarz Gold Samt"},"content":{"rendered":"<p>Schwerer, dicker und besonders warmer Morgenmantel aus Baumwollsamt in Schwarz und Gold. Mit fein gestepptem, handgen\u00e4htem Besatz aus gleichem Stoff, abgeschlossen mit Kordelpaspel. Es hat eine luxuri\u00f6se, weiche Textur und ist vollst\u00e4ndig mit Satin gef\u00fcttert. Einfach mit dem langen G\u00fcrtel mit Quasten schlie\u00dfen. Wenn Sie auf der Suche nach einem warmen Morgenmantel sind, den Sie bei k\u00fchlen Temperaturen im Haus tragen k\u00f6nnen, ist dieser Morgenmantel perfekt. Alle unsere Designs werden individuell auf Bestellung in unserem Atelier angefertigt und jedes ist das Ergebnis stundenlanger handwerklicher Arbeit. Genie\u00dfen Sie Komfort und Stil in unseren Herren Morgenm\u00e4nteln, Pyjama Sets und Accessoires, hergestellt in Hamburg, Deutschland. <\/p>\n<ul>\n<li>Schalkragen<\/li>\n<li>Brusttasche<\/li>\n<li>zwei tiefe Seitentaschen<\/li>\n<li>verstellbare Umschlagmanschetten<\/li>\n<li>bequeme, lockere Passform<\/li>\n<li>diskrete Aufh\u00e4ngeschlaufe auf der R\u00fcckseite<\/li>\n<li>langer G\u00fcrtel<\/li>\n<\/ul>\n<p>Material und Pflege: Au\u00dfenseite: 100% Baumwolle. Innen: 60% Polyester, 40% Viskose.  Professionelle Reinigung.<\/p>\n","protected":false},"excerpt":{"rendered":"<p>Erleben Sie den Inbegriff von Luxus und Komfort mit unserem beliebtesten Morgenmantel: dem dunkelblauen und schwarzen Samtmantel mit goldenen Details. Dieser exquisite Morgenmantel ist aus feinster Baumwolle gefertigt und mit unseren charakteristischen, fein gesteppten N\u00e4hten versehen.<\/p>\n","protected":false},"featured_media":61053,"comment_status":"open","ping_status":"closed","template":"","meta":[],"product_brand":[],"product_cat":[463,980,994],"product_tag":[464,768],"class_list":{"0":"post-26446","1":"product","2":"type-product","3":"status-publish","4":"has-post-thumbnail","6":"product_cat-herren-hausmantel","7":"product_cat-samt-bademantel","8":"product_cat-warme-mantel","9":"product_tag-custom-size-de","10":"product_tag-monogram-de","11":"product_shipping_class-auf-bestellung","12":"pa_color-blau","13":"pa_color-gold-de","14":"pa_color-black-de","15":"pa_color-swatch-marineblau","16":"pa_fabric-content-cotton-de","17":"pa_fabric-weave-type-samt","18":"pa_fabric-weight-schwer-und-warm","19":"pa_pattern-einfarbig","20":"pa_size-2xl-de","21":"pa_size-3xl-de","22":"pa_size-4xl-de","23":"pa_size-5xl-de","24":"pa_size-l-de","25":"pa_size-m-de","26":"pa_size-massanfertigung","27":"pa_size-s-de","28":"pa_size-xl-de","29":"pa_size-xs-de","31":"first","32":"instock","33":"taxable","34":"shipping-taxable","35":"purchasable","36":"product-type-simple"},"_links":{"self":[{"href":"https:\/\/baturina-homewear.com\/de\/wp-json\/wp\/v2\/product\/26446","targetHints":{"allow":["GET"]}}],"collection":[{"href":"https:\/\/baturina-homewear.com\/de\/wp-json\/wp\/v2\/product"}],"about":[{"href":"https:\/\/baturina-homewear.com\/de\/wp-json\/wp\/v2\/types\/product"}],"replies":[{"embeddable":true,"href":"https:\/\/baturina-homewear.com\/de\/wp-json\/wp\/v2\/comments?post=26446"}],"version-history":[{"count":10,"href":"https:\/\/baturina-homewear.com\/de\/wp-json\/wp\/v2\/product\/26446\/revisions"}],"predecessor-version":[{"id":76651,"href":"https:\/\/baturina-homewear.com\/de\/wp-json\/wp\/v2\/product\/26446\/revisions\/76651"}],"wp:featuredmedia":[{"embeddable":true,"href":"https:\/\/baturina-homewear.com\/de\/wp-json\/wp\/v2\/media\/61053"}],"wp:attachment":[{"href":"https:\/\/baturina-homewear.com\/de\/wp-json\/wp\/v2\/media?parent=26446"}],"wp:term":[{"taxonomy":"product_brand","embeddable":true,"href":"https:\/\/baturina-homewear.com\/de\/wp-json\/wp\/v2\/product_brand?post=26446"},{"taxonomy":"product_cat","embeddable":true,"href":"https:\/\/baturina-homewear.com\/de\/wp-json\/wp\/v2\/product_cat?post=26446"},{"taxonomy":"product_tag","embeddable":true,"href":"https:\/\/baturina-homewear.com\/de\/wp-json\/wp\/v2\/product_tag?post=26446"}],"curies":[{"name":"wp","href":"https:\/\/api.w.org\/{rel}","templated":true}]}}