{"id":26449,"date":"2022-06-13T12:22:39","date_gmt":"2022-06-13T12:22:39","guid":{"rendered":"https:\/\/baturina-homewear.com\/product\/herren-hausmantel-paisley-antik-gold-dunkelblau-fein-gesteppt\/"},"modified":"2025-09-24T12:11:29","modified_gmt":"2025-09-24T10:11:29","slug":"herren-hausmantel-paisley-antik-gold-dunkelblau-fein-gesteppt","status":"publish","type":"product","link":"https:\/\/baturina-homewear.com\/de\/produkt\/herren-hausmantel-paisley-antik-gold-dunkelblau-fein-gesteppt\/","title":{"rendered":"Herren Hausmantel Paisley Antik Gold Dunkelblau Fein gesteppt"},"content":{"rendered":"<p>Luxuri\u00f6ser, leichter Morgenmantel aus atemberaubendem Paisley-Jacquard und farbintensivem Satin in Altgold und Dunkelblau. Es hat einen atemberaubenden irisierenden Glanz und ist mit einem feinen, gesteppten und mit Paspeln eingefassten Rand versehen. Dieser Morgenmantel mit Paisleymuster f\u00fcr M\u00e4nner hat eine luxuri\u00f6se, glatte Webstruktur und ist vollst\u00e4ndig mit Satin gef\u00fcttert. Einfach mit dem langen G\u00fcrtel befestigen. Wenn Sie einen leichten Morgenmantel aus Seide f\u00fcr das ganze Jahr suchen, ist dieses gesteppte Design mit Paisleymuster genau das Richtige f\u00fcr Sie. Alle unsere Designs werden individuell auf Bestellung in unserem Atelier angefertigt und jedes ist das Ergebnis stundenlanger handwerklicher Arbeit. Genie\u00dfen Sie Komfort und Stil in unseren Herren Morgenm\u00e4nteln, Pyjama Sets und Accessoires, hergestellt in Hamburg, Deutschland. <\/p>\n<ul>\n<li>Schalkragen<\/li>\n<li>Brusttasche<\/li>\n<li>zwei tiefe Seitentaschen<\/li>\n<li>verstellbare Umschlagmanschetten<\/li>\n<li>bequeme, lockere Passform<\/li>\n<li>diskrete Aufh\u00e4ngeschlaufe auf der R\u00fcckseite<\/li>\n<li>langer G\u00fcrtel<\/li>\n<li>leichter und d\u00fcnner Morgenmantel, eine Gr\u00f6\u00dfe M wiegt etwa 700g (1 lbs)<\/li>\n<\/ul>\n<p>Material und Pflege: 60% Polyester, 40% Viskose. Separate Maschinenw\u00e4sche bei 30\u00b0C, nicht im Trockner trocknen, B\u00fcgeln bei niedriger Hitze. <\/p>\n<p>Das Model ist 185 cm gro\u00df und tr\u00e4gt die Gr\u00f6\u00dfe M.<\/p>\n","protected":false},"excerpt":{"rendered":"<p>Luxuri\u00f6ser, leichter Morgenmantel aus atemberaubendem Paisley-Jacquard und farbintensivem Satin in Altgold und Dunkelblau.<\/p>\n","protected":false},"featured_media":45503,"comment_status":"open","ping_status":"closed","template":"","meta":[],"product_brand":[],"product_cat":[463,491,979],"product_tag":[464,768],"class_list":{"0":"post-26449","1":"product","2":"type-product","3":"status-publish","4":"has-post-thumbnail","6":"product_cat-herren-hausmantel","7":"product_cat-morgenmaentel","8":"product_cat-paisley-bademantel","9":"product_tag-custom-size-de","10":"product_tag-monogram-de","11":"product_shipping_class-auf-bestellung","12":"pa_color-blau","13":"pa_color-gold-de","14":"pa_color-swatch-blau-grau","15":"pa_fabric-content-polyester-viscose-mix-de","16":"pa_fabric-weave-type-jacquard-de","17":"pa_fabric-weight-lightweight-de","18":"pa_pattern-paisley-de","19":"pa_size-2xl-de","20":"pa_size-3xl-de","21":"pa_size-4xl-de","22":"pa_size-5xl-de","23":"pa_size-l-de","24":"pa_size-m-de","25":"pa_size-massanfertigung","26":"pa_size-s-de","27":"pa_size-xl-de","28":"pa_size-xs-de","30":"first","31":"instock","32":"taxable","33":"shipping-taxable","34":"purchasable","35":"product-type-simple"},"_links":{"self":[{"href":"https:\/\/baturina-homewear.com\/de\/wp-json\/wp\/v2\/product\/26449","targetHints":{"allow":["GET"]}}],"collection":[{"href":"https:\/\/baturina-homewear.com\/de\/wp-json\/wp\/v2\/product"}],"about":[{"href":"https:\/\/baturina-homewear.com\/de\/wp-json\/wp\/v2\/types\/product"}],"replies":[{"embeddable":true,"href":"https:\/\/baturina-homewear.com\/de\/wp-json\/wp\/v2\/comments?post=26449"}],"version-history":[{"count":9,"href":"https:\/\/baturina-homewear.com\/de\/wp-json\/wp\/v2\/product\/26449\/revisions"}],"predecessor-version":[{"id":76101,"href":"https:\/\/baturina-homewear.com\/de\/wp-json\/wp\/v2\/product\/26449\/revisions\/76101"}],"wp:featuredmedia":[{"embeddable":true,"href":"https:\/\/baturina-homewear.com\/de\/wp-json\/wp\/v2\/media\/45503"}],"wp:attachment":[{"href":"https:\/\/baturina-homewear.com\/de\/wp-json\/wp\/v2\/media?parent=26449"}],"wp:term":[{"taxonomy":"product_brand","embeddable":true,"href":"https:\/\/baturina-homewear.com\/de\/wp-json\/wp\/v2\/product_brand?post=26449"},{"taxonomy":"product_cat","embeddable":true,"href":"https:\/\/baturina-homewear.com\/de\/wp-json\/wp\/v2\/product_cat?post=26449"},{"taxonomy":"product_tag","embeddable":true,"href":"https:\/\/baturina-homewear.com\/de\/wp-json\/wp\/v2\/product_tag?post=26449"}],"curies":[{"name":"wp","href":"https:\/\/api.w.org\/{rel}","templated":true}]}}