{"id":26452,"date":"2022-06-15T15:06:08","date_gmt":"2022-06-15T13:06:08","guid":{"rendered":"https:\/\/baturina-homewear.com\/product\/herren-hausmantel-gruen-floral-chenille-baumwolle-schwarz-gesteppt-satin-mit-gold-quasten\/"},"modified":"2024-11-25T11:27:44","modified_gmt":"2024-11-25T10:27:44","slug":"herren-hausmantel-grun-blumen-samt-schwarz-gesteppter-satin-mit-goldenen-quasten","status":"publish","type":"product","link":"https:\/\/baturina-homewear.com\/de\/produkt\/herren-hausmantel-grun-blumen-samt-schwarz-gesteppter-satin-mit-goldenen-quasten\/","title":{"rendered":"Herren Hausmantel Gr\u00fcn Floral Chenille Baumwolle Schwarz Gesteppt Satin mit Gold Quasten"},"content":{"rendered":"<p>Das florale Ornament dieser luxuri\u00f6sen Morgenmantel im Vintage-Stil ist der Inbegriff von Luxus und zeitloser Eleganz. Die Farbgebung ist in kr\u00e4ftigen Gr\u00fcn-, Gold- und Schwarzt\u00f6nen gehalten. Das Design ist mit einer gro\u00dfen, handgesteppten Satinbesatz mit Paspel<br \/>\n versehen. Es ist vollst\u00e4ndig mit Satin gef\u00fcttert. Einfach mit dem langen G\u00fcrtel zu schlie\u00dfen. Wenn Sie auf der Suche nach einem mittelwarmen Morgenmantel sind, der weder zu leicht noch zu schwer ist, dann ist dies die richtige Wahl f\u00fcr ganzj\u00e4hrigen Komfort und Stil. Alle unsere Designs werden individuell auf Bestellung in unserem Atelier hergestellt und sind das Ergebnis stundenlanger handwerklicher Arbeit. Genie\u00dfen Sie Komfort und Stil in unseren Morgenmantel, Pyjama-Sets und Accessoires, hergestellt in Hamburg, Deutschland.<\/p>\n<ul>\n<li>Schalkragen<\/li>\n<li>Brusttasche<\/li>\n<li>zwei tiefe Seitentaschen<\/li>\n<li>verstellbare Umschlagmanschetten<\/li>\n<li>bequeme, lockere Passform<\/li>\n<li>diskrete Aufh\u00e4ngeschlaufe auf der R\u00fcckseite<\/li>\n<li>lange G\u00fcrtel<\/li>\n<li>L\u00e4nge des Morgenmantels 125 cm<\/li>\n<\/ul>\n<p>Material und Pflege: 60% Baumwolle, 20% Polyester, 20% Viskose. Separate Maschinenw\u00e4sche bei 30\u00b0C, nicht im Trockner trocknen, B\u00fcgeln bei niedriger Hitze.<\/p>\n","protected":false},"excerpt":{"rendered":"<p>Das florale Ornament dieser luxuri\u00f6sen Morgenmantel im Vintage-Stil ist der Inbegriff von Luxus und zeitloser Eleganz. Die Farbgebung ist in<\/p>\n","protected":false},"featured_media":20498,"comment_status":"open","ping_status":"closed","template":"","meta":[],"product_brand":[],"product_cat":[463],"product_tag":[],"class_list":{"0":"post-26452","1":"product","2":"type-product","3":"status-publish","4":"has-post-thumbnail","6":"product_cat-herren-hausmantel","7":"pa_color-gold-de","8":"pa_color-green-de","9":"pa_color-black-de","10":"pa_fabric-content-cotton-de","11":"pa_fabric-weave-type-chenille-de","12":"pa_fabric-weight-regular-de","13":"pa_pattern-blumen","14":"pa_size-s-de","16":"first","17":"outofstock","18":"sale","19":"taxable","20":"shipping-taxable","21":"purchasable","22":"product-type-variable"},"_links":{"self":[{"href":"https:\/\/baturina-homewear.com\/de\/wp-json\/wp\/v2\/product\/26452","targetHints":{"allow":["GET"]}}],"collection":[{"href":"https:\/\/baturina-homewear.com\/de\/wp-json\/wp\/v2\/product"}],"about":[{"href":"https:\/\/baturina-homewear.com\/de\/wp-json\/wp\/v2\/types\/product"}],"replies":[{"embeddable":true,"href":"https:\/\/baturina-homewear.com\/de\/wp-json\/wp\/v2\/comments?post=26452"}],"version-history":[{"count":2,"href":"https:\/\/baturina-homewear.com\/de\/wp-json\/wp\/v2\/product\/26452\/revisions"}],"predecessor-version":[{"id":55763,"href":"https:\/\/baturina-homewear.com\/de\/wp-json\/wp\/v2\/product\/26452\/revisions\/55763"}],"wp:featuredmedia":[{"embeddable":true,"href":"https:\/\/baturina-homewear.com\/de\/wp-json\/wp\/v2\/media\/20498"}],"wp:attachment":[{"href":"https:\/\/baturina-homewear.com\/de\/wp-json\/wp\/v2\/media?parent=26452"}],"wp:term":[{"taxonomy":"product_brand","embeddable":true,"href":"https:\/\/baturina-homewear.com\/de\/wp-json\/wp\/v2\/product_brand?post=26452"},{"taxonomy":"product_cat","embeddable":true,"href":"https:\/\/baturina-homewear.com\/de\/wp-json\/wp\/v2\/product_cat?post=26452"},{"taxonomy":"product_tag","embeddable":true,"href":"https:\/\/baturina-homewear.com\/de\/wp-json\/wp\/v2\/product_tag?post=26452"}],"curies":[{"name":"wp","href":"https:\/\/api.w.org\/{rel}","templated":true}]}}