{"id":26457,"date":"2022-06-15T17:41:56","date_gmt":"2022-06-15T15:41:56","guid":{"rendered":"https:\/\/baturina-homewear.com\/product\/herren-hausmantel-kamelbraun-wolle-marineblau-satin-mit-kordelpaspel\/"},"modified":"2026-03-24T14:01:48","modified_gmt":"2026-03-24T13:01:48","slug":"herren-hausmantel-camel-braun-woll-navy-satin-mit-kordel-piping","status":"publish","type":"product","link":"https:\/\/baturina-homewear.com\/de\/produkt\/herren-hausmantel-camel-braun-woll-navy-satin-mit-kordel-piping\/","title":{"rendered":"Herren Hausmantel Kamelbraun Wolle"},"content":{"rendered":"<h2 data-start=\"372\" data-end=\"425\">A Gentleman&#8217;s Essential f\u00fcr Freizeit und Verm\u00e4chtnis<\/h2>\n<p>Schwerer, dicker und besonders warmer Morgenmantel aus Wollflanell in Kamelbraun und Dunkelblau. Mit einem Besatz aus gleichem Stoff, der mit einer dunkelblau-wei\u00df gestreiften Kordelpaspel versehen ist. Vollst\u00e4ndig mit Satin gef\u00fcttert. Wenn Sie auf der Suche nach einem warmen Morgenmantel sind, den Sie bei k\u00fchlen Temperaturen im Haus tragen k\u00f6nnen, ist dieser Morgenmantel perfekt. Alle unsere Designs werden individuell auf Bestellung in unserem Atelier angefertigt und jedes ist das Ergebnis stundenlanger handwerklicher Arbeit. Genie\u00dfen Sie Komfort und Stil in unseren Herren Morgenm\u00e4nteln, Pyjama Sets und Accessoires, hergestellt in Hamburg, Deutschland. <\/p>\n<p>Schl\u00fcpfen Sie einfach in diesen warmen und eleganten Morgenmantel f\u00fcr Ihre privaten Stunden. Das gef\u00fctterte Futter aus Satin ist nicht nur luxuri\u00f6s, sondern auch \u00e4u\u00dferst praktisch &#8211; so k\u00f6nnen Sie m\u00fchelos in den Morgenmantel schl\u00fcpfen, auch \u00fcber Hemden oder Loungewear. Aus OEKO-TEX\u00ae-zertifiziertem Polyester gefertigt, ist er besonders strapazierf\u00e4hig und so konzipiert, dass er regelm\u00e4\u00dfigem Tragen standh\u00e4lt, ohne seine elegante Oberfl\u00e4che zu verlieren.  <\/p>\n<p>Dieser Morgenmantel eignet sich perfekt zum Entspannen zu Hause, zum Lesen vor dem Kamin oder zum gem\u00fctlichen Morgenkaffee, denn er h\u00e4lt Sie auch bei k\u00fchlen Temperaturen kuschelig und stilvoll. Erh\u00f6hen Sie Ihren Lebensstil zu Hause mit einem Kleidungsst\u00fcck, das \u00fcberragenden Komfort, Eleganz und Zweckm\u00e4\u00dfigkeit vereint.<\/p>\n<p><strong>Einzelheiten:<\/strong><\/p>\n<ul>\n<li>Schalkragen<\/li>\n<li>Brusttasche<\/li>\n<li>zwei tiefe Seitentaschen<\/li>\n<li>verstellbare Umschlagmanschetten<\/li>\n<li>bequeme, lockere Passform<\/li>\n<li>diskrete Aufh\u00e4ngeschlaufe auf der R\u00fcckseite<\/li>\n<li>langer G\u00fcrtel<\/li>\n<\/ul>\n<p><strong>Materialien und Pflege:<\/strong><\/p>\n<ul>\n<li>Au\u00dfen: 100% Wool Flannel, gef\u00e4rbt.<\/li>\n<li>Innen: 100% Polyester, OEKO-TEX\u00ae Standard 100 zertifiziert<\/li>\n<li>Nur professionelle chemische Reinigung<\/li>\n<\/ul>\n","protected":false},"excerpt":{"rendered":"<p>Unser Morgenmantel aus kamelbrauner Wolle mit gestreiften Paspeln und geschmeidigem Futter aus Satin h\u00e4lt Sie auch bei den k\u00e4ltesten Temperaturen kuschelig und stilvoll. Erh\u00f6hen Sie Ihren Lebensstil zu Hause mit einem Kleidungsst\u00fcck, das \u00fcberragenden Komfort, Eleganz und Zweckm\u00e4\u00dfigkeit vereint.<\/p>\n","protected":false},"featured_media":43715,"comment_status":"open","ping_status":"closed","template":"","meta":[],"product_brand":[],"product_cat":[463,491,994,1211,981],"product_tag":[464,768],"class_list":{"0":"post-26457","1":"product","2":"type-product","3":"status-publish","4":"has-post-thumbnail","6":"product_cat-herren-hausmantel","7":"product_cat-morgenmaentel","8":"product_cat-warme-mantel","9":"product_cat-winter-lounge","10":"product_cat-wolle-bademantel","11":"product_tag-custom-size-de","12":"product_tag-monogram-de","13":"product_shipping_class-auf-bestellung","14":"pa_color-braun","15":"pa_color-swatch-kamelbraun","16":"pa_fabric-content-wolle","17":"pa_fabric-weave-type-flanell","18":"pa_fabric-weight-schwer-und-warm","19":"pa_pattern-einfarbig","20":"pa_size-2xl-de","21":"pa_size-3xl-de","22":"pa_size-4xl-de","23":"pa_size-5xl-de","24":"pa_size-l-de","25":"pa_size-m-de","26":"pa_size-massanfertigung","27":"pa_size-s-de","28":"pa_size-xl-de","29":"pa_size-xs-de","31":"first","32":"instock","33":"taxable","34":"shipping-taxable","35":"purchasable","36":"product-type-simple"},"_links":{"self":[{"href":"https:\/\/baturina-homewear.com\/de\/wp-json\/wp\/v2\/product\/26457","targetHints":{"allow":["GET"]}}],"collection":[{"href":"https:\/\/baturina-homewear.com\/de\/wp-json\/wp\/v2\/product"}],"about":[{"href":"https:\/\/baturina-homewear.com\/de\/wp-json\/wp\/v2\/types\/product"}],"replies":[{"embeddable":true,"href":"https:\/\/baturina-homewear.com\/de\/wp-json\/wp\/v2\/comments?post=26457"}],"version-history":[{"count":12,"href":"https:\/\/baturina-homewear.com\/de\/wp-json\/wp\/v2\/product\/26457\/revisions"}],"predecessor-version":[{"id":76161,"href":"https:\/\/baturina-homewear.com\/de\/wp-json\/wp\/v2\/product\/26457\/revisions\/76161"}],"wp:featuredmedia":[{"embeddable":true,"href":"https:\/\/baturina-homewear.com\/de\/wp-json\/wp\/v2\/media\/43715"}],"wp:attachment":[{"href":"https:\/\/baturina-homewear.com\/de\/wp-json\/wp\/v2\/media?parent=26457"}],"wp:term":[{"taxonomy":"product_brand","embeddable":true,"href":"https:\/\/baturina-homewear.com\/de\/wp-json\/wp\/v2\/product_brand?post=26457"},{"taxonomy":"product_cat","embeddable":true,"href":"https:\/\/baturina-homewear.com\/de\/wp-json\/wp\/v2\/product_cat?post=26457"},{"taxonomy":"product_tag","embeddable":true,"href":"https:\/\/baturina-homewear.com\/de\/wp-json\/wp\/v2\/product_tag?post=26457"}],"curies":[{"name":"wp","href":"https:\/\/api.w.org\/{rel}","templated":true}]}}