{"id":26459,"date":"2022-06-13T13:17:34","date_gmt":"2022-06-13T11:17:34","guid":{"rendered":"https:\/\/baturina-homewear.com\/product\/hausmantel-fuer-herren-schwarzer-paisley-jacquard-gesteppter-satin-mit-kordelpaspel-und-quasten\/"},"modified":"2024-06-13T17:01:48","modified_gmt":"2024-06-13T15:01:48","slug":"herren-hausmantel-schwarzer-paisley-jacquard-gesteppter-satin-mit-kordel-paspel-und-quasten","status":"publish","type":"product","link":"https:\/\/baturina-homewear.com\/de\/produkt\/herren-hausmantel-schwarzer-paisley-jacquard-gesteppter-satin-mit-kordel-paspel-und-quasten\/","title":{"rendered":"Hausmantel f\u00fcr Herren Schwarzer Paisley-Jacquard, gesteppter Satin mit Kordelpaspel und Quasten"},"content":{"rendered":"<p>Leichter Schalkragen-Morgenmantel aus atemberaubendem Paisley-Jacquard und farbintensivem Satin in Schwarz. Mit einem gro\u00dfen gesteppten, handgen\u00e4hten Satinbesatz und einer Paspel<br \/>\n. Es hat eine luxuri\u00f6se, glatte Webstruktur und ist vollst\u00e4ndig mit Satin gef\u00fcttert. Einfach mit dem langen G\u00fcrtel zu schlie\u00dfen. Wenn Sie auf der Suche nach einem leichten, seidigen Morgenmantel f\u00fcr das ganze Jahr sind, ist dieses gesteppte Paisleymuster perfekt. Alle unsere Designs werden individuell auf Bestellung in unserem Atelier hergestellt und sind das Ergebnis stundenlanger handwerklicher Arbeit. Genie\u00dfen Sie Komfort und Stil in unseren Morgenmantel, Pyjama-Sets und Accessoires, hergestellt in Hamburg, Deutschland.<\/p>\n<ul>\n<li>Schalkragen<\/li>\n<li>Brusttasche<\/li>\n<li>zwei tiefe Seitentaschen<\/li>\n<li>verstellbare Umschlagmanschetten<\/li>\n<li>bequeme, lockere Passform<\/li>\n<li>diskrete Aufh\u00e4ngeschlaufe auf der R\u00fcckseite<\/li>\n<li>lange G\u00fcrtel<\/li>\n<\/ul>\n<p>Material und Pflege: 60% Polyester, 40% Viskose. Separate Maschinenw\u00e4sche bei 30\u00b0C, nicht im Trockner trocknen, B\u00fcgeln bei niedriger Hitze.<\/p>\n","protected":false},"excerpt":{"rendered":"<p>Leichter Schalkragen-Morgenmantel aus atemberaubendem Paisley-Jacquard und farbintensivem Satin in Schwarz. Mit einem gro\u00dfen gesteppten, handgen\u00e4hten Satinbesatz und einer Paspel .<\/p>\n","protected":false},"featured_media":27954,"comment_status":"open","ping_status":"closed","template":"","meta":[],"product_brand":[],"product_cat":[463],"product_tag":[464],"class_list":{"0":"post-26459","1":"product","2":"type-product","3":"status-publish","4":"has-post-thumbnail","6":"product_cat-herren-hausmantel","7":"product_tag-custom-size-de","8":"pa_color-black-de","9":"pa_fabric-content-polyester-viscose-mix-de","10":"pa_fabric-weave-type-jacquard-de","11":"pa_fabric-weight-lightweight-de","12":"pa_pattern-paisley-de","13":"pa_size-2xl-de","14":"pa_size-3xl-de","15":"pa_size-4xl-de","16":"pa_size-5xl-de","17":"pa_size-l-de","18":"pa_size-m-de","19":"pa_size-massanfertigung","20":"pa_size-s-de","21":"pa_size-xl-de","22":"pa_size-xs-de","24":"first","25":"outofstock","26":"taxable","27":"shipping-taxable","28":"purchasable","29":"product-type-simple"},"_links":{"self":[{"href":"https:\/\/baturina-homewear.com\/de\/wp-json\/wp\/v2\/product\/26459","targetHints":{"allow":["GET"]}}],"collection":[{"href":"https:\/\/baturina-homewear.com\/de\/wp-json\/wp\/v2\/product"}],"about":[{"href":"https:\/\/baturina-homewear.com\/de\/wp-json\/wp\/v2\/types\/product"}],"replies":[{"embeddable":true,"href":"https:\/\/baturina-homewear.com\/de\/wp-json\/wp\/v2\/comments?post=26459"}],"version-history":[{"count":1,"href":"https:\/\/baturina-homewear.com\/de\/wp-json\/wp\/v2\/product\/26459\/revisions"}],"predecessor-version":[{"id":55137,"href":"https:\/\/baturina-homewear.com\/de\/wp-json\/wp\/v2\/product\/26459\/revisions\/55137"}],"wp:featuredmedia":[{"embeddable":true,"href":"https:\/\/baturina-homewear.com\/de\/wp-json\/wp\/v2\/media\/27954"}],"wp:attachment":[{"href":"https:\/\/baturina-homewear.com\/de\/wp-json\/wp\/v2\/media?parent=26459"}],"wp:term":[{"taxonomy":"product_brand","embeddable":true,"href":"https:\/\/baturina-homewear.com\/de\/wp-json\/wp\/v2\/product_brand?post=26459"},{"taxonomy":"product_cat","embeddable":true,"href":"https:\/\/baturina-homewear.com\/de\/wp-json\/wp\/v2\/product_cat?post=26459"},{"taxonomy":"product_tag","embeddable":true,"href":"https:\/\/baturina-homewear.com\/de\/wp-json\/wp\/v2\/product_tag?post=26459"}],"curies":[{"name":"wp","href":"https:\/\/api.w.org\/{rel}","templated":true}]}}